{"id":17639,"date":"2024-12-13T10:23:22","date_gmt":"2024-12-13T08:23:22","guid":{"rendered":"https:\/\/parhaatbileet.fi\/?post_type=product&#038;p=17639"},"modified":"2024-12-14T02:07:00","modified_gmt":"2024-12-14T00:07:00","slug":"pipo","status":"publish","type":"product","link":"https:\/\/www.parhaatbileet.fi\/lippukauppa\/tuote\/pipo\/","title":{"rendered":"Pipo"},"content":{"rendered":"<h2 id=\"pt-headline\">Beanie-pipo<\/h2>\n<div>\n<p>Jo klassikon aseman saavuttanut muodikas p\u00e4\u00e4hine. Tyylik\u00e4s beanie-pipo antaa jokaiselle arkiasulle reilun annoksen rentoa meininki\u00e4. Sopii kaikkina vuodenaikoina \u2013 sis\u00e4ll\u00e4 ja ulkona, niin miehille kuin naisille.<\/p>\n<ul>\n<li>Sile\u00e4\u00e4 joustinneulosta, joka my\u00f6t\u00e4ilee p\u00e4\u00e4n muotoa<\/li>\n<li>Takaa hiukan pidennetty, tyypillinen oversized-malli<\/li>\n<li>Kaksinkertainen jerseykangas: 170 g\/m\u00b2<\/li>\n<li>Materiaali: 63 % polyesteri\u00e4, 32 % puuvillaa, 5 % elastaania<\/li>\n<\/ul>\n<\/div>\n","protected":false},"excerpt":{"rendered":"<p>Rento pipo, yksi koko sopii tai on sopimatta kaikille. Niin sanottu beanie mallinen pipsa, jossa Parhaatbileet.fi logo painettuna. Paras pipo kev\u00e4\u00e4n afterski ja muihin bileisiin. <strong>Tarjoushinta sis\u00e4lt\u00e4\u00e4 toimituskulut.<\/strong><\/p>\n","protected":false},"featured_media":17640,"template":"","meta":{"_tec_requires_first_save":true,"_price":"17","_stock":"19","_tribe_ticket_header":"","_tribe_default_ticket_provider":"","_tribe_ticket_capacity":"20","_ticket_start_date":"","_ticket_end_date":"","_tribe_ticket_show_description":"","_tribe_ticket_show_not_going":false,"_tribe_ticket_use_global_stock":"","_tribe_ticket_global_stock_level":"","_global_stock_mode":"","_global_stock_cap":"","_tribe_rsvp_for_event":"","_tribe_ticket_going_count":"","_tribe_ticket_not_going_count":"","_tribe_tickets_list":"[]","_tribe_ticket_has_attendee_info_fields":false,"_EventAllDay":false,"_EventTimezone":"","_EventStartDate":"","_EventEndDate":"","_EventStartDateUTC":"","_EventEndDateUTC":"","_EventShowMap":false,"_EventShowMapLink":false,"_EventURL":"","_EventCost":"","_EventCostDescription":"","_EventCurrencySymbol":"","_EventCurrencyCode":"","_EventCurrencyPosition":"","_EventDateTimeSeparator":"","_EventTimeRangeSeparator":"","_EventOrganizerID":[],"_EventVenueID":[],"_OrganizerEmail":"","_OrganizerPhone":"","_OrganizerWebsite":"","_VenueAddress":"","_VenueCity":"","_VenueCountry":"","_VenueProvince":"","_VenueState":"","_VenueZip":"","_VenuePhone":"","_VenueURL":"","_VenueStateProvince":"","_VenueLat":"","_VenueLng":"","_VenueShowMap":false,"_VenueShowMapLink":false,"_tribe_blocks_recurrence_rules":"","_tribe_blocks_recurrence_description":"","_tribe_blocks_recurrence_exclusions":"","_tec_slr_enabled":"","_tec_slr_layout":""},"product_brand":[],"product_cat":[32],"product_tag":[799,784,797,798],"class_list":{"0":"post-17639","1":"product","2":"type-product","3":"status-publish","4":"has-post-thumbnail","6":"product_cat-yleinen","7":"product_tag-beanie","8":"product_tag-parhaatbileet-fi","9":"product_tag-pipo","10":"product_tag-verkkokauppa","12":"first","13":"instock","14":"sale","15":"virtual","16":"taxable","17":"purchasable","18":"product-type-simple"},"yoast_head":"<!-- This site is optimized with the Yoast SEO Premium plugin v27.5 (Yoast SEO v27.5) - https:\/\/yoast.com\/product\/yoast-seo-premium-wordpress\/ -->\n<title>Pipo - PARHAATBILEET.FI<\/title>\n<meta name=\"description\" content=\"Pipo parhaatbileet.fi! Rento pipo niin miehille kuin naisille ja kaikille silt\u00e4 v\u00e4lilt\u00e4. Beanie pipo, jossa parhaatbileet.fi logo painettuna. Nyt myynniss\u00e4!\" \/>\n<meta name=\"robots\" content=\"noindex, follow\" \/>\n<meta property=\"og:locale\" content=\"fi_FI\" \/>\n<meta property=\"og:type\" content=\"article\" \/>\n<meta property=\"og:title\" content=\"Pipo\" \/>\n<meta property=\"og:description\" content=\"Pipo parhaatbileet.fi! Rento pipo niin miehille kuin naisille ja kaikille silt\u00e4 v\u00e4lilt\u00e4. Beanie pipo, jossa parhaatbileet.fi logo painettuna. Nyt myynniss\u00e4!\" \/>\n<meta property=\"og:url\" content=\"https:\/\/www.parhaatbileet.fi\/lippukauppa\/tuote\/pipo\/\" \/>\n<meta property=\"og:site_name\" content=\"PARHAATBILEET.FI\" \/>\n<meta property=\"article:modified_time\" content=\"2024-12-14T00:07:00+00:00\" \/>\n<meta property=\"og:image\" content=\"https:\/\/www.parhaatbileet.fi\/lippukauppa\/wp-content\/uploads\/2024\/12\/1.png\" \/>\n\t<meta property=\"og:image:width\" content=\"500\" \/>\n\t<meta property=\"og:image:height\" content=\"500\" \/>\n\t<meta property=\"og:image:type\" content=\"image\/png\" \/>\n<meta name=\"twitter:card\" content=\"summary_large_image\" \/>\n<meta name=\"twitter:label1\" content=\"Arvioitu lukuaika\" \/>\n\t<meta name=\"twitter:data1\" content=\"1 minuutti\" \/>\n<script type=\"application\/ld+json\" class=\"yoast-schema-graph\">{\"@context\":\"https:\\\/\\\/schema.org\",\"@graph\":[{\"@type\":\"WebPage\",\"@id\":\"https:\\\/\\\/www.parhaatbileet.fi\\\/lippukauppa\\\/tuote\\\/pipo\\\/\",\"url\":\"https:\\\/\\\/www.parhaatbileet.fi\\\/lippukauppa\\\/tuote\\\/pipo\\\/\",\"name\":\"Pipo - PARHAATBILEET.FI\",\"isPartOf\":{\"@id\":\"https:\\\/\\\/www.parhaatbileet.fi\\\/lippukauppa\\\/#website\"},\"primaryImageOfPage\":{\"@id\":\"https:\\\/\\\/www.parhaatbileet.fi\\\/lippukauppa\\\/tuote\\\/pipo\\\/#primaryimage\"},\"image\":{\"@id\":\"https:\\\/\\\/www.parhaatbileet.fi\\\/lippukauppa\\\/tuote\\\/pipo\\\/#primaryimage\"},\"thumbnailUrl\":\"https:\\\/\\\/www.parhaatbileet.fi\\\/lippukauppa\\\/wp-content\\\/uploads\\\/2024\\\/12\\\/1.png\",\"datePublished\":\"2024-12-13T08:23:22+00:00\",\"dateModified\":\"2024-12-14T00:07:00+00:00\",\"description\":\"Pipo parhaatbileet.fi! Rento pipo niin miehille kuin naisille ja kaikille silt\u00e4 v\u00e4lilt\u00e4. Beanie pipo, jossa parhaatbileet.fi logo painettuna. Nyt myynniss\u00e4!\",\"breadcrumb\":{\"@id\":\"https:\\\/\\\/www.parhaatbileet.fi\\\/lippukauppa\\\/tuote\\\/pipo\\\/#breadcrumb\"},\"inLanguage\":\"fi\",\"potentialAction\":[{\"@type\":\"ReadAction\",\"target\":[\"https:\\\/\\\/www.parhaatbileet.fi\\\/lippukauppa\\\/tuote\\\/pipo\\\/\"]}]},{\"@type\":\"ImageObject\",\"inLanguage\":\"fi\",\"@id\":\"https:\\\/\\\/www.parhaatbileet.fi\\\/lippukauppa\\\/tuote\\\/pipo\\\/#primaryimage\",\"url\":\"https:\\\/\\\/www.parhaatbileet.fi\\\/lippukauppa\\\/wp-content\\\/uploads\\\/2024\\\/12\\\/1.png\",\"contentUrl\":\"https:\\\/\\\/www.parhaatbileet.fi\\\/lippukauppa\\\/wp-content\\\/uploads\\\/2024\\\/12\\\/1.png\",\"width\":500,\"height\":500,\"caption\":\"Parhaatbileet.fi pipo\"},{\"@type\":\"BreadcrumbList\",\"@id\":\"https:\\\/\\\/www.parhaatbileet.fi\\\/lippukauppa\\\/tuote\\\/pipo\\\/#breadcrumb\",\"itemListElement\":[{\"@type\":\"ListItem\",\"position\":1,\"name\":\"Etusivu\",\"item\":\"https:\\\/\\\/www.parhaatbileet.fi\\\/lippukauppa\\\/\"},{\"@type\":\"ListItem\",\"position\":2,\"name\":\"Kauppa\",\"item\":\"https:\\\/\\\/www.parhaatbileet.fi\\\/lippukauppa\\\/kauppa\\\/\"},{\"@type\":\"ListItem\",\"position\":3,\"name\":\"Pipo\"}]},{\"@type\":\"WebSite\",\"@id\":\"https:\\\/\\\/www.parhaatbileet.fi\\\/lippukauppa\\\/#website\",\"url\":\"https:\\\/\\\/www.parhaatbileet.fi\\\/lippukauppa\\\/\",\"name\":\"Parhaat bileet ja lippukauppa\",\"description\":\"Lippukauppa tapahtumille. J\u00e4rjest\u00e4j\u00e4lle ilmainen.\",\"publisher\":{\"@id\":\"https:\\\/\\\/www.parhaatbileet.fi\\\/lippukauppa\\\/#organization\"},\"potentialAction\":[{\"@type\":\"SearchAction\",\"target\":{\"@type\":\"EntryPoint\",\"urlTemplate\":\"https:\\\/\\\/www.parhaatbileet.fi\\\/lippukauppa\\\/?s={search_term_string}\"},\"query-input\":{\"@type\":\"PropertyValueSpecification\",\"valueRequired\":true,\"valueName\":\"search_term_string\"}}],\"inLanguage\":\"fi\"},{\"@type\":\"Organization\",\"@id\":\"https:\\\/\\\/www.parhaatbileet.fi\\\/lippukauppa\\\/#organization\",\"name\":\"Parhaat bileet\",\"url\":\"https:\\\/\\\/www.parhaatbileet.fi\\\/lippukauppa\\\/\",\"logo\":{\"@type\":\"ImageObject\",\"inLanguage\":\"fi\",\"@id\":\"https:\\\/\\\/www.parhaatbileet.fi\\\/lippukauppa\\\/#\\\/schema\\\/logo\\\/image\\\/\",\"url\":\"https:\\\/\\\/parhaatbileet.fi\\\/lippukauppa\\\/wp-content\\\/uploads\\\/2024\\\/08\\\/parhaat-bileet-dark-logo.png\",\"contentUrl\":\"https:\\\/\\\/parhaatbileet.fi\\\/lippukauppa\\\/wp-content\\\/uploads\\\/2024\\\/08\\\/parhaat-bileet-dark-logo.png\",\"width\":1500,\"height\":500,\"caption\":\"Parhaat bileet\"},\"image\":{\"@id\":\"https:\\\/\\\/www.parhaatbileet.fi\\\/lippukauppa\\\/#\\\/schema\\\/logo\\\/image\\\/\"}}]}<\/script>\n<!-- \/ Yoast SEO Premium plugin. -->","yoast_head_json":{"title":"Pipo - PARHAATBILEET.FI","description":"Pipo parhaatbileet.fi! Rento pipo niin miehille kuin naisille ja kaikille silt\u00e4 v\u00e4lilt\u00e4. Beanie pipo, jossa parhaatbileet.fi logo painettuna. Nyt myynniss\u00e4!","robots":{"index":"noindex","follow":"follow"},"og_locale":"fi_FI","og_type":"article","og_title":"Pipo","og_description":"Pipo parhaatbileet.fi! Rento pipo niin miehille kuin naisille ja kaikille silt\u00e4 v\u00e4lilt\u00e4. Beanie pipo, jossa parhaatbileet.fi logo painettuna. Nyt myynniss\u00e4!","og_url":"https:\/\/www.parhaatbileet.fi\/lippukauppa\/tuote\/pipo\/","og_site_name":"PARHAATBILEET.FI","article_modified_time":"2024-12-14T00:07:00+00:00","og_image":[{"width":500,"height":500,"url":"https:\/\/www.parhaatbileet.fi\/lippukauppa\/wp-content\/uploads\/2024\/12\/1.png","type":"image\/png"}],"twitter_card":"summary_large_image","twitter_misc":{"Arvioitu lukuaika":"1 minuutti"},"schema":{"@context":"https:\/\/schema.org","@graph":[{"@type":"WebPage","@id":"https:\/\/www.parhaatbileet.fi\/lippukauppa\/tuote\/pipo\/","url":"https:\/\/www.parhaatbileet.fi\/lippukauppa\/tuote\/pipo\/","name":"Pipo - PARHAATBILEET.FI","isPartOf":{"@id":"https:\/\/www.parhaatbileet.fi\/lippukauppa\/#website"},"primaryImageOfPage":{"@id":"https:\/\/www.parhaatbileet.fi\/lippukauppa\/tuote\/pipo\/#primaryimage"},"image":{"@id":"https:\/\/www.parhaatbileet.fi\/lippukauppa\/tuote\/pipo\/#primaryimage"},"thumbnailUrl":"https:\/\/www.parhaatbileet.fi\/lippukauppa\/wp-content\/uploads\/2024\/12\/1.png","datePublished":"2024-12-13T08:23:22+00:00","dateModified":"2024-12-14T00:07:00+00:00","description":"Pipo parhaatbileet.fi! Rento pipo niin miehille kuin naisille ja kaikille silt\u00e4 v\u00e4lilt\u00e4. Beanie pipo, jossa parhaatbileet.fi logo painettuna. Nyt myynniss\u00e4!","breadcrumb":{"@id":"https:\/\/www.parhaatbileet.fi\/lippukauppa\/tuote\/pipo\/#breadcrumb"},"inLanguage":"fi","potentialAction":[{"@type":"ReadAction","target":["https:\/\/www.parhaatbileet.fi\/lippukauppa\/tuote\/pipo\/"]}]},{"@type":"ImageObject","inLanguage":"fi","@id":"https:\/\/www.parhaatbileet.fi\/lippukauppa\/tuote\/pipo\/#primaryimage","url":"https:\/\/www.parhaatbileet.fi\/lippukauppa\/wp-content\/uploads\/2024\/12\/1.png","contentUrl":"https:\/\/www.parhaatbileet.fi\/lippukauppa\/wp-content\/uploads\/2024\/12\/1.png","width":500,"height":500,"caption":"Parhaatbileet.fi pipo"},{"@type":"BreadcrumbList","@id":"https:\/\/www.parhaatbileet.fi\/lippukauppa\/tuote\/pipo\/#breadcrumb","itemListElement":[{"@type":"ListItem","position":1,"name":"Etusivu","item":"https:\/\/www.parhaatbileet.fi\/lippukauppa\/"},{"@type":"ListItem","position":2,"name":"Kauppa","item":"https:\/\/www.parhaatbileet.fi\/lippukauppa\/kauppa\/"},{"@type":"ListItem","position":3,"name":"Pipo"}]},{"@type":"WebSite","@id":"https:\/\/www.parhaatbileet.fi\/lippukauppa\/#website","url":"https:\/\/www.parhaatbileet.fi\/lippukauppa\/","name":"Parhaat bileet ja lippukauppa","description":"Lippukauppa tapahtumille. J\u00e4rjest\u00e4j\u00e4lle ilmainen.","publisher":{"@id":"https:\/\/www.parhaatbileet.fi\/lippukauppa\/#organization"},"potentialAction":[{"@type":"SearchAction","target":{"@type":"EntryPoint","urlTemplate":"https:\/\/www.parhaatbileet.fi\/lippukauppa\/?s={search_term_string}"},"query-input":{"@type":"PropertyValueSpecification","valueRequired":true,"valueName":"search_term_string"}}],"inLanguage":"fi"},{"@type":"Organization","@id":"https:\/\/www.parhaatbileet.fi\/lippukauppa\/#organization","name":"Parhaat bileet","url":"https:\/\/www.parhaatbileet.fi\/lippukauppa\/","logo":{"@type":"ImageObject","inLanguage":"fi","@id":"https:\/\/www.parhaatbileet.fi\/lippukauppa\/#\/schema\/logo\/image\/","url":"https:\/\/parhaatbileet.fi\/lippukauppa\/wp-content\/uploads\/2024\/08\/parhaat-bileet-dark-logo.png","contentUrl":"https:\/\/parhaatbileet.fi\/lippukauppa\/wp-content\/uploads\/2024\/08\/parhaat-bileet-dark-logo.png","width":1500,"height":500,"caption":"Parhaat bileet"},"image":{"@id":"https:\/\/www.parhaatbileet.fi\/lippukauppa\/#\/schema\/logo\/image\/"}}]}},"pll_sync_post":{},"lang":"fi","translations":{"fi":17639},"_links":{"self":[{"href":"https:\/\/www.parhaatbileet.fi\/lippukauppa\/wp-json\/wp\/v2\/product\/17639","targetHints":{"allow":["GET"]}}],"collection":[{"href":"https:\/\/www.parhaatbileet.fi\/lippukauppa\/wp-json\/wp\/v2\/product"}],"about":[{"href":"https:\/\/www.parhaatbileet.fi\/lippukauppa\/wp-json\/wp\/v2\/types\/product"}],"wp:featuredmedia":[{"embeddable":true,"href":"https:\/\/www.parhaatbileet.fi\/lippukauppa\/wp-json\/wp\/v2\/media\/17640"}],"wp:attachment":[{"href":"https:\/\/www.parhaatbileet.fi\/lippukauppa\/wp-json\/wp\/v2\/media?parent=17639"}],"wp:term":[{"taxonomy":"product_brand","embeddable":true,"href":"https:\/\/www.parhaatbileet.fi\/lippukauppa\/wp-json\/wp\/v2\/product_brand?post=17639"},{"taxonomy":"product_cat","embeddable":true,"href":"https:\/\/www.parhaatbileet.fi\/lippukauppa\/wp-json\/wp\/v2\/product_cat?post=17639"},{"taxonomy":"product_tag","embeddable":true,"href":"https:\/\/www.parhaatbileet.fi\/lippukauppa\/wp-json\/wp\/v2\/product_tag?post=17639"}],"curies":[{"name":"wp","href":"https:\/\/api.w.org\/{rel}","templated":true}]}}