{"id":8661,"date":"2024-05-29T19:30:38","date_gmt":"2024-05-29T19:30:38","guid":{"rendered":"https:\/\/parhaatbileet.fi\/?page_id=8661"},"modified":"2024-10-15T16:47:54","modified_gmt":"2024-10-15T16:47:54","slug":"thebookbar","status":"publish","type":"page","link":"https:\/\/www.parhaatbileet.fi\/lippukauppa\/thebookbar\/","title":{"rendered":"THE BOOK BAR"},"content":{"rendered":"<div class=\"wpb-content-wrapper\"><p>[vc_row full_width=&#8221;stretch_row&#8221; content_placement=&#8221;middle&#8221; leaf_row_scheme=&#8221;0&#8243; css=&#8221;.vc_custom_1717012208575{background-image: url(https:\/\/parhaatbileet.fi\/lippukauppa\/wp-content\/uploads\/2024\/05\/75b685_7099145cb48342f98ca7e40287b02cedmv2.jpg?id=8662) !important;background-position: center !important;background-repeat: no-repeat !important;background-size: cover !important;}&#8221;][vc_column][vc_column_text css=&#8221;&#8221;]<img decoding=\"async\" class=\"size-full wp-image-8663 aligncenter\" src=\"https:\/\/parhaatbileet.fi\/lippukauppa\/wp-content\/uploads\/2024\/05\/75b685_02284956c6ab49e2971047812156daaemv2.png\" alt=\"the book bar logo\" width=\"493\" height=\"419\" srcset=\"https:\/\/www.parhaatbileet.fi\/lippukauppa\/wp-content\/uploads\/2024\/05\/75b685_02284956c6ab49e2971047812156daaemv2.png 493w, https:\/\/www.parhaatbileet.fi\/lippukauppa\/wp-content\/uploads\/2024\/05\/75b685_02284956c6ab49e2971047812156daaemv2-300x255.png 300w\" sizes=\"(max-width: 493px) 100vw, 493px\" \/>[\/vc_column_text][\/vc_column][\/vc_row][vc_row full_width=&#8221;stretch_row_content&#8221; content_placement=&#8221;middle&#8221; leaf_row_scheme=&#8221;1&#8243; css=&#8221;.vc_custom_1724435718015{background-color: #474747 !important;}&#8221;][vc_column width=&#8221;1\/2&#8243; css=&#8221;.vc_custom_1724435690327{padding-right: 10% !important;padding-left: 10% !important;}&#8221;][vc_column_text css=&#8221;&#8221;]<\/p>\n<h1 style=\"text-align: center;\"><strong>The Book Bar<\/strong><br \/>\nravintola kirjastossa<\/h1>\n<p style=\"text-align: center;\">The Book Bar perustettiin kes\u00e4ll\u00e4 2023. Erikoisempi asia baarin historiassa on se, ett\u00e4 ravintola perustettiin Ranuan vanhaan kirjastoon. Ravintola tarjoaa ainutlaatuisen el\u00e4myksen, viihtyis\u00e4n ymp\u00e4rist\u00f6n ja tietenkin hyv\u00e4\u00e4 ruokaa ja raikasta juotavaa hyv\u00e4ll\u00e4 palvelulla t\u00e4ydennettyn\u00e4. Ravintola tarjoaa my\u00f6s livemusiikkia!<\/p>\n<p>[\/vc_column_text][\/vc_column][vc_column width=&#8221;1\/2&#8243;][vc_empty_space]    \t<section class=\"leaf-event-carousel shortcode-carousel-1060 \"  data-delay=\"0\">\n        <div class=\"event-carousel-wrap\">\n            <div class=\"init-carousel carousel-has-control\" data-items=3 data-navigation=1>\n            \t\t\t\t\t\n            \t\n              <\/div>\n        <\/div>\n\t<\/section><!--\/event-carousel-->\n\t[vc_empty_space][\/vc_column][\/vc_row][vc_row full_width=&#8221;stretch_row&#8221; leaf_row_scheme=&#8221;0&#8243; css=&#8221;.vc_custom_1723840958199{background-color: #eaeaea !important;}&#8221;][vc_column][vc_column_text css=&#8221;&#8221;]<\/p>\n<h1 style=\"text-align: center;\">Keitti\u00f6 palvelee ravintolan aukioloaikoina!<\/h1>\n<p style=\"text-align: center;\">The Book Baarin keitti\u00f6 tarjoilee maukasta ev\u00e4st\u00e4, kuten pizzoja. Pizzauuni on kuumana ravintolan aukioloaikoina. Pizzatilauksia otetaan vastaan my\u00f6s puhelimitse, tilaa ja nouda! Keitti\u00f6n puhelin <strong>040 137 2887<\/strong>.<\/p>\n<p>[\/vc_column_text][vc_row_inner][vc_column_inner width=&#8221;1\/2&#8243;][vc_column_text css=&#8221;&#8221;]<strong>1. Margarita 11 \u20ac<\/strong><br \/>\nTomaattikastike, juusto<\/p>\n<p><strong>2. Americana 13 \u20ac<\/strong><br \/>\nKinkku, ananas, aurajuusto<\/p>\n<p><strong>3. Kana 14 \u20ac<\/strong><br \/>\nKana, feta, ananas, punasipuli<\/p>\n<p><strong>4. Kebab 14 \u20ac<\/strong><br \/>\nKebab, pepperoni, punasipuli, kebabkastike<\/p>\n<p><strong>5. Quatro Stagioni 14 \u20ac<\/strong><br \/>\nKinkku, katkarapu, tonnikala, herkkusieni<\/p>\n<p><strong>6. Darran sel\u00e4tt\u00e4j\u00e4 15 \u20ac<\/strong><br \/>\nPekoni, pepperoni, savuporo, kebab, valitsemasi majoneesi[\/vc_column_text][\/vc_column_inner][vc_column_inner width=&#8221;1\/2&#8243;][vc_column_text css=&#8221;&#8221;]<strong>7. Ranua 14 \u20ac<\/strong><br \/>\nSavuporo, aurajuusto, salami, ananas<\/p>\n<p><strong>8. Tulinen pepperoni 14 \u20ac<\/strong><br \/>\nShirachakastike, pepperoni, ananas, jalapeno<\/p>\n<p><strong>9. Vegetariana 15 \u20ac<\/strong><br \/>\nTomaatti, punasipuli, paprika, herkkusieni, rucola<\/p>\n<p><strong>10. No eik\u00f6 kelpaa, p\u00e4\u00e4t\u00e4 itte<\/strong><br \/>\nYhdell\u00e4 t\u00e4ytteell\u00e4 11 \u20ac<br \/>\nKahdella t\u00e4ytteell\u00e4 12 \u20ac<br \/>\nKolmella t\u00e4ytteell\u00e4 13 \u20ac<br \/>\nNelj\u00e4ll\u00e4 t\u00e4ytteell\u00e4 14 \u20ac[\/vc_column_text][\/vc_column_inner][\/vc_row_inner][vc_row_inner][vc_column_inner][vc_column_text css=&#8221;&#8221;]<strong>T\u00e4ytteet:<\/strong> kinkku, ananas, aurajuusto, kana, feta, punasipuli, pepperoni, katkarapu, tonnikala, herkkusieni, pekoni, savuporo, jalapeno, tomaatti, paprika, rucola, majoneesi, valkosipuli<br \/>\n<strong>Lis\u00e4t\u00e4yte +1 \u20ac<\/strong>[\/vc_column_text][\/vc_column_inner][\/vc_row_inner][\/vc_column][\/vc_row][vc_row full_width=&#8221;stretch_row_content&#8221; leaf_row_scheme=&#8221;0&#8243;][vc_column][vc_gmaps link=&#8221;#E-8_JTNDaWZyYW1lJTIwc3JjJTNEJTIyaHR0cHMlM0ElMkYlMkZ3d3cuZ29vZ2xlLmNvbSUyRm1hcHMlMkZlbWJlZCUzRnBiJTNEJTIxMW0xOCUyMTFtMTIlMjExbTMlMjExZDE2MjcuNDE1ODE3OTgxMTk0NiUyMTJkMjYuNTMwMTg2OTc4MTQyNjYyJTIxM2Q2NS45Mjc1MDQ1Nzg0NTIwNyUyMTJtMyUyMTFmMCUyMTJmMCUyMTNmMCUyMTNtMiUyMTFpMTAyNCUyMTJpNzY4JTIxNGYxMy4xJTIxM20zJTIxMW0yJTIxMXMweDQ0MmIwMTE3ZjEzYzI3MmYlMjUzQTB4MmI2YjI0MDBkZWQxZTY1MyUyMTJzS2lya2tvdGllJTI1MjA3JTI1MkMlMjUyMDk3NzAwJTI1MjBSYW51YSUyMTVlMCUyMTNtMiUyMTFzZmklMjEyc2ZpJTIxNHYxNzE3MDExMzQ0NzU5JTIxNW0yJTIxMXNmaSUyMTJzZmklMjIlMjB3aWR0aCUzRCUyMjYwMCUyMiUyMGhlaWdodCUzRCUyMjQ1MCUyMiUyMHN0eWxlJTNEJTIyYm9yZGVyJTNBMCUzQiUyMiUyMGFsbG93ZnVsbHNjcmVlbiUzRCUyMiUyMiUyMGxvYWRpbmclM0QlMjJsYXp5JTIyJTIwcmVmZXJyZXJwb2xpY3klM0QlMjJuby1yZWZlcnJlci13aGVuLWRvd25ncmFkZSUyMiUzRSUzQyUyRmlmcmFtZSUzRQ==&#8221; css=&#8221;&#8221;][\/vc_column][\/vc_row][vc_row][vc_column width=&#8221;1\/3&#8243;][vc_column_text css=&#8221;&#8221;]<\/p>\n<div id=\"comp-l1tcdibv\" class=\"HcOXKn c9GqVL QxJLC3 comp-l1tcdibv wixui-rich-text\" data-testid=\"richTextElement\">\n<h2 class=\"font_4 wixui-rich-text__text\" style=\"text-align: center;\">YHTEYSTIEDOT<\/h2>\n<\/div>\n<div id=\"comp-ky006s4x\" class=\"HcOXKn c9GqVL QxJLC3 comp-ky006s4x wixui-rich-text\" style=\"text-align: center;\" data-testid=\"richTextElement\">\n<p class=\"font_8 wixui-rich-text__text\">+358405612141<br \/>\n<span style=\"font-size: 1rem;\">buukkibar(a)gmail.com<br \/>\n<\/span><span style=\"font-size: 1rem;\">Kirkkotie 7, Ranua, 97700<\/span><\/p>\n<p><strong>Pizzatilaukset 040 137 2887!<\/strong><\/p>\n<p>&nbsp;<\/p>\n<\/div>\n<p>[\/vc_column_text][\/vc_column][vc_column width=&#8221;1\/3&#8243;][vc_column_text css=&#8221;&#8221;]<img decoding=\"async\" class=\"alignnone wp-image-8670 aligncenter\" src=\"https:\/\/parhaatbileet.fi\/lippukauppa\/wp-content\/uploads\/2024\/05\/bookbar-logo-musta.png\" alt=\"book bar musta logo\" width=\"300\" height=\"255\" srcset=\"https:\/\/www.parhaatbileet.fi\/lippukauppa\/wp-content\/uploads\/2024\/05\/bookbar-logo-musta.png 493w, https:\/\/www.parhaatbileet.fi\/lippukauppa\/wp-content\/uploads\/2024\/05\/bookbar-logo-musta-300x255.png 300w\" sizes=\"(max-width: 300px) 100vw, 300px\" \/>[\/vc_column_text][\/vc_column][vc_column width=&#8221;1\/3&#8243;][vc_column_text css=&#8221;&#8221;]<\/p>\n<h2 style=\"text-align: center;\">AVOINNA<\/h2>\n<p class=\"font_8 wixui-rich-text__text\" style=\"text-align: center;\">Pe &#8211; La: 18 &#8211; 02 (04)<\/p>\n<p class=\"font_8 wixui-rich-text__text\" style=\"text-align: center;\">\u200b\u200bTapahtumailtoina aukioloajat vaihtelevat, seuraa tiedottamista somessa.<\/p>\n<p>[\/vc_column_text][\/vc_column][\/vc_row][vc_row full_width=&#8221;stretch_row_content&#8221; leaf_row_scheme=&#8221;1&#8243; css=&#8221;.vc_custom_1729010823495{background-color: #474747 !important;}&#8221;][vc_column][vc_empty_space][vc_column_text css=&#8221;&#8221;]<\/p>\n<h2 style=\"text-align: center;\">Kotisivut tarjoaa Parhaatbileet.fi<\/h2>\n<p style=\"text-align: center;\"><img decoding=\"async\" class=\"alignnone wp-image-8850 size-medium\" src=\"https:\/\/parhaatbileet.fi\/lippukauppa\/wp-content\/uploads\/2024\/06\/parhaat-bileet-white-logo-SMALL-300x100.png\" alt=\"parhaatbileet.fi logo\" width=\"300\" height=\"100\" srcset=\"https:\/\/www.parhaatbileet.fi\/lippukauppa\/wp-content\/uploads\/2024\/06\/parhaat-bileet-white-logo-SMALL-300x100.png 300w, https:\/\/www.parhaatbileet.fi\/lippukauppa\/wp-content\/uploads\/2024\/06\/parhaat-bileet-white-logo-SMALL-768x256.png 768w, https:\/\/www.parhaatbileet.fi\/lippukauppa\/wp-content\/uploads\/2024\/06\/parhaat-bileet-white-logo-SMALL-600x200.png 600w, https:\/\/www.parhaatbileet.fi\/lippukauppa\/wp-content\/uploads\/2024\/06\/parhaat-bileet-white-logo-SMALL.png 900w\" sizes=\"(max-width: 300px) 100vw, 300px\" \/><\/p>\n<p style=\"text-align: center;\">    \t<a class=\"btn skew-btn button-button_button_24 btn-default btn-lg \" href=\"https:\/\/parhaatbileet.fi\/lippukauppa\/keikat\/category\/keikat\/the-book-bar\/\"  target=\"_blank\">\r\n        <span class=\"btn-text\">Kaikki The Book Bar tulevat keikat<\/span>        <\/a>\r\n        <\/p>\n<p style=\"text-align: center;\">Mik\u00e4li ravintolasi j\u00e4rjest\u00e4\u00e4 keikkoja, ota yhteytt\u00e4 ja lis\u00e4t\u00e4\u00e4n teille omat sivut parhaatbileet.fi palveluun.<\/p>\n<p>[\/vc_column_text][\/vc_column][\/vc_row]<\/p>\n<\/div>","protected":false},"excerpt":{"rendered":"<p>[vc_row full_width=&#8221;stretch_row&#8221; content_placement=&#8221;middle&#8221; leaf_row_scheme=&#8221;0&#8243; css=&#8221;.vc_custom_1717012208575{background-image: url(https:\/\/parhaatbileet.fi\/lippukauppa\/wp-content\/uploads\/2024\/05\/75b685_7099145cb48342f98ca7e40287b02cedmv2.jpg?id=8662) !important;background-position: center !important;background-repeat: no-repeat !important;background-size: cover !important;}&#8221;][vc_column][vc_column_text css=&#8221;&#8221;][\/vc_column_text][\/vc_column][\/vc_row][vc_row full_width=&#8221;stretch_row_content&#8221; content_placement=&#8221;middle&#8221; leaf_row_scheme=&#8221;1&#8243; css=&#8221;.vc_custom_1724435718015{background-color: #474747 !important;}&#8221;][vc_column width=&#8221;1\/2&#8243; css=&#8221;.vc_custom_1724435690327{padding-right: [&hellip;]<\/p>\n","protected":false},"author":2,"featured_media":8662,"parent":0,"menu_order":0,"comment_status":"closed","ping_status":"closed","template":"","meta":{"_tec_requires_first_save":true,"_price":"","_stock":"","_tribe_ticket_header":"","_tribe_default_ticket_provider":"Tribe__Tickets_Plus__Commerce__WooCommerce__Main","_tribe_ticket_capacity":"0","_ticket_start_date":"","_ticket_end_date":"","_tribe_ticket_show_description":"","_tribe_ticket_show_not_going":false,"_tribe_ticket_use_global_stock":"","_tribe_ticket_global_stock_level":"","_global_stock_mode":"","_global_stock_cap":"","_tribe_rsvp_for_event":"","_tribe_ticket_going_count":"","_tribe_ticket_not_going_count":"","_tribe_tickets_list":"[]","_tribe_ticket_has_attendee_info_fields":false,"_EventAllDay":false,"_EventTimezone":"","_EventStartDate":"","_EventEndDate":"","_EventStartDateUTC":"","_EventEndDateUTC":"","_EventShowMap":false,"_EventShowMapLink":false,"_EventURL":"","_EventCost":"","_EventCostDescription":"","_EventCurrencySymbol":"","_EventCurrencyCode":"","_EventCurrencyPosition":"","_EventDateTimeSeparator":"","_EventTimeRangeSeparator":"","_EventOrganizerID":[],"_EventVenueID":[],"_OrganizerEmail":"","_OrganizerPhone":"","_OrganizerWebsite":"","_VenueAddress":"","_VenueCity":"","_VenueCountry":"","_VenueProvince":"","_VenueState":"","_VenueZip":"","_VenuePhone":"","_VenueURL":"","_VenueStateProvince":"","_VenueLat":"","_VenueLng":"","_VenueShowMap":false,"_VenueShowMapLink":false,"_tribe_blocks_recurrence_rules":"","_tribe_blocks_recurrence_description":"","_tribe_blocks_recurrence_exclusions":"","footnotes":"","_tec_slr_enabled":"","_tec_slr_layout":""},"class_list":["post-8661","page","type-page","status-publish","has-post-thumbnail","hentry"],"yoast_head":"<!-- This site is optimized with the Yoast SEO Premium plugin v27.5 (Yoast SEO v27.5) - https:\/\/yoast.com\/product\/yoast-seo-premium-wordpress\/ -->\n<title>THE BOOK BAR - PARHAATBILEET.FI<\/title>\n<meta name=\"description\" content=\"The Book Bar on entiseen kirjaastoon perustettu ravintola Ranuan keskustassa. Ravintola tarjoaa loistavaa palvelua sek\u00e4 mm. livekeikkoja.\" \/>\n<meta name=\"robots\" content=\"index, follow, max-snippet:-1, max-image-preview:large, max-video-preview:-1\" \/>\n<link rel=\"canonical\" href=\"https:\/\/www.parhaatbileet.fi\/lippukauppa\/thebookbar\/\" \/>\n<meta property=\"og:locale\" content=\"fi_FI\" \/>\n<meta property=\"og:type\" content=\"article\" \/>\n<meta property=\"og:title\" content=\"THE BOOK BAR\" \/>\n<meta property=\"og:description\" content=\"The Book Bar on entiseen kirjaastoon perustettu ravintola Ranuan keskustassa. Ravintola tarjoaa loistavaa palvelua sek\u00e4 mm. livekeikkoja.\" \/>\n<meta property=\"og:url\" content=\"https:\/\/www.parhaatbileet.fi\/lippukauppa\/thebookbar\/\" \/>\n<meta property=\"og:site_name\" content=\"PARHAATBILEET.FI\" \/>\n<meta property=\"article:modified_time\" content=\"2024-10-15T16:47:54+00:00\" \/>\n<meta property=\"og:image\" content=\"https:\/\/www.parhaatbileet.fi\/lippukauppa\/wp-content\/uploads\/2024\/05\/75b685_7099145cb48342f98ca7e40287b02cedmv2.jpg\" \/>\n\t<meta property=\"og:image:width\" content=\"1024\" \/>\n\t<meta property=\"og:image:height\" content=\"453\" \/>\n\t<meta property=\"og:image:type\" content=\"image\/jpeg\" \/>\n<meta name=\"twitter:card\" content=\"summary_large_image\" \/>\n<meta name=\"twitter:label1\" content=\"Arvioitu lukuaika\" \/>\n\t<meta name=\"twitter:data1\" content=\"3 minuuttia\" \/>\n<script type=\"application\/ld+json\" class=\"yoast-schema-graph\">{\"@context\":\"https:\\\/\\\/schema.org\",\"@graph\":[{\"@type\":\"WebPage\",\"@id\":\"https:\\\/\\\/www.parhaatbileet.fi\\\/lippukauppa\\\/thebookbar\\\/\",\"url\":\"https:\\\/\\\/www.parhaatbileet.fi\\\/lippukauppa\\\/thebookbar\\\/\",\"name\":\"THE BOOK BAR - PARHAATBILEET.FI\",\"isPartOf\":{\"@id\":\"https:\\\/\\\/www.parhaatbileet.fi\\\/lippukauppa\\\/#website\"},\"primaryImageOfPage\":{\"@id\":\"https:\\\/\\\/www.parhaatbileet.fi\\\/lippukauppa\\\/thebookbar\\\/#primaryimage\"},\"image\":{\"@id\":\"https:\\\/\\\/www.parhaatbileet.fi\\\/lippukauppa\\\/thebookbar\\\/#primaryimage\"},\"thumbnailUrl\":\"https:\\\/\\\/www.parhaatbileet.fi\\\/lippukauppa\\\/wp-content\\\/uploads\\\/2024\\\/05\\\/75b685_7099145cb48342f98ca7e40287b02cedmv2.jpg\",\"datePublished\":\"2024-05-29T19:30:38+00:00\",\"dateModified\":\"2024-10-15T16:47:54+00:00\",\"description\":\"The Book Bar on entiseen kirjaastoon perustettu ravintola Ranuan keskustassa. Ravintola tarjoaa loistavaa palvelua sek\u00e4 mm. livekeikkoja.\",\"breadcrumb\":{\"@id\":\"https:\\\/\\\/www.parhaatbileet.fi\\\/lippukauppa\\\/thebookbar\\\/#breadcrumb\"},\"inLanguage\":\"fi\",\"potentialAction\":[{\"@type\":\"ReadAction\",\"target\":[\"https:\\\/\\\/www.parhaatbileet.fi\\\/lippukauppa\\\/thebookbar\\\/\"]}]},{\"@type\":\"ImageObject\",\"inLanguage\":\"fi\",\"@id\":\"https:\\\/\\\/www.parhaatbileet.fi\\\/lippukauppa\\\/thebookbar\\\/#primaryimage\",\"url\":\"https:\\\/\\\/www.parhaatbileet.fi\\\/lippukauppa\\\/wp-content\\\/uploads\\\/2024\\\/05\\\/75b685_7099145cb48342f98ca7e40287b02cedmv2.jpg\",\"contentUrl\":\"https:\\\/\\\/www.parhaatbileet.fi\\\/lippukauppa\\\/wp-content\\\/uploads\\\/2024\\\/05\\\/75b685_7099145cb48342f98ca7e40287b02cedmv2.jpg\",\"width\":1024,\"height\":453,\"caption\":\"the book bar\"},{\"@type\":\"BreadcrumbList\",\"@id\":\"https:\\\/\\\/www.parhaatbileet.fi\\\/lippukauppa\\\/thebookbar\\\/#breadcrumb\",\"itemListElement\":[{\"@type\":\"ListItem\",\"position\":1,\"name\":\"Etusivu\",\"item\":\"https:\\\/\\\/www.parhaatbileet.fi\\\/lippukauppa\\\/\"},{\"@type\":\"ListItem\",\"position\":2,\"name\":\"THE BOOK BAR\"}]},{\"@type\":\"WebSite\",\"@id\":\"https:\\\/\\\/www.parhaatbileet.fi\\\/lippukauppa\\\/#website\",\"url\":\"https:\\\/\\\/www.parhaatbileet.fi\\\/lippukauppa\\\/\",\"name\":\"Parhaat bileet ja lippukauppa\",\"description\":\"Lippukauppa tapahtumille. J\u00e4rjest\u00e4j\u00e4lle ilmainen.\",\"publisher\":{\"@id\":\"https:\\\/\\\/www.parhaatbileet.fi\\\/lippukauppa\\\/#organization\"},\"potentialAction\":[{\"@type\":\"SearchAction\",\"target\":{\"@type\":\"EntryPoint\",\"urlTemplate\":\"https:\\\/\\\/www.parhaatbileet.fi\\\/lippukauppa\\\/?s={search_term_string}\"},\"query-input\":{\"@type\":\"PropertyValueSpecification\",\"valueRequired\":true,\"valueName\":\"search_term_string\"}}],\"inLanguage\":\"fi\"},{\"@type\":\"Organization\",\"@id\":\"https:\\\/\\\/www.parhaatbileet.fi\\\/lippukauppa\\\/#organization\",\"name\":\"Parhaat bileet\",\"url\":\"https:\\\/\\\/www.parhaatbileet.fi\\\/lippukauppa\\\/\",\"logo\":{\"@type\":\"ImageObject\",\"inLanguage\":\"fi\",\"@id\":\"https:\\\/\\\/www.parhaatbileet.fi\\\/lippukauppa\\\/#\\\/schema\\\/logo\\\/image\\\/\",\"url\":\"https:\\\/\\\/parhaatbileet.fi\\\/lippukauppa\\\/wp-content\\\/uploads\\\/2024\\\/08\\\/parhaat-bileet-dark-logo.png\",\"contentUrl\":\"https:\\\/\\\/parhaatbileet.fi\\\/lippukauppa\\\/wp-content\\\/uploads\\\/2024\\\/08\\\/parhaat-bileet-dark-logo.png\",\"width\":1500,\"height\":500,\"caption\":\"Parhaat bileet\"},\"image\":{\"@id\":\"https:\\\/\\\/www.parhaatbileet.fi\\\/lippukauppa\\\/#\\\/schema\\\/logo\\\/image\\\/\"}}]}<\/script>\n<!-- \/ Yoast SEO Premium plugin. -->","yoast_head_json":{"title":"THE BOOK BAR - PARHAATBILEET.FI","description":"The Book Bar on entiseen kirjaastoon perustettu ravintola Ranuan keskustassa. Ravintola tarjoaa loistavaa palvelua sek\u00e4 mm. livekeikkoja.","robots":{"index":"index","follow":"follow","max-snippet":"max-snippet:-1","max-image-preview":"max-image-preview:large","max-video-preview":"max-video-preview:-1"},"canonical":"https:\/\/www.parhaatbileet.fi\/lippukauppa\/thebookbar\/","og_locale":"fi_FI","og_type":"article","og_title":"THE BOOK BAR","og_description":"The Book Bar on entiseen kirjaastoon perustettu ravintola Ranuan keskustassa. Ravintola tarjoaa loistavaa palvelua sek\u00e4 mm. livekeikkoja.","og_url":"https:\/\/www.parhaatbileet.fi\/lippukauppa\/thebookbar\/","og_site_name":"PARHAATBILEET.FI","article_modified_time":"2024-10-15T16:47:54+00:00","og_image":[{"width":1024,"height":453,"url":"https:\/\/www.parhaatbileet.fi\/lippukauppa\/wp-content\/uploads\/2024\/05\/75b685_7099145cb48342f98ca7e40287b02cedmv2.jpg","type":"image\/jpeg"}],"twitter_card":"summary_large_image","twitter_misc":{"Arvioitu lukuaika":"3 minuuttia"},"schema":{"@context":"https:\/\/schema.org","@graph":[{"@type":"WebPage","@id":"https:\/\/www.parhaatbileet.fi\/lippukauppa\/thebookbar\/","url":"https:\/\/www.parhaatbileet.fi\/lippukauppa\/thebookbar\/","name":"THE BOOK BAR - PARHAATBILEET.FI","isPartOf":{"@id":"https:\/\/www.parhaatbileet.fi\/lippukauppa\/#website"},"primaryImageOfPage":{"@id":"https:\/\/www.parhaatbileet.fi\/lippukauppa\/thebookbar\/#primaryimage"},"image":{"@id":"https:\/\/www.parhaatbileet.fi\/lippukauppa\/thebookbar\/#primaryimage"},"thumbnailUrl":"https:\/\/www.parhaatbileet.fi\/lippukauppa\/wp-content\/uploads\/2024\/05\/75b685_7099145cb48342f98ca7e40287b02cedmv2.jpg","datePublished":"2024-05-29T19:30:38+00:00","dateModified":"2024-10-15T16:47:54+00:00","description":"The Book Bar on entiseen kirjaastoon perustettu ravintola Ranuan keskustassa. Ravintola tarjoaa loistavaa palvelua sek\u00e4 mm. livekeikkoja.","breadcrumb":{"@id":"https:\/\/www.parhaatbileet.fi\/lippukauppa\/thebookbar\/#breadcrumb"},"inLanguage":"fi","potentialAction":[{"@type":"ReadAction","target":["https:\/\/www.parhaatbileet.fi\/lippukauppa\/thebookbar\/"]}]},{"@type":"ImageObject","inLanguage":"fi","@id":"https:\/\/www.parhaatbileet.fi\/lippukauppa\/thebookbar\/#primaryimage","url":"https:\/\/www.parhaatbileet.fi\/lippukauppa\/wp-content\/uploads\/2024\/05\/75b685_7099145cb48342f98ca7e40287b02cedmv2.jpg","contentUrl":"https:\/\/www.parhaatbileet.fi\/lippukauppa\/wp-content\/uploads\/2024\/05\/75b685_7099145cb48342f98ca7e40287b02cedmv2.jpg","width":1024,"height":453,"caption":"the book bar"},{"@type":"BreadcrumbList","@id":"https:\/\/www.parhaatbileet.fi\/lippukauppa\/thebookbar\/#breadcrumb","itemListElement":[{"@type":"ListItem","position":1,"name":"Etusivu","item":"https:\/\/www.parhaatbileet.fi\/lippukauppa\/"},{"@type":"ListItem","position":2,"name":"THE BOOK BAR"}]},{"@type":"WebSite","@id":"https:\/\/www.parhaatbileet.fi\/lippukauppa\/#website","url":"https:\/\/www.parhaatbileet.fi\/lippukauppa\/","name":"Parhaat bileet ja lippukauppa","description":"Lippukauppa tapahtumille. J\u00e4rjest\u00e4j\u00e4lle ilmainen.","publisher":{"@id":"https:\/\/www.parhaatbileet.fi\/lippukauppa\/#organization"},"potentialAction":[{"@type":"SearchAction","target":{"@type":"EntryPoint","urlTemplate":"https:\/\/www.parhaatbileet.fi\/lippukauppa\/?s={search_term_string}"},"query-input":{"@type":"PropertyValueSpecification","valueRequired":true,"valueName":"search_term_string"}}],"inLanguage":"fi"},{"@type":"Organization","@id":"https:\/\/www.parhaatbileet.fi\/lippukauppa\/#organization","name":"Parhaat bileet","url":"https:\/\/www.parhaatbileet.fi\/lippukauppa\/","logo":{"@type":"ImageObject","inLanguage":"fi","@id":"https:\/\/www.parhaatbileet.fi\/lippukauppa\/#\/schema\/logo\/image\/","url":"https:\/\/parhaatbileet.fi\/lippukauppa\/wp-content\/uploads\/2024\/08\/parhaat-bileet-dark-logo.png","contentUrl":"https:\/\/parhaatbileet.fi\/lippukauppa\/wp-content\/uploads\/2024\/08\/parhaat-bileet-dark-logo.png","width":1500,"height":500,"caption":"Parhaat bileet"},"image":{"@id":"https:\/\/www.parhaatbileet.fi\/lippukauppa\/#\/schema\/logo\/image\/"}}]}},"lang":"fi","translations":{"fi":8661},"pll_sync_post":{},"ticketed":false,"_links":{"self":[{"href":"https:\/\/www.parhaatbileet.fi\/lippukauppa\/wp-json\/wp\/v2\/pages\/8661","targetHints":{"allow":["GET"]}}],"collection":[{"href":"https:\/\/www.parhaatbileet.fi\/lippukauppa\/wp-json\/wp\/v2\/pages"}],"about":[{"href":"https:\/\/www.parhaatbileet.fi\/lippukauppa\/wp-json\/wp\/v2\/types\/page"}],"author":[{"embeddable":true,"href":"https:\/\/www.parhaatbileet.fi\/lippukauppa\/wp-json\/wp\/v2\/users\/2"}],"replies":[{"embeddable":true,"href":"https:\/\/www.parhaatbileet.fi\/lippukauppa\/wp-json\/wp\/v2\/comments?post=8661"}],"version-history":[{"count":25,"href":"https:\/\/www.parhaatbileet.fi\/lippukauppa\/wp-json\/wp\/v2\/pages\/8661\/revisions"}],"predecessor-version":[{"id":14450,"href":"https:\/\/www.parhaatbileet.fi\/lippukauppa\/wp-json\/wp\/v2\/pages\/8661\/revisions\/14450"}],"wp:featuredmedia":[{"embeddable":true,"href":"https:\/\/www.parhaatbileet.fi\/lippukauppa\/wp-json\/wp\/v2\/media\/8662"}],"wp:attachment":[{"href":"https:\/\/www.parhaatbileet.fi\/lippukauppa\/wp-json\/wp\/v2\/media?parent=8661"}],"curies":[{"name":"wp","href":"https:\/\/api.w.org\/{rel}","templated":true}]}}