{"id":813,"date":"2023-08-29T06:46:48","date_gmt":"2023-08-29T06:46:48","guid":{"rendered":"https:\/\/parhaatbileet.fi\/lippukauppa\/?page_id=813"},"modified":"2026-03-18T17:12:23","modified_gmt":"2026-03-18T15:12:23","slug":"refund_returns","status":"publish","type":"page","link":"https:\/\/www.parhaatbileet.fi\/lippukauppa\/refund_returns\/","title":{"rendered":"Toimitusehdot"},"content":{"rendered":"<div class=\"wpb-content-wrapper\"><p>[vc_row][vc_column css=&#8221;.vc_custom_1773845704383{padding-top: 60px !important;}&#8221;][vc_column_text css=&#8221;&#8221;]<\/p>\n<h1 style=\"margin-bottom: 50px;\"><strong>TOIMITUSEHDOT<\/strong><br \/>\n\u2013 ParhaatBileet.fi \/ Lippukauppa<\/h1>\n<p>Woyzeck Oy y-tunnus 2303323-5 (j\u00e4ljemp\u00e4n\u00e4 verkkokauppa) myy tuotteita ja p\u00e4\u00e4sylippuja yksityishenkil\u00f6ille Suomeen. Pid\u00e4t\u00e4mme oikeuden toimitusehtojen ja hintojen muutoksiin. Tuotteiden hinnat sis\u00e4lt\u00e4v\u00e4t arvonlis\u00e4veron.<\/p>\n<h2>Verkkokaupan yhteystiedot<\/h2>\n<p>S\u00e4hk\u00f6posti: <a href=\"mailto:info@parhaatbileet.fi\">info@parhaatbileet.fi<\/a><br \/>\nPuhelin: 040 514 5680<br \/>\nPostiosoite: Tuulentie 16, 90520 Oulu<\/p>\n<h2>Tilaaminen<\/h2>\n<p>Tilattavat tuotteet valitaan verkkosivuilla lis\u00e4\u00e4m\u00e4ll\u00e4 ne ostoskoriin. Tilaus l\u00e4hetet\u00e4\u00e4n maksamalla ostoskorin sis\u00e4lt\u00f6 verkkokaupan kassatoiminnossa. Tehdess\u00e4si tilauksen hyv\u00e4ksyt n\u00e4m\u00e4 toimitusehdot, tuotteiden hinnat sek\u00e4 toimituskulut. Mik\u00e4li tilaushetkell\u00e4 annetaan s\u00e4hk\u00f6postiosoite, tilauksesta l\u00e4hetet\u00e4\u00e4n tilausvahvistus s\u00e4hk\u00f6postitse. Tilausvahvistuksesta ilmenev\u00e4t tilatut tuotteet sek\u00e4 hinta. P\u00e4\u00e4syliput toimitetaan s\u00e4hk\u00f6postitse tilauksen yhteydess\u00e4 annettuun s\u00e4hk\u00f6postiosoitteeseen.<\/p>\n<h2>Maksaminen<\/h2>\n<p>Verkkokaupan maksuv\u00e4litt\u00e4j\u00e4n\u00e4 toimii Visma Pay (Visma Payments Oy, y-tunnus 2486559-4), joka on rekister\u00f6ity Finanssivalvonnan yll\u00e4pit\u00e4m\u00e4\u00e4n maksulaitosrekisteriin. Maksamiseen siirryt\u00e4\u00e4n Visma Payn verkkopalvelun kautta ja tiliotteella ja laskulla maksun saajana n\u00e4kyy Visma Pay tai Visma Payments Oy. Visma Pay v\u00e4litt\u00e4\u00e4 maksut verkkokauppiaalle. Maksaminen on turvallista, sill\u00e4 kaikki maksutapahtumaa koskevat tiedot v\u00e4litet\u00e4\u00e4n salattua yhteytt\u00e4 k\u00e4ytt\u00e4en niin ettei kukaan ulkopuolinen taho n\u00e4e maksutapahtuman tietoja.<\/p>\n<p>Kauppa syntyy verkkokaupan asiakkaan ja verkkokaupan v\u00e4lille. Verkkokaupan vastuulla ovat kaikki kauppaan liittyv\u00e4t velvoitteet.<\/p>\n<p>Lue lis\u00e4\u00e4 Visma Paysta: <a href=\"https:\/\/www.vismapay.fi\/\" target=\"_blank\" rel=\"noopener\">https:\/\/www.vismapay.fi\/<\/a><\/p>\n<h2>Maksutavat<\/h2>\n<p>Visma Pay -palvelun kautta voit maksaa verkkopankkitunnuksilla, lompakolla, maksukorteilla (credit\/debit), laskulla tai osamaksulla. K\u00e4ytett\u00e4viss\u00e4 ovat seuraavat maksutavat: Osuuspankki, Nordea, Danske Bank, Oma S\u00e4\u00e4st\u00f6pankki, S\u00e4\u00e4st\u00f6pankki, Aktia, Paikallisosuuspankit, S-Pankki, Handelsbanken, \u00c5landsbanken, MobilePay, Masterpass, Pivo, Visa-, Visa Debit-, Visa Electron-, MasterCard- ja Debit MasterCard -kortit, sek\u00e4 Jousto.<\/p>\n<p><strong>MobilePay:<\/strong> Voit maksaa MobilePay-lompakollasi mik\u00e4li olet sallinut verkkokaupoissa maksamisen sovelluksen asetuksista. MobilePay-lompakolla suoritetut maksut veloitetaan lompakkoon liitetylt\u00e4 maksukortilta. Mik\u00e4li maksun veloittaminen maksukortilta ep\u00e4onnistuu, MobilePay-lompakolla maksaminen ei ole mahdollista verkkokaupassa.<\/p>\n<p><strong>Pivo:<\/strong> K\u00e4ytt\u00f6ehdot ovat tarjolla Pivon sivuilla: <a href=\"https:\/\/pivo.fi\/kayttoehdot\/pivon-kayttoehdot\/\" target=\"_blank\" rel=\"noopener\">https:\/\/pivo.fi\/kayttoehdot\/pivon-kayttoehdot\/<\/a><\/p>\n<p><strong>Jousto lasku ja osamaksu<\/strong> on kotimainen palvelu, jolla teet ostoksesi nopeasti ja turvallisesti. Jousto on tarkoitettu yksityishenkil\u00f6ille, jotka ovat hoitaneet raha-asiansa moitteettomasti. Joustolla saat 30 vuorokautta korotonta ja kulutonta maksuaikaa. Laskun saatuasi voit p\u00e4\u00e4tt\u00e4\u00e4 maksatko sen kokonaan vai osissa. Osamaksulla voit maksaa ostoksesi jopa 36:ssa er\u00e4ss\u00e4, alkaen 9,90 eur\/kk. Jousto osamaksun kustannukset ovat 3,90 eur\/kk ja 19,90%:n luottokorko. Voit maksaa Joustolla 30\u20133000 euron ostoksia. Luotonmy\u00f6nt\u00e4j\u00e4n\u00e4 toimii Aurajoki Nordic Oy. Lue lis\u00e4\u00e4 Joustosta osoitteessa <a href=\"http:\/\/www.jousto.com\/\" target=\"_blank\" rel=\"noopener\">www.jousto.com<\/a>.<\/p>\n<p><strong>OP Lasku<\/strong> \u2013 Joustava tapa maksaa verkko-ostokset. Kaikkien pankkien asiakkaille. OP Laskulla voit tehd\u00e4 enint\u00e4\u00e4n 5 000 euron suuruisia ostoksia ja maksaa ne korottomasti pois 45 vuorokauden sis\u00e4ll\u00e4. Halutessasi voit pilkkoa laskun useampaan maksuer\u00e4\u00e4n. Ostoksesi n\u00e4kyv\u00e4t yhdess\u00e4 paikassa, joten pysyt helposti perill\u00e4 rahan k\u00e4yt\u00f6st\u00e4. Luottorajan avulla pid\u00e4t kulutuksen haluamissasi rajoissa. Saat laskut k\u00e4tev\u00e4sti s\u00e4hk\u00f6postiisi. Verkkopalvelussamme n\u00e4et tietoja OP Laskun k\u00e4yt\u00f6st\u00e4si ja tekemiesi ostosten summan. Voit k\u00e4ytt\u00e4\u00e4 OP Laskua, jos olet maksukykyinen yli 20-vuotias, ja sinulla on suomalaisen pankin verkkotunnukset. Lis\u00e4tietoja OP Laskuun liittyen l\u00f6yd\u00e4t osoitteesta: <a href=\"https:\/\/www.op.fi\/henkiloasiakkaat\/paivittaiset\/maksaminen\/op-lasku\" target=\"_blank\" rel=\"noopener\">https:\/\/www.op.fi\/henkiloasiakkaat\/paivittaiset\/maksaminen\/op-lasku<\/a><\/p>\n<p><strong>Visma Pay -maksupalvelun yhteystiedot<\/strong><br \/>\nVisma Payments Oy (Y-tunnus 2486559-4)<br \/>\nS\u00e4hk\u00f6posti: <a href=\"mailto:helpdesk@vismapay.com\">helpdesk@vismapay.com<\/a><br \/>\nPuhelin: 09 315 42 037 (arkisin klo 9-16)<br \/>\nPostiosoite: Brahenkatu 4, 53100 Lappeenranta<\/p>\n<h2>Toimitus<\/h2>\n<p>Tilauksia postitetaan arkip\u00e4ivisin. Varastosta toimitettavien tuotteiden toimitusaika on yleens\u00e4 3-5 arkip\u00e4iv\u00e4\u00e4. Mik\u00e4li toimitettavat tuotteet ovat tilaustuotteita, toimitusaika on yleens\u00e4 1-3 viikkoa. Toimituskulut m\u00e4\u00e4r\u00e4ytyv\u00e4t valitun toimitustavan, mahdollisten lis\u00e4palvelujen, tilauksen painon ja koon mukaan. N\u00e4et toimituskulut verkkokaupan kassatoiminnossa ennen tilauksen lopullista hyv\u00e4ksymist\u00e4.<\/p>\n<p>P\u00e4\u00e4syliput toimitetaan aina s\u00e4hk\u00f6isesti tilauksen yhteydess\u00e4 annettuun s\u00e4hk\u00f6postiosoitteeseen. Tarkistathan my\u00f6s roskapostikansion, mik\u00e4li p\u00e4\u00e4sylippu ei l\u00f6yd\u00e4 perille.<\/p>\n<p>Mik\u00e4li tuote on kadonnut tai vioittunut toimituksen aikana, tulee t\u00e4st\u00e4 ilmoittaa viipym\u00e4tt\u00e4, mutta kuitenkin 14 vuorokauden kuluessa verkkokaupalle. Toimituksessa vioittuneista paketeista tulee viipym\u00e4tt\u00e4 ilmoittaa toimituksesta vastanneelle yhti\u00f6lle.<\/p>\n<h2>Palautukset<\/h2>\n<p>Verkkokaupan asiakkaalla on kuluttajansuojalain mukainen 14 vuorokauden vaihto- ja palautusoikeus. Asiakkaalla on oikeus vaihtaa tai palauttaa osa tai kaikki tilauksen tuotteet. Palautettavat tai vaihdettavat tuotteet tulee olla alkuper\u00e4ispakkauksessa ja myyntikuntoisia. Halutessasi palauttaa tai vaihtaa tuotteita, ota ensin yhteytt\u00e4 verkkokauppaan ja kysy palautusohjeita. Liit\u00e4th\u00e4n palautukseen mukaan nimesi, yhteystietosi sek\u00e4 tilinumerosi mahdollista maksunpalautusta varten.<\/p>\n<p>Verkkokaupan kautta ostetuilla p\u00e4\u00e4sylipuilla ei l\u00e4ht\u00f6kohtaisesti ole palautusoikeutta. Mik\u00e4li tapahtuma, johon p\u00e4\u00e4syliput on hankittu perutaan \u2013 hyvitet\u00e4\u00e4n p\u00e4\u00e4sylipun hinta (ilman k\u00e4sittelykulua). Kaikkiin verkkokaupastamme myytyihin lippuihin sis\u00e4ltyy k\u00e4sittelykulu, vaikka sit\u00e4 ei olisi lippuun erikseen ilmoitettu. K\u00e4sittelykulu on 2,50 eur per lippu, ellei muuta ole ilmoitettu. Mahdollisissa peruutustapauksissa t\u00e4t\u00e4 osuutta hinnasta ei palauteta. Verkkokauppa on yhteydess\u00e4 lipun ostaneisiin ja ilmoittaa tapahtuman peruuntumisen yhteydess\u00e4 palautusohjeet.<\/p>\n<h2>Tapahtumaviestint\u00e4, uutiskirje ja suoramarkkinointi<\/h2>\n<p>Tilausta ja tapahtumaa koskevat <strong>palveluviestit<\/strong> (esim. lipun toimitus, aikataulumuutokset, peruutukset ja tapahtuman k\u00e4yt\u00e4nn\u00f6n ohjeet) voidaan l\u00e4hett\u00e4\u00e4 tilauksen yhteydess\u00e4 annettuun s\u00e4hk\u00f6postiosoitteeseen.<\/p>\n<p><strong>Uutiskirje ja s\u00e4hk\u00f6inen suoramarkkinointi<\/strong> l\u00e4hetet\u00e4\u00e4n vain, jos asiakas on antanut siihen erillisen suostumuksen tai jos l\u00e4hett\u00e4minen on sovellettavan lains\u00e4\u00e4d\u00e4nn\u00f6n mukaan sallittua. Suostumuksen voi peruuttaa milloin tahansa jokaisen viestin peruutuslinkist\u00e4 tai ottamalla yhteytt\u00e4 asiakaspalveluun.<\/p>\n<p>Henkil\u00f6tietojen k\u00e4sittelyst\u00e4 kerrotaan tarkemmin <a href=\"https:\/\/www.parhaatbileet.fi\/lippukauppa\/tietosuojaseloste\/\">tietosuojaselosteessa<\/a>.<\/p>\n<h2>Tilauksen peruuttaminen, virhevastuu ja reklamaatiot<\/h2>\n<p>Ennen tilauksen toimitusta tilauksen voi peruuttaa kirjallisella ilmoituksella s\u00e4hk\u00f6postitse.<\/p>\n<p>Verkkokaupalla on lakis\u00e4\u00e4teinen virhevastuu myydyist\u00e4 tuotteista. Reklamaatiotapauksissa pyyd\u00e4mme olemaan yhteydess\u00e4 asiakaspalveluumme. Kuluttajalla on oikeus vied\u00e4 mahdolliset riitatilanteet kuluttajariitalautakunnan ratkaistavaksi.[\/vc_column_text][\/vc_column][\/vc_row]<\/p>\n<\/div>","protected":false},"excerpt":{"rendered":"<p>[vc_row][vc_column css=&#8221;.vc_custom_1773845704383{padding-top: 60px !important;}&#8221;][vc_column_text css=&#8221;&#8221;] TOIMITUSEHDOT \u2013 ParhaatBileet.fi \/ Lippukauppa Woyzeck Oy y-tunnus 2303323-5 (j\u00e4ljemp\u00e4n\u00e4 verkkokauppa) myy tuotteita ja p\u00e4\u00e4sylippuja yksityishenkil\u00f6ille Suomeen. [&hellip;]<\/p>\n","protected":false},"author":1,"featured_media":0,"parent":0,"menu_order":2,"comment_status":"closed","ping_status":"closed","template":"","meta":{"_tec_requires_first_save":true,"_price":"","_stock":"","_tribe_ticket_header":"","_tribe_default_ticket_provider":"Tribe__Tickets_Plus__Commerce__WooCommerce__Main","_tribe_ticket_capacity":"0","_ticket_start_date":"","_ticket_end_date":"","_tribe_ticket_show_description":"","_tribe_ticket_show_not_going":false,"_tribe_ticket_use_global_stock":"","_tribe_ticket_global_stock_level":"","_global_stock_mode":"","_global_stock_cap":"","_tribe_rsvp_for_event":"","_tribe_ticket_going_count":"","_tribe_ticket_not_going_count":"","_tribe_tickets_list":"[]","_tribe_ticket_has_attendee_info_fields":false,"_EventAllDay":false,"_EventTimezone":"","_EventStartDate":"","_EventEndDate":"","_EventStartDateUTC":"","_EventEndDateUTC":"","_EventShowMap":false,"_EventShowMapLink":false,"_EventURL":"","_EventCost":"","_EventCostDescription":"","_EventCurrencySymbol":"","_EventCurrencyCode":"","_EventCurrencyPosition":"","_EventDateTimeSeparator":"","_EventTimeRangeSeparator":"","_EventOrganizerID":[],"_EventVenueID":[],"_OrganizerEmail":"","_OrganizerPhone":"","_OrganizerWebsite":"","_VenueAddress":"","_VenueCity":"","_VenueCountry":"","_VenueProvince":"","_VenueState":"","_VenueZip":"","_VenuePhone":"","_VenueURL":"","_VenueStateProvince":"","_VenueLat":"","_VenueLng":"","_VenueShowMap":false,"_VenueShowMapLink":false,"_tribe_blocks_recurrence_rules":"","_tribe_blocks_recurrence_description":"","_tribe_blocks_recurrence_exclusions":"","footnotes":"","_tec_slr_enabled":"","_tec_slr_layout":""},"class_list":["post-813","page","type-page","status-publish","hentry"],"yoast_head":"<!-- This site is optimized with the Yoast SEO Premium plugin v27.5 (Yoast SEO v27.5) - https:\/\/yoast.com\/product\/yoast-seo-premium-wordpress\/ -->\n<title>Toimitusehdot - PARHAATBILEET.FI<\/title>\n<meta name=\"description\" content=\"Lippukaupan toimitusehdot. Noudatamme yleisi\u00e4 lippukaupan toimitusehtoja. Parhaatbileet.fi myy lippuja tapahtumiin ja livekeikoille.\" \/>\n<meta name=\"robots\" content=\"index, follow, max-snippet:-1, max-image-preview:large, max-video-preview:-1\" \/>\n<link rel=\"canonical\" href=\"https:\/\/www.parhaatbileet.fi\/lippukauppa\/refund_returns\/\" \/>\n<meta property=\"og:locale\" content=\"fi_FI\" \/>\n<meta property=\"og:type\" content=\"article\" \/>\n<meta property=\"og:title\" content=\"Toimitusehdot\" \/>\n<meta property=\"og:description\" content=\"Lippukaupan toimitusehdot. Noudatamme yleisi\u00e4 lippukaupan toimitusehtoja. Parhaatbileet.fi myy lippuja tapahtumiin ja livekeikoille.\" \/>\n<meta property=\"og:url\" content=\"https:\/\/www.parhaatbileet.fi\/lippukauppa\/refund_returns\/\" \/>\n<meta property=\"og:site_name\" content=\"PARHAATBILEET.FI\" \/>\n<meta property=\"article:modified_time\" content=\"2026-03-18T15:12:23+00:00\" \/>\n<meta property=\"og:image\" content=\"https:\/\/www.parhaatbileet.fi\/lippukauppa\/wp-content\/uploads\/2023\/08\/header.jpg\" \/>\n\t<meta property=\"og:image:width\" content=\"1920\" \/>\n\t<meta property=\"og:image:height\" content=\"1080\" \/>\n\t<meta property=\"og:image:type\" content=\"image\/jpeg\" \/>\n<meta name=\"twitter:card\" content=\"summary_large_image\" \/>\n<meta name=\"twitter:label1\" content=\"Arvioitu lukuaika\" \/>\n\t<meta name=\"twitter:data1\" content=\"5 minuuttia\" \/>\n<script type=\"application\/ld+json\" class=\"yoast-schema-graph\">{\"@context\":\"https:\\\/\\\/schema.org\",\"@graph\":[{\"@type\":\"WebPage\",\"@id\":\"https:\\\/\\\/www.parhaatbileet.fi\\\/lippukauppa\\\/refund_returns\\\/\",\"url\":\"https:\\\/\\\/www.parhaatbileet.fi\\\/lippukauppa\\\/refund_returns\\\/\",\"name\":\"Toimitusehdot - PARHAATBILEET.FI\",\"isPartOf\":{\"@id\":\"https:\\\/\\\/www.parhaatbileet.fi\\\/lippukauppa\\\/#website\"},\"datePublished\":\"2023-08-29T06:46:48+00:00\",\"dateModified\":\"2026-03-18T15:12:23+00:00\",\"description\":\"Lippukaupan toimitusehdot. Noudatamme yleisi\u00e4 lippukaupan toimitusehtoja. Parhaatbileet.fi myy lippuja tapahtumiin ja livekeikoille.\",\"breadcrumb\":{\"@id\":\"https:\\\/\\\/www.parhaatbileet.fi\\\/lippukauppa\\\/refund_returns\\\/#breadcrumb\"},\"inLanguage\":\"fi\",\"potentialAction\":[{\"@type\":\"ReadAction\",\"target\":[\"https:\\\/\\\/www.parhaatbileet.fi\\\/lippukauppa\\\/refund_returns\\\/\"]}]},{\"@type\":\"BreadcrumbList\",\"@id\":\"https:\\\/\\\/www.parhaatbileet.fi\\\/lippukauppa\\\/refund_returns\\\/#breadcrumb\",\"itemListElement\":[{\"@type\":\"ListItem\",\"position\":1,\"name\":\"Etusivu\",\"item\":\"https:\\\/\\\/www.parhaatbileet.fi\\\/lippukauppa\\\/\"},{\"@type\":\"ListItem\",\"position\":2,\"name\":\"Toimitusehdot\"}]},{\"@type\":\"WebSite\",\"@id\":\"https:\\\/\\\/www.parhaatbileet.fi\\\/lippukauppa\\\/#website\",\"url\":\"https:\\\/\\\/www.parhaatbileet.fi\\\/lippukauppa\\\/\",\"name\":\"Parhaat bileet ja lippukauppa\",\"description\":\"Lippukauppa tapahtumille. J\u00e4rjest\u00e4j\u00e4lle ilmainen.\",\"publisher\":{\"@id\":\"https:\\\/\\\/www.parhaatbileet.fi\\\/lippukauppa\\\/#organization\"},\"potentialAction\":[{\"@type\":\"SearchAction\",\"target\":{\"@type\":\"EntryPoint\",\"urlTemplate\":\"https:\\\/\\\/www.parhaatbileet.fi\\\/lippukauppa\\\/?s={search_term_string}\"},\"query-input\":{\"@type\":\"PropertyValueSpecification\",\"valueRequired\":true,\"valueName\":\"search_term_string\"}}],\"inLanguage\":\"fi\"},{\"@type\":\"Organization\",\"@id\":\"https:\\\/\\\/www.parhaatbileet.fi\\\/lippukauppa\\\/#organization\",\"name\":\"Parhaat bileet\",\"url\":\"https:\\\/\\\/www.parhaatbileet.fi\\\/lippukauppa\\\/\",\"logo\":{\"@type\":\"ImageObject\",\"inLanguage\":\"fi\",\"@id\":\"https:\\\/\\\/www.parhaatbileet.fi\\\/lippukauppa\\\/#\\\/schema\\\/logo\\\/image\\\/\",\"url\":\"https:\\\/\\\/parhaatbileet.fi\\\/lippukauppa\\\/wp-content\\\/uploads\\\/2024\\\/08\\\/parhaat-bileet-dark-logo.png\",\"contentUrl\":\"https:\\\/\\\/parhaatbileet.fi\\\/lippukauppa\\\/wp-content\\\/uploads\\\/2024\\\/08\\\/parhaat-bileet-dark-logo.png\",\"width\":1500,\"height\":500,\"caption\":\"Parhaat bileet\"},\"image\":{\"@id\":\"https:\\\/\\\/www.parhaatbileet.fi\\\/lippukauppa\\\/#\\\/schema\\\/logo\\\/image\\\/\"}}]}<\/script>\n<!-- \/ Yoast SEO Premium plugin. -->","yoast_head_json":{"title":"Toimitusehdot - PARHAATBILEET.FI","description":"Lippukaupan toimitusehdot. Noudatamme yleisi\u00e4 lippukaupan toimitusehtoja. Parhaatbileet.fi myy lippuja tapahtumiin ja livekeikoille.","robots":{"index":"index","follow":"follow","max-snippet":"max-snippet:-1","max-image-preview":"max-image-preview:large","max-video-preview":"max-video-preview:-1"},"canonical":"https:\/\/www.parhaatbileet.fi\/lippukauppa\/refund_returns\/","og_locale":"fi_FI","og_type":"article","og_title":"Toimitusehdot","og_description":"Lippukaupan toimitusehdot. Noudatamme yleisi\u00e4 lippukaupan toimitusehtoja. Parhaatbileet.fi myy lippuja tapahtumiin ja livekeikoille.","og_url":"https:\/\/www.parhaatbileet.fi\/lippukauppa\/refund_returns\/","og_site_name":"PARHAATBILEET.FI","article_modified_time":"2026-03-18T15:12:23+00:00","og_image":[{"width":1920,"height":1080,"url":"https:\/\/www.parhaatbileet.fi\/lippukauppa\/wp-content\/uploads\/2023\/08\/header.jpg","type":"image\/jpeg"}],"twitter_card":"summary_large_image","twitter_misc":{"Arvioitu lukuaika":"5 minuuttia"},"schema":{"@context":"https:\/\/schema.org","@graph":[{"@type":"WebPage","@id":"https:\/\/www.parhaatbileet.fi\/lippukauppa\/refund_returns\/","url":"https:\/\/www.parhaatbileet.fi\/lippukauppa\/refund_returns\/","name":"Toimitusehdot - PARHAATBILEET.FI","isPartOf":{"@id":"https:\/\/www.parhaatbileet.fi\/lippukauppa\/#website"},"datePublished":"2023-08-29T06:46:48+00:00","dateModified":"2026-03-18T15:12:23+00:00","description":"Lippukaupan toimitusehdot. Noudatamme yleisi\u00e4 lippukaupan toimitusehtoja. Parhaatbileet.fi myy lippuja tapahtumiin ja livekeikoille.","breadcrumb":{"@id":"https:\/\/www.parhaatbileet.fi\/lippukauppa\/refund_returns\/#breadcrumb"},"inLanguage":"fi","potentialAction":[{"@type":"ReadAction","target":["https:\/\/www.parhaatbileet.fi\/lippukauppa\/refund_returns\/"]}]},{"@type":"BreadcrumbList","@id":"https:\/\/www.parhaatbileet.fi\/lippukauppa\/refund_returns\/#breadcrumb","itemListElement":[{"@type":"ListItem","position":1,"name":"Etusivu","item":"https:\/\/www.parhaatbileet.fi\/lippukauppa\/"},{"@type":"ListItem","position":2,"name":"Toimitusehdot"}]},{"@type":"WebSite","@id":"https:\/\/www.parhaatbileet.fi\/lippukauppa\/#website","url":"https:\/\/www.parhaatbileet.fi\/lippukauppa\/","name":"Parhaat bileet ja lippukauppa","description":"Lippukauppa tapahtumille. J\u00e4rjest\u00e4j\u00e4lle ilmainen.","publisher":{"@id":"https:\/\/www.parhaatbileet.fi\/lippukauppa\/#organization"},"potentialAction":[{"@type":"SearchAction","target":{"@type":"EntryPoint","urlTemplate":"https:\/\/www.parhaatbileet.fi\/lippukauppa\/?s={search_term_string}"},"query-input":{"@type":"PropertyValueSpecification","valueRequired":true,"valueName":"search_term_string"}}],"inLanguage":"fi"},{"@type":"Organization","@id":"https:\/\/www.parhaatbileet.fi\/lippukauppa\/#organization","name":"Parhaat bileet","url":"https:\/\/www.parhaatbileet.fi\/lippukauppa\/","logo":{"@type":"ImageObject","inLanguage":"fi","@id":"https:\/\/www.parhaatbileet.fi\/lippukauppa\/#\/schema\/logo\/image\/","url":"https:\/\/parhaatbileet.fi\/lippukauppa\/wp-content\/uploads\/2024\/08\/parhaat-bileet-dark-logo.png","contentUrl":"https:\/\/parhaatbileet.fi\/lippukauppa\/wp-content\/uploads\/2024\/08\/parhaat-bileet-dark-logo.png","width":1500,"height":500,"caption":"Parhaat bileet"},"image":{"@id":"https:\/\/www.parhaatbileet.fi\/lippukauppa\/#\/schema\/logo\/image\/"}}]}},"lang":"fi","translations":{"fi":813},"pll_sync_post":{},"ticketed":false,"_links":{"self":[{"href":"https:\/\/www.parhaatbileet.fi\/lippukauppa\/wp-json\/wp\/v2\/pages\/813","targetHints":{"allow":["GET"]}}],"collection":[{"href":"https:\/\/www.parhaatbileet.fi\/lippukauppa\/wp-json\/wp\/v2\/pages"}],"about":[{"href":"https:\/\/www.parhaatbileet.fi\/lippukauppa\/wp-json\/wp\/v2\/types\/page"}],"author":[{"embeddable":true,"href":"https:\/\/www.parhaatbileet.fi\/lippukauppa\/wp-json\/wp\/v2\/users\/1"}],"replies":[{"embeddable":true,"href":"https:\/\/www.parhaatbileet.fi\/lippukauppa\/wp-json\/wp\/v2\/comments?post=813"}],"version-history":[{"count":14,"href":"https:\/\/www.parhaatbileet.fi\/lippukauppa\/wp-json\/wp\/v2\/pages\/813\/revisions"}],"predecessor-version":[{"id":52668,"href":"https:\/\/www.parhaatbileet.fi\/lippukauppa\/wp-json\/wp\/v2\/pages\/813\/revisions\/52668"}],"wp:attachment":[{"href":"https:\/\/www.parhaatbileet.fi\/lippukauppa\/wp-json\/wp\/v2\/media?parent=813"}],"curies":[{"name":"wp","href":"https:\/\/api.w.org\/{rel}","templated":true}]}}