{"id":54755,"date":"2026-04-01T20:54:31","date_gmt":"2026-04-01T18:54:31","guid":{"rendered":"https:\/\/www.parhaatbileet.fi\/lippukauppa\/?page_id=54755"},"modified":"2026-04-02T07:03:03","modified_gmt":"2026-04-02T05:03:03","slug":"kinky-carnival-burlesque","status":"publish","type":"page","link":"https:\/\/www.parhaatbileet.fi\/lippukauppa\/kinky-carnival-burlesque\/","title":{"rendered":"KINKY CARNIVAL BURLESQUE"},"content":{"rendered":"<div class=\"wpb-content-wrapper\"><p>[vc_row full_width=&#8221;stretch_row&#8221; full_height=&#8221;yes&#8221; content_placement=&#8221;middle&#8221; leaf_row_scheme=&#8221;0&#8243;][vc_column][vc_single_image image=&#8221;54756&#8243; img_size=&#8221;full&#8221; alignment=&#8221;center&#8221; css=&#8221;&#8221;][\/vc_column][\/vc_row][vc_row full_width=&#8221;stretch_row&#8221; content_placement=&#8221;middle&#8221; leaf_row_scheme=&#8221;1&#8243; css=&#8221;.vc_custom_1775069307398{background-color: #2C2D2C !important;}&#8221;][vc_column css=&#8221;.vc_custom_1775069759219{padding-top: 10% !important;padding-right: 10% !important;padding-bottom: 10% !important;padding-left: 10% !important;}&#8221;][vc_column_text css=&#8221;&#8221;]<\/p>\n<h3 style=\"text-align: center;\">Kinky Carnival Burlesque<\/h3>\n<h2 style=\"text-align: center;\"><span style=\"color: #f39b9a;\"><strong>Oululaista burleskiosaamista<br \/>\nkansainv\u00e4lisell\u00e4 tasolla!<\/strong><\/span><\/h2>\n<p style=\"text-align: center;\">Kinky Carnival Burlesque on oululainen burleskitekij\u00f6iden ryhm\u00e4, jonka tarkoitus on edist\u00e4\u00e4 paikallista burleskitoimintaa mm. j\u00e4rjest\u00e4m\u00e4ll\u00e4 tapahtumia ja ty\u00f6pajoja p\u00e4\u00e4asiallisesti Oulun alueella. Tapahtumamme j\u00e4rjestet\u00e4\u00e4n ammattitaidolla paikallisen burleskiyrityksen More Burlesquen kanssa yhteisty\u00f6ss\u00e4, ja niihin kuuluvat s\u00e4\u00e4nn\u00f6lliset Kinkkuklubi-tapahtumat ja vuosittainen Pohjois-Suomen burleskifestivaali Kaamos Kabaree. Kinky Carnivalin voit tilata tapahtumaasi my\u00f6s yksityiskeikalle, ja j\u00e4senist\u00f6st\u00e4mme l\u00f6ytyv\u00e4t ammattimaiset esiintyj\u00e4t tilaisuuteen kuin tilaisuuteen.<\/p>\n<p style=\"text-align: center;\"><style>\r\n\t\t\t\t\t.button-button_button_72.btn-default:hover{background-color:#f39b9a;color:#fff;box-shadow: 0 0 25px -3px #f39b9a;}\r\n\t\t\t\t\t.button-button_button_72.btn-default{color:#f39b9a;}\r\n\t\t\t\t\t.button-button_button_72.btn-default .btn-icon{color:#f39b9a;}\r\n\t\t\t\t\t.button-button_button_72.btn-default:hover .btn-icon{color:#fff;}\r\n\t\t\t\t<\/style>    \t<a class=\"btn skew-btn button-button_button_72 btn-default btn-lg \" href=\"https:\/\/www.kinkycarnivalburlesque.com\/\" >\r\n        <span class=\"btn-text\">Lue lis\u00e4\u00e4 t\u00e4\u00e4lt\u00e4!<\/span>        <\/a>\r\n        <br \/>\nSiirry yhdistyksen omille sivuille.<\/p>\n<p style=\"text-align: center;\"><strong>Kinky Carnival Burlesque myy tapahtumiensa liput Parhaatbileet.fi -lippukaupassa.<\/strong><\/p>\n<p>[\/vc_column_text][\/vc_column][\/vc_row][vc_row equal_height=&#8221;yes&#8221; leaf_row_scheme=&#8221;0&#8243; min_height=&#8221;600px&#8221;][vc_column width=&#8221;1\/2&#8243; css=&#8221;.vc_custom_1775072049013{padding-top: 40px !important;}&#8221;][vc_column_text css=&#8221;&#8221;]<\/p>\n<h2>Kinkkuklubi 16.5.2026:<br \/>\n<strong>Night in New Orleans <\/strong><strong>&#8211; burleskia liveb\u00e4ndin kera!<\/strong><\/h2>\n<h3>Viime vuonna huippusuosion saavuttanut burleskin liveb\u00e4ndiklubi on t\u00e4\u00e4ll\u00e4 taas!<\/h3>\n<p>Oletko valmis nauttimaan kaikilla aisteilla? T\u00e4m\u00e4 klubi nimitt\u00e4in yhdistelee klassista burleskia, rock&#8217;n&#8217;roll-henke\u00e4 ja amerikkalaistyylist\u00e4 klubikulttuuria aivan uniikilla tavalla!<\/p>\n<p>Kinkkuklubin lavalla n\u00e4hd\u00e4\u00e4n j\u00e4lleen Kinky Carnivalin omat esiintyj\u00e4t, viime vuodelta tuttu b\u00e4ndi <strong>Vice Season<\/strong>, sek\u00e4 tamperelainen mausteemme, ihastuttava burleskitaiteilija <strong>Rosie Rhyme<\/strong>. Jokainen esitys on ainutkertainen kokonaisuus, jota ei olla Oulussa aiemmin n\u00e4hty &#8211; eik\u00e4 tulla n\u00e4kem\u00e4\u00e4nk\u00e4\u00e4n!<\/p>\n<p>Esitysten aikana my\u00f6s yleis\u00f6kontakti saa aivan uuden tason, sill\u00e4 yleis\u00f6ll\u00e4 on mahdollista ostaa itselleen nk. &#8221;tippausdollareita&#8221;, joilla voit tipata upeita esiintyji\u00e4mme numeroiden aikana. T\u00e4m\u00e4 on siis paras tilaisuutesi n\u00e4hd\u00e4 aito showtytt\u00f6 l\u00e4hiet\u00e4isyydelt\u00e4!<\/p>\n<p>&nbsp;<\/p>\n<h3>\ud83e\ude77 BANG BANG BAILEYS<br \/>\n\ud83e\ude77 EL REINA POET<br \/>\n\ud83e\ude77 LALA L&#8217;MORE<br \/>\n\ud83e\ude77 ONYXIA OH DEAR<br \/>\n\ud83e\ude77 ROSIE RHYME (TRE)<br \/>\n\ud83e\ude77 SALOME SACREBLEU<br \/>\n\ud83e\ude77 VERONICA VALERA<\/h3>\n<p>&nbsp;<\/p>\n<p>Juontajana klubilla ihastuttaa ja punastuttaa <strong>Zaza Wonder<\/strong>, ja lavasta huolenpit\u00e4v\u00e4t tehotiimi <strong>Aimee Flamboyant<\/strong> ja <strong>Willem Af Fera<\/strong>. Ja t\u00e4m\u00e4 kaikki 16.5.2026 Viihdemaailma Ilonassa Oulun Torikadulla! Osta liput heti, ett\u00e4 et j\u00e4\u00e4 ilman!!! \ud83d\udc49[\/vc_column_text][\/vc_column][vc_column width=&#8221;1\/2&#8243; css=&#8221;.vc_custom_1775072058107{padding-top: 20px !important;}&#8221;][vc_raw_html css=&#8221;&#8221;]JTVCdHJpYmVfdGlja2V0cyUyMHBvc3RfaWQlM0QlMjI1NDc4MyUyMiU1RA==[\/vc_raw_html][vc_column_text css=&#8221;&#8221;]<\/p>\n<h3><strong>Aikataulu:<\/strong><\/h3>\n<ul>\n<li><strong>Ovet: klo 18.30<\/strong><\/li>\n<li><strong>Showtime: klo 19.30<\/strong><\/li>\n<\/ul>\n<p>Lopetamme shown viimeist\u00e4\u00e4n klo 21.30, jolloin kerke\u00e4t hyvin viel\u00e4 muihin illan rientoihin \ud83d\ude09<\/p>\n<h3><strong>Lippujen hinnat:<\/strong><\/h3>\n<ul>\n<li><strong>Ennakkolippu 22 \u20ac<\/strong><\/li>\n<li><strong>Alennuslippu 19 \u20ac<\/strong> (opiskelijat\/el\u00e4kel\u00e4iset)<\/li>\n<li><strong>VIP-p\u00f6yt\u00e4 165 \u20ac<\/strong><br \/>\n<em>sis. kuusi lippua ja p\u00f6yd\u00e4n shown ajaksi. VIP-p\u00f6ytiin on saatavilla my\u00f6s lis\u00e4lippuja. <\/em><\/li>\n<li><strong>Ovilippu 25 \u20ac<\/strong><\/li>\n<\/ul>\n<p>[\/vc_column_text][\/vc_column][\/vc_row][vc_row full_width=&#8221;stretch_row_content_no_spaces&#8221; leaf_row_scheme=&#8221;0&#8243; css=&#8221;.vc_custom_1775071845329{margin-bottom: -20px !important;}&#8221;][vc_column css=&#8221;.vc_custom_1775071804554{padding-top: 0px !important;padding-right: 0px !important;padding-bottom: 0px !important;padding-left: 0px !important;}&#8221;][vc_goo_maps location=&#8221;Viihdemaailma Ilona, Torikatu 21-23, Oulu&#8221; height=&#8221;400px&#8221; zoom=&#8221;16&#8243; css=&#8221;&#8221;][\/vc_column][\/vc_row][vc_row full_width=&#8221;stretch_row&#8221; leaf_row_scheme=&#8221;0&#8243;][vc_column][vc_empty_space][vc_column_text css=&#8221;&#8221;]<\/p>\n<div class=\"wpb_text_column wpb_content_element\">\n<div class=\"wpb_wrapper\">\n<h2>Lippukaupassamme maksat p\u00e4\u00e4syliput nopeasti ja turvallisesti, k\u00e4yt\u00f6ss\u00e4 my\u00f6s kulttuuriedut ePassi, Smartum ja Edenred \ud83e\udd18<\/h2>\n<p>&nbsp;<\/p>\n<p><img decoding=\"async\" class=\"alignnone wp-image-6117 size-full\" src=\"https:\/\/www.parhaatbileet.fi\/lippukauppa\/wp-content\/uploads\/2023\/12\/row.png\" sizes=\"(max-width: 1322px) 100vw, 1322px\" srcset=\"https:\/\/www.parhaatbileet.fi\/lippukauppa\/wp-content\/uploads\/2023\/12\/row.png 1322w, https:\/\/www.parhaatbileet.fi\/lippukauppa\/wp-content\/uploads\/2023\/12\/row-300x15.png 300w, https:\/\/www.parhaatbileet.fi\/lippukauppa\/wp-content\/uploads\/2023\/12\/row-1024x50.png 1024w, https:\/\/www.parhaatbileet.fi\/lippukauppa\/wp-content\/uploads\/2023\/12\/row-768x38.png 768w, https:\/\/www.parhaatbileet.fi\/lippukauppa\/wp-content\/uploads\/2023\/12\/row-1320x65.png 1320w, https:\/\/www.parhaatbileet.fi\/lippukauppa\/wp-content\/uploads\/2023\/12\/row-600x30.png 600w\" alt=\"\" width=\"1322\" height=\"65\" \/><\/p>\n<p><img decoding=\"async\" class=\"aligncenter size-full wp-image-4695\" src=\"https:\/\/www.parhaatbileet.fi\/lippukauppa\/wp-content\/uploads\/2023\/09\/epassi.webp\" alt=\"maksa epassilla\" width=\"127\" height=\"40\" \/>\u00a0\u00a0 \u00a0\u00a0<img decoding=\"async\" class=\"alignnone wp-image-4696\" src=\"https:\/\/www.parhaatbileet.fi\/lippukauppa\/wp-content\/uploads\/2023\/09\/smartum-logo.png\" alt=\"maksa smartum\" width=\"211\" height=\"31\" \/>\u00a0 \u00a0\u00a0<img decoding=\"async\" class=\"alignnone wp-image-6259\" src=\"https:\/\/www.parhaatbileet.fi\/lippukauppa\/wp-content\/uploads\/2023\/12\/edenred-nappi-transparent.png\" alt=\"\" width=\"147\" height=\"42\" \/><\/p>\n<p><strong>HUOM! Edenred -maksut seuraavasti:<\/strong><\/p>\n<ol>\n<li>Etsi edun tarjoajan mobiilisovelluksesta \u201dParhaat Bileet\u201d -toimipaikka (Tuulentie, Oulu)<\/li>\n<li>Sy\u00f6t\u00e4 lipun hinta + 2,50 eur k\u00e4sittelymaksu<\/li>\n<li>Onnistuneen maksun j\u00e4lkeen l\u00e4het\u00e4 info@parhaatbileet.fi osoitteeseen nimesi ja tieto mihin tapahtumaan ostit lipun<\/li>\n<li>Tarkistettuamme maksun, l\u00e4het\u00e4mme p\u00e4\u00e4sylippusi s\u00e4hk\u00f6postiisi kahden arkip\u00e4iv\u00e4n kuluessa<\/li>\n<\/ol>\n<p>Mahdollisissa ongelmatilanteissa voit olla yhteydess\u00e4 info@parhaatbileet.fi.<\/p>\n<p><strong>Mik\u00e4li maksat lipun sovelluksella, muistathan l\u00e4hett\u00e4\u00e4 meille s\u00e4hk\u00f6postilla tiedon maksusta, niin l\u00e4het\u00e4mme oikean lipun oikeaan osoitteeseen.<\/strong> ePassi ja Smartum maksutavat ovat valittavanasi normaalisti verkkokaupan kassalla. \ud83d\ude0e<\/p>\n<\/div>\n<\/div>\n<p>[\/vc_column_text][vc_empty_space][\/vc_column][\/vc_row][vc_row full_width=&#8221;stretch_row&#8221; leaf_row_scheme=&#8221;1&#8243; css=&#8221;.vc_custom_1775069923076{background-color: #F39B9A !important;}&#8221;][vc_column css=&#8221;.vc_custom_1775069774233{padding-top: 10% !important;padding-right: 10% !important;padding-bottom: 10% !important;padding-left: 10% !important;}&#8221;][vc_column_text css=&#8221;&#8221;]<\/p>\n<h3 style=\"text-align: center;\"><strong><img decoding=\"async\" class=\"aligncenter wp-image-54757 size-full\" src=\"https:\/\/www.parhaatbileet.fi\/lippukauppa\/wp-content\/uploads\/2026\/04\/kaamoslogo-2026.png\" alt=\"Kaamos Kabaree\" width=\"1247\" height=\"567\" srcset=\"https:\/\/www.parhaatbileet.fi\/lippukauppa\/wp-content\/uploads\/2026\/04\/kaamoslogo-2026.png 1247w, https:\/\/www.parhaatbileet.fi\/lippukauppa\/wp-content\/uploads\/2026\/04\/kaamoslogo-2026-300x136.png 300w, https:\/\/www.parhaatbileet.fi\/lippukauppa\/wp-content\/uploads\/2026\/04\/kaamoslogo-2026-1024x466.png 1024w, https:\/\/www.parhaatbileet.fi\/lippukauppa\/wp-content\/uploads\/2026\/04\/kaamoslogo-2026-768x349.png 768w, https:\/\/www.parhaatbileet.fi\/lippukauppa\/wp-content\/uploads\/2026\/04\/kaamoslogo-2026-600x273.png 600w\" sizes=\"(max-width: 1247px) 100vw, 1247px\" \/><\/strong><\/h3>\n<h3 style=\"text-align: center;\"><strong>Hakuaika on menossa: 7.2.-1.5.2026!<\/strong><\/h3>\n<p style=\"text-align: center;\">Pohjois-Suomen suurin burleskitapahtuma, Kaamos Kabaree tulee j\u00e4lleen! Jo useampana vuonna loppuunmyyty Kaamos Kabaree toteutuu seitsem\u00e4tt\u00e4 vuotta Oulun synk\u00e4ss\u00e4 lokakuun y\u00f6ss\u00e4. T\u00e4ll\u00e4 kertaa mukana on useampi ulkomainen artisti, liuta ensi-iltoja ja Oulussa aiemmin n\u00e4kem\u00e4tt\u00f6mi\u00e4 numeroita, sek\u00e4 tottakai ajankohtaan sopivaa synke\u00e4n suloista tunnelmaa.<br \/>\nIllan tuottaa yhteisty\u00f6ss\u00e4 Kinky Carnival Burlesque ry ja More Burlesque.<\/p>\n<p style=\"text-align: center;\"><style>\r\n\t\t\t\t\t.button-button_button_72.btn-default:hover{background-color:#2c2d2c;color:#fff;box-shadow: 0 0 25px -3px #2c2d2c;}\r\n\t\t\t\t\t.button-button_button_72.btn-default{color:#2c2d2c;}\r\n\t\t\t\t\t.button-button_button_72.btn-default .btn-icon{color:#2c2d2c;}\r\n\t\t\t\t\t.button-button_button_72.btn-default:hover .btn-icon{color:#fff;}\r\n\t\t\t\t<\/style>    \t<a class=\"btn skew-btn button-button_button_72 btn-default btn-lg \" href=\"https:\/\/www.kinkycarnivalburlesque.com\/kaamos-kabaree\/\" >\r\n        <span class=\"btn-text\">Lue lis\u00e4\u00e4 t\u00e4\u00e4lt\u00e4!<\/span>        <\/a>\r\n        <\/p>\n<p>[\/vc_column_text][\/vc_column][\/vc_row][vc_row content_placement=&#8221;middle&#8221; leaf_row_scheme=&#8221;0&#8243;][vc_column][vc_column_text css=&#8221;&#8221;]<\/p>\n<h2 style=\"text-align: center;\"><\/h2>\n<p style=\"text-align: center;\"><img decoding=\"async\" class=\"alignnone size-medium wp-image-12651\" src=\"https:\/\/parhaatbileet.fi\/lippukauppa\/wp-content\/uploads\/2024\/08\/parhaat-bileet-dark-logo-medium-300x100.png\" alt=\"Parhaat bileet\" width=\"300\" height=\"100\" srcset=\"https:\/\/www.parhaatbileet.fi\/lippukauppa\/wp-content\/uploads\/2024\/08\/parhaat-bileet-dark-logo-medium-300x100.png 300w, https:\/\/www.parhaatbileet.fi\/lippukauppa\/wp-content\/uploads\/2024\/08\/parhaat-bileet-dark-logo-medium.png 500w\" sizes=\"(max-width: 300px) 100vw, 300px\" \/><\/p>\n<p style=\"text-align: center;\"><strong>Lippukauppa ja paras kumppani tapahtumallesi.<\/strong><\/p>\n<p style=\"text-align: center;\">    \t<a class=\"btn skew-btn button-button_button_11 btn-primary \" href=\"https:\/\/www.parhaatbileet.fi\/lippukauppa\/lippukauppa-jarjestajalle\/\" >\r\n        <span class=\"btn-text\">Katso ja tutustu!<\/span>        <\/a>\r\n        <\/p>\n<p>[\/vc_column_text][\/vc_column][\/vc_row]<\/p>\n<\/div>","protected":false},"excerpt":{"rendered":"<p>[vc_row full_width=&#8221;stretch_row&#8221; full_height=&#8221;yes&#8221; content_placement=&#8221;middle&#8221; leaf_row_scheme=&#8221;0&#8243;][vc_column][vc_single_image image=&#8221;54756&#8243; img_size=&#8221;full&#8221; alignment=&#8221;center&#8221; css=&#8221;&#8221;][\/vc_column][\/vc_row][vc_row full_width=&#8221;stretch_row&#8221; content_placement=&#8221;middle&#8221; leaf_row_scheme=&#8221;1&#8243; css=&#8221;.vc_custom_1775069307398{background-color: #2C2D2C !important;}&#8221;][vc_column css=&#8221;.vc_custom_1775069759219{padding-top: 10% !important;padding-right: 10% !important;padding-bottom: 10% !important;padding-left: [&hellip;]<\/p>\n","protected":false},"author":2,"featured_media":0,"parent":0,"menu_order":0,"comment_status":"closed","ping_status":"closed","template":"","meta":{"_tec_requires_first_save":true,"_price":"","_stock":"","_tribe_ticket_header":"","_tribe_default_ticket_provider":"Tribe__Tickets_Plus__Commerce__WooCommerce__Main","_tribe_ticket_capacity":"0","_ticket_start_date":"","_ticket_end_date":"","_tribe_ticket_show_description":"","_tribe_ticket_show_not_going":false,"_tribe_ticket_use_global_stock":"","_tribe_ticket_global_stock_level":"","_global_stock_mode":"","_global_stock_cap":"","_tribe_rsvp_for_event":"","_tribe_ticket_going_count":"","_tribe_ticket_not_going_count":"","_tribe_tickets_list":"[]","_tribe_ticket_has_attendee_info_fields":false,"_EventAllDay":false,"_EventTimezone":"","_EventStartDate":"","_EventEndDate":"","_EventStartDateUTC":"","_EventEndDateUTC":"","_EventShowMap":false,"_EventShowMapLink":false,"_EventURL":"","_EventCost":"","_EventCostDescription":"","_EventCurrencySymbol":"","_EventCurrencyCode":"","_EventCurrencyPosition":"","_EventDateTimeSeparator":"","_EventTimeRangeSeparator":"","_EventOrganizerID":[],"_EventVenueID":[],"_OrganizerEmail":"","_OrganizerPhone":"","_OrganizerWebsite":"","_VenueAddress":"","_VenueCity":"","_VenueCountry":"","_VenueProvince":"","_VenueState":"","_VenueZip":"","_VenuePhone":"","_VenueURL":"","_VenueStateProvince":"","_VenueLat":"","_VenueLng":"","_VenueShowMap":false,"_VenueShowMapLink":false,"_tribe_blocks_recurrence_rules":"","_tribe_blocks_recurrence_description":"","_tribe_blocks_recurrence_exclusions":"","footnotes":"","_tec_slr_enabled":"","_tec_slr_layout":""},"class_list":["post-54755","page","type-page","status-publish","hentry"],"yoast_head":"<!-- This site is optimized with the Yoast SEO Premium plugin v27.3 (Yoast SEO v27.3) - https:\/\/yoast.com\/product\/yoast-seo-premium-wordpress\/ -->\n<title>KINKY CARNIVAL BURLESQUE - PARHAATBILEET.FI<\/title>\n<meta name=\"robots\" content=\"index, follow, max-snippet:-1, max-image-preview:large, max-video-preview:-1\" \/>\n<link rel=\"canonical\" href=\"https:\/\/www.parhaatbileet.fi\/lippukauppa\/kinky-carnival-burlesque\/\" \/>\n<meta property=\"og:locale\" content=\"fi_FI\" \/>\n<meta property=\"og:type\" content=\"article\" \/>\n<meta property=\"og:title\" content=\"KINKY CARNIVAL BURLESQUE\" \/>\n<meta property=\"og:description\" content=\"[vc_row full_width=&#8221;stretch_row&#8221; full_height=&#8221;yes&#8221; content_placement=&#8221;middle&#8221; leaf_row_scheme=&#8221;0&#8243;][vc_column][vc_single_image image=&#8221;54756&#8243; img_size=&#8221;full&#8221; alignment=&#8221;center&#8221; css=&#8221;&#8221;][\/vc_column][\/vc_row][vc_row full_width=&#8221;stretch_row&#8221; content_placement=&#8221;middle&#8221; leaf_row_scheme=&#8221;1&#8243; css=&#8221;.vc_custom_1775069307398{background-color: #2C2D2C !important;}&#8221;][vc_column css=&#8221;.vc_custom_1775069759219{padding-top: 10% !important;padding-right: 10% !important;padding-bottom: 10% !important;padding-left: [&hellip;]\" \/>\n<meta property=\"og:url\" content=\"https:\/\/www.parhaatbileet.fi\/lippukauppa\/kinky-carnival-burlesque\/\" \/>\n<meta property=\"og:site_name\" content=\"PARHAATBILEET.FI\" \/>\n<meta property=\"article:modified_time\" content=\"2026-04-02T05:03:03+00:00\" \/>\n<meta property=\"og:image\" content=\"https:\/\/www.parhaatbileet.fi\/lippukauppa\/wp-content\/uploads\/2023\/12\/row.png\" \/>\n<meta name=\"twitter:card\" content=\"summary_large_image\" \/>\n<meta name=\"twitter:label1\" content=\"Arvioitu lukuaika\" \/>\n\t<meta name=\"twitter:data1\" content=\"5 minuuttia\" \/>\n<script type=\"application\/ld+json\" class=\"yoast-schema-graph\">{\"@context\":\"https:\\\/\\\/schema.org\",\"@graph\":[{\"@type\":\"WebPage\",\"@id\":\"https:\\\/\\\/www.parhaatbileet.fi\\\/lippukauppa\\\/kinky-carnival-burlesque\\\/\",\"url\":\"https:\\\/\\\/www.parhaatbileet.fi\\\/lippukauppa\\\/kinky-carnival-burlesque\\\/\",\"name\":\"KINKY CARNIVAL BURLESQUE - PARHAATBILEET.FI\",\"isPartOf\":{\"@id\":\"https:\\\/\\\/www.parhaatbileet.fi\\\/lippukauppa\\\/#website\"},\"primaryImageOfPage\":{\"@id\":\"https:\\\/\\\/www.parhaatbileet.fi\\\/lippukauppa\\\/kinky-carnival-burlesque\\\/#primaryimage\"},\"image\":{\"@id\":\"https:\\\/\\\/www.parhaatbileet.fi\\\/lippukauppa\\\/kinky-carnival-burlesque\\\/#primaryimage\"},\"thumbnailUrl\":\"https:\\\/\\\/www.parhaatbileet.fi\\\/lippukauppa\\\/wp-content\\\/uploads\\\/2023\\\/12\\\/row.png\",\"datePublished\":\"2026-04-01T18:54:31+00:00\",\"dateModified\":\"2026-04-02T05:03:03+00:00\",\"breadcrumb\":{\"@id\":\"https:\\\/\\\/www.parhaatbileet.fi\\\/lippukauppa\\\/kinky-carnival-burlesque\\\/#breadcrumb\"},\"inLanguage\":\"fi\",\"potentialAction\":[{\"@type\":\"ReadAction\",\"target\":[\"https:\\\/\\\/www.parhaatbileet.fi\\\/lippukauppa\\\/kinky-carnival-burlesque\\\/\"]}]},{\"@type\":\"ImageObject\",\"inLanguage\":\"fi\",\"@id\":\"https:\\\/\\\/www.parhaatbileet.fi\\\/lippukauppa\\\/kinky-carnival-burlesque\\\/#primaryimage\",\"url\":\"https:\\\/\\\/www.parhaatbileet.fi\\\/lippukauppa\\\/wp-content\\\/uploads\\\/2023\\\/12\\\/row.png\",\"contentUrl\":\"https:\\\/\\\/www.parhaatbileet.fi\\\/lippukauppa\\\/wp-content\\\/uploads\\\/2023\\\/12\\\/row.png\",\"width\":1322,\"height\":65,\"caption\":\"K\u00e4yt\u00f6ss\u00e4 kaikki verkkomaksupalvelut\"},{\"@type\":\"BreadcrumbList\",\"@id\":\"https:\\\/\\\/www.parhaatbileet.fi\\\/lippukauppa\\\/kinky-carnival-burlesque\\\/#breadcrumb\",\"itemListElement\":[{\"@type\":\"ListItem\",\"position\":1,\"name\":\"Etusivu\",\"item\":\"https:\\\/\\\/www.parhaatbileet.fi\\\/lippukauppa\\\/\"},{\"@type\":\"ListItem\",\"position\":2,\"name\":\"KINKY CARNIVAL BURLESQUE\"}]},{\"@type\":\"WebSite\",\"@id\":\"https:\\\/\\\/www.parhaatbileet.fi\\\/lippukauppa\\\/#website\",\"url\":\"https:\\\/\\\/www.parhaatbileet.fi\\\/lippukauppa\\\/\",\"name\":\"Parhaat bileet ja lippukauppa\",\"description\":\"Lippukauppa tapahtumille. J\u00e4rjest\u00e4j\u00e4lle ilmainen.\",\"publisher\":{\"@id\":\"https:\\\/\\\/www.parhaatbileet.fi\\\/lippukauppa\\\/#organization\"},\"potentialAction\":[{\"@type\":\"SearchAction\",\"target\":{\"@type\":\"EntryPoint\",\"urlTemplate\":\"https:\\\/\\\/www.parhaatbileet.fi\\\/lippukauppa\\\/?s={search_term_string}\"},\"query-input\":{\"@type\":\"PropertyValueSpecification\",\"valueRequired\":true,\"valueName\":\"search_term_string\"}}],\"inLanguage\":\"fi\"},{\"@type\":\"Organization\",\"@id\":\"https:\\\/\\\/www.parhaatbileet.fi\\\/lippukauppa\\\/#organization\",\"name\":\"Parhaat bileet\",\"url\":\"https:\\\/\\\/www.parhaatbileet.fi\\\/lippukauppa\\\/\",\"logo\":{\"@type\":\"ImageObject\",\"inLanguage\":\"fi\",\"@id\":\"https:\\\/\\\/www.parhaatbileet.fi\\\/lippukauppa\\\/#\\\/schema\\\/logo\\\/image\\\/\",\"url\":\"https:\\\/\\\/parhaatbileet.fi\\\/lippukauppa\\\/wp-content\\\/uploads\\\/2024\\\/08\\\/parhaat-bileet-dark-logo.png\",\"contentUrl\":\"https:\\\/\\\/parhaatbileet.fi\\\/lippukauppa\\\/wp-content\\\/uploads\\\/2024\\\/08\\\/parhaat-bileet-dark-logo.png\",\"width\":1500,\"height\":500,\"caption\":\"Parhaat bileet\"},\"image\":{\"@id\":\"https:\\\/\\\/www.parhaatbileet.fi\\\/lippukauppa\\\/#\\\/schema\\\/logo\\\/image\\\/\"}}]}<\/script>\n<!-- \/ Yoast SEO Premium plugin. -->","yoast_head_json":{"title":"KINKY CARNIVAL BURLESQUE - PARHAATBILEET.FI","robots":{"index":"index","follow":"follow","max-snippet":"max-snippet:-1","max-image-preview":"max-image-preview:large","max-video-preview":"max-video-preview:-1"},"canonical":"https:\/\/www.parhaatbileet.fi\/lippukauppa\/kinky-carnival-burlesque\/","og_locale":"fi_FI","og_type":"article","og_title":"KINKY CARNIVAL BURLESQUE","og_description":"[vc_row full_width=&#8221;stretch_row&#8221; full_height=&#8221;yes&#8221; content_placement=&#8221;middle&#8221; leaf_row_scheme=&#8221;0&#8243;][vc_column][vc_single_image image=&#8221;54756&#8243; img_size=&#8221;full&#8221; alignment=&#8221;center&#8221; css=&#8221;&#8221;][\/vc_column][\/vc_row][vc_row full_width=&#8221;stretch_row&#8221; content_placement=&#8221;middle&#8221; leaf_row_scheme=&#8221;1&#8243; css=&#8221;.vc_custom_1775069307398{background-color: #2C2D2C !important;}&#8221;][vc_column css=&#8221;.vc_custom_1775069759219{padding-top: 10% !important;padding-right: 10% !important;padding-bottom: 10% !important;padding-left: [&hellip;]","og_url":"https:\/\/www.parhaatbileet.fi\/lippukauppa\/kinky-carnival-burlesque\/","og_site_name":"PARHAATBILEET.FI","article_modified_time":"2026-04-02T05:03:03+00:00","og_image":[{"url":"https:\/\/www.parhaatbileet.fi\/lippukauppa\/wp-content\/uploads\/2023\/12\/row.png","type":"","width":"","height":""}],"twitter_card":"summary_large_image","twitter_misc":{"Arvioitu lukuaika":"5 minuuttia"},"schema":{"@context":"https:\/\/schema.org","@graph":[{"@type":"WebPage","@id":"https:\/\/www.parhaatbileet.fi\/lippukauppa\/kinky-carnival-burlesque\/","url":"https:\/\/www.parhaatbileet.fi\/lippukauppa\/kinky-carnival-burlesque\/","name":"KINKY CARNIVAL BURLESQUE - PARHAATBILEET.FI","isPartOf":{"@id":"https:\/\/www.parhaatbileet.fi\/lippukauppa\/#website"},"primaryImageOfPage":{"@id":"https:\/\/www.parhaatbileet.fi\/lippukauppa\/kinky-carnival-burlesque\/#primaryimage"},"image":{"@id":"https:\/\/www.parhaatbileet.fi\/lippukauppa\/kinky-carnival-burlesque\/#primaryimage"},"thumbnailUrl":"https:\/\/www.parhaatbileet.fi\/lippukauppa\/wp-content\/uploads\/2023\/12\/row.png","datePublished":"2026-04-01T18:54:31+00:00","dateModified":"2026-04-02T05:03:03+00:00","breadcrumb":{"@id":"https:\/\/www.parhaatbileet.fi\/lippukauppa\/kinky-carnival-burlesque\/#breadcrumb"},"inLanguage":"fi","potentialAction":[{"@type":"ReadAction","target":["https:\/\/www.parhaatbileet.fi\/lippukauppa\/kinky-carnival-burlesque\/"]}]},{"@type":"ImageObject","inLanguage":"fi","@id":"https:\/\/www.parhaatbileet.fi\/lippukauppa\/kinky-carnival-burlesque\/#primaryimage","url":"https:\/\/www.parhaatbileet.fi\/lippukauppa\/wp-content\/uploads\/2023\/12\/row.png","contentUrl":"https:\/\/www.parhaatbileet.fi\/lippukauppa\/wp-content\/uploads\/2023\/12\/row.png","width":1322,"height":65,"caption":"K\u00e4yt\u00f6ss\u00e4 kaikki verkkomaksupalvelut"},{"@type":"BreadcrumbList","@id":"https:\/\/www.parhaatbileet.fi\/lippukauppa\/kinky-carnival-burlesque\/#breadcrumb","itemListElement":[{"@type":"ListItem","position":1,"name":"Etusivu","item":"https:\/\/www.parhaatbileet.fi\/lippukauppa\/"},{"@type":"ListItem","position":2,"name":"KINKY CARNIVAL BURLESQUE"}]},{"@type":"WebSite","@id":"https:\/\/www.parhaatbileet.fi\/lippukauppa\/#website","url":"https:\/\/www.parhaatbileet.fi\/lippukauppa\/","name":"Parhaat bileet ja lippukauppa","description":"Lippukauppa tapahtumille. J\u00e4rjest\u00e4j\u00e4lle ilmainen.","publisher":{"@id":"https:\/\/www.parhaatbileet.fi\/lippukauppa\/#organization"},"potentialAction":[{"@type":"SearchAction","target":{"@type":"EntryPoint","urlTemplate":"https:\/\/www.parhaatbileet.fi\/lippukauppa\/?s={search_term_string}"},"query-input":{"@type":"PropertyValueSpecification","valueRequired":true,"valueName":"search_term_string"}}],"inLanguage":"fi"},{"@type":"Organization","@id":"https:\/\/www.parhaatbileet.fi\/lippukauppa\/#organization","name":"Parhaat bileet","url":"https:\/\/www.parhaatbileet.fi\/lippukauppa\/","logo":{"@type":"ImageObject","inLanguage":"fi","@id":"https:\/\/www.parhaatbileet.fi\/lippukauppa\/#\/schema\/logo\/image\/","url":"https:\/\/parhaatbileet.fi\/lippukauppa\/wp-content\/uploads\/2024\/08\/parhaat-bileet-dark-logo.png","contentUrl":"https:\/\/parhaatbileet.fi\/lippukauppa\/wp-content\/uploads\/2024\/08\/parhaat-bileet-dark-logo.png","width":1500,"height":500,"caption":"Parhaat bileet"},"image":{"@id":"https:\/\/www.parhaatbileet.fi\/lippukauppa\/#\/schema\/logo\/image\/"}}]}},"lang":"fi","translations":{"fi":54755},"pll_sync_post":[],"ticketed":false,"_links":{"self":[{"href":"https:\/\/www.parhaatbileet.fi\/lippukauppa\/wp-json\/wp\/v2\/pages\/54755","targetHints":{"allow":["GET"]}}],"collection":[{"href":"https:\/\/www.parhaatbileet.fi\/lippukauppa\/wp-json\/wp\/v2\/pages"}],"about":[{"href":"https:\/\/www.parhaatbileet.fi\/lippukauppa\/wp-json\/wp\/v2\/types\/page"}],"author":[{"embeddable":true,"href":"https:\/\/www.parhaatbileet.fi\/lippukauppa\/wp-json\/wp\/v2\/users\/2"}],"replies":[{"embeddable":true,"href":"https:\/\/www.parhaatbileet.fi\/lippukauppa\/wp-json\/wp\/v2\/comments?post=54755"}],"version-history":[{"count":26,"href":"https:\/\/www.parhaatbileet.fi\/lippukauppa\/wp-json\/wp\/v2\/pages\/54755\/revisions"}],"predecessor-version":[{"id":54826,"href":"https:\/\/www.parhaatbileet.fi\/lippukauppa\/wp-json\/wp\/v2\/pages\/54755\/revisions\/54826"}],"wp:attachment":[{"href":"https:\/\/www.parhaatbileet.fi\/lippukauppa\/wp-json\/wp\/v2\/media?parent=54755"}],"curies":[{"name":"wp","href":"https:\/\/api.w.org\/{rel}","templated":true}]}}