{"id":53547,"date":"2026-03-23T16:24:07","date_gmt":"2026-03-23T14:24:07","guid":{"rendered":"https:\/\/www.parhaatbileet.fi\/lippukauppa\/?page_id=53547"},"modified":"2026-03-24T07:36:00","modified_gmt":"2026-03-24T05:36:00","slug":"yasmine","status":"publish","type":"page","link":"https:\/\/www.parhaatbileet.fi\/lippukauppa\/yasmine\/","title":{"rendered":"Yasmine"},"content":{"rendered":"<div class=\"wpb-content-wrapper\"><p>[vc_row full_width=&#8221;stretch_row_content&#8221; full_height=&#8221;yes&#8221; leaf_row_scheme=&#8221;0&#8243; css=&#8221;.vc_custom_1774276047736{margin-top: 30px !important;background-image: url(https:\/\/www.parhaatbileet.fi\/lippukauppa\/wp-content\/uploads\/2026\/03\/JRI_8130.jpg?id=53549) !important;}&#8221;][vc_column][vc_single_image image=&#8221;53551&#8243; img_size=&#8221;full&#8221; alignment=&#8221;center&#8221; css=&#8221;&#8221;][\/vc_column][\/vc_row][vc_row full_width=&#8221;stretch_row&#8221; leaf_row_scheme=&#8221;1&#8243; css=&#8221;.vc_custom_1774297679533{background-color: #2F6953 !important;}&#8221;][vc_column css=&#8221;.vc_custom_1774297297657{padding-top: 10% !important;padding-right: 10% !important;padding-bottom: 10% !important;padding-left: 10% !important;}&#8221;][vc_single_image image=&#8221;53618&#8243; img_size=&#8221;full&#8221;][vc_column_text css=&#8221;&#8221;]<\/p>\n<h2 style=\"text-align: center;\"><strong>Ennakkoliput myynniss\u00e4 nyt!<br \/>\n<\/strong>Lumottu jasmiini tanssin\u00e4yt\u00f6s<br \/>\nla 16.5.2026 klo 15 ja klo 18<\/h2>\n<p style=\"text-align: center;\"><strong>Oulun Ty\u00f6v\u00e4en N\u00e4ytt\u00e4m\u00f6<\/strong><br \/>\nUpseerinkatu 4, 90130 Oulu<\/p>\n<h3 style=\"text-align: center; padding-top: 40px;\">Valitse n\u00e4yt\u00f6s ja osta liput \ud83d\udc47<\/h3>\n<p>[\/vc_column_text][vc_row_inner][vc_column_inner width=&#8221;1\/2&#8243;][vc_column_text css=&#8221;&#8221;]<\/p>\n<p style=\"text-align: right;\">    \t<a class=\"btn skew-btn button-button_button_94 btn-primary btn-lg \" href=\"https:\/\/www.parhaatbileet.fi\/lippukauppa\/keikka\/lumottu-jasmiini-klo-15-00-tanssinaytos-16-5-2026\/\" >\r\n        <span class=\"btn-text\">KLO 15.00 N\u00c4YT\u00d6S<\/span>        <\/a>\r\n        <\/p>\n<p>[\/vc_column_text][\/vc_column_inner][vc_column_inner width=&#8221;1\/2&#8243;][vc_column_text css=&#8221;&#8221;]<\/p>\n<p style=\"text-align: left;\">    \t<a class=\"btn skew-btn button-button_button_94 btn-primary btn-lg \" href=\"https:\/\/www.parhaatbileet.fi\/lippukauppa\/keikka\/lumottu-jasmiini-klo-18-00-tanssinaytos-16-5-2026\/\" >\r\n        <span class=\"btn-text\">KLO 18.00 N\u00c4YT\u00d6S<\/span>        <\/a>\r\n        <\/p>\n<p>[\/vc_column_text][\/vc_column_inner][\/vc_row_inner][\/vc_column][\/vc_row][vc_row full_width=&#8221;stretch_row&#8221; content_placement=&#8221;middle&#8221; leaf_row_scheme=&#8221;1&#8243; css=&#8221;.vc_custom_1774276210223{background-color: #2F6953 !important;}&#8221;][vc_column css=&#8221;.vc_custom_1774276441472{padding-top: 10% !important;padding-bottom: 10% !important;}&#8221;][vc_column_text css=&#8221;&#8221;]<\/p>\n<h2 style=\"text-align: center;\"><strong><img decoding=\"async\" class=\"aligncenter wp-image-53551 size-full\" src=\"https:\/\/www.parhaatbileet.fi\/lippukauppa\/wp-content\/uploads\/2026\/03\/Yasmine-Oulu.png\" alt=\"YASMINE OULU\" width=\"799\" height=\"202\" srcset=\"https:\/\/www.parhaatbileet.fi\/lippukauppa\/wp-content\/uploads\/2026\/03\/Yasmine-Oulu.png 799w, https:\/\/www.parhaatbileet.fi\/lippukauppa\/wp-content\/uploads\/2026\/03\/Yasmine-Oulu-300x76.png 300w, https:\/\/www.parhaatbileet.fi\/lippukauppa\/wp-content\/uploads\/2026\/03\/Yasmine-Oulu-768x194.png 768w, https:\/\/www.parhaatbileet.fi\/lippukauppa\/wp-content\/uploads\/2026\/03\/Yasmine-Oulu-600x152.png 600w\" sizes=\"(max-width: 799px) 100vw, 799px\" \/><\/strong><\/h2>\n<p style=\"text-align: center;\">Oulun it\u00e4maisen tanssin yhdistys Yasmine ry perustettiin Oulussa vuonna 1994. Yhdistyksemme tavoitteena on koota yhteen it\u00e4maisen tanssin harrastajia Pohjois-Suomen alueella. Toimimme yhteisty\u00f6ss\u00e4 valtakunnallisen <a href=\"http:\/\/www.7ht.fi\/\">Seitsem\u00e4n Hunnun Tanssi ry:n <\/a>ja muiden it\u00e4maisen tanssin yhdistysten kanssa, joten kauttamme saa tietoa it\u00e4maisen tanssin kuulumisista my\u00f6s muualta Suomesta ja maamme ulkopuolelta!<\/p>\n<p style=\"text-align: center;\">J\u00e4rjest\u00e4mme it\u00e4maisen tanssin opetusta lyhytkurssien ja viikkotuntien muodossa, ja autamme my\u00f6s it\u00e4maisen tanssin esitysten j\u00e4rjest\u00e4misess\u00e4.<\/p>\n<p style=\"text-align: center;\">    \t<a class=\"btn skew-btn button-button_button_45 btn-default \" href=\"https:\/\/yasmine.fi\" >\r\n        <span class=\"btn-text\">Lue lis\u00e4\u00e4 yhdistyksen sivuilta!<\/span>        <\/a>\r\n        <\/p>\n<p>[\/vc_column_text][\/vc_column][\/vc_row][vc_row full_width=&#8221;stretch_row_content_no_spaces&#8221; leaf_row_scheme=&#8221;0&#8243;][vc_column][vc_goo_maps location=&#8221;Upseerinkatu 4, Oulu&#8221; height=&#8221;500&#8243; zoom=&#8221;14&#8243; css=&#8221;&#8221;][\/vc_column][\/vc_row][vc_row][vc_column][vc_empty_space][vc_column_text css=&#8221;&#8221;]<\/p>\n<h2 style=\"text-align: center;\"><\/h2>\n<p style=\"text-align: center;\"><img decoding=\"async\" class=\"alignnone size-medium wp-image-12651\" src=\"https:\/\/parhaatbileet.fi\/lippukauppa\/wp-content\/uploads\/2024\/08\/parhaat-bileet-dark-logo-medium-300x100.png\" alt=\"Parhaat bileet\" width=\"300\" height=\"100\" srcset=\"https:\/\/www.parhaatbileet.fi\/lippukauppa\/wp-content\/uploads\/2024\/08\/parhaat-bileet-dark-logo-medium-300x100.png 300w, https:\/\/www.parhaatbileet.fi\/lippukauppa\/wp-content\/uploads\/2024\/08\/parhaat-bileet-dark-logo-medium.png 500w\" sizes=\"(max-width: 300px) 100vw, 300px\" \/><\/p>\n<p style=\"text-align: center;\"><strong>Lippukauppa ja paras kumppani tapahtumallesi.<\/strong><\/p>\n<p style=\"text-align: center;\">    \t<a class=\"btn skew-btn button-button_button_11 btn-primary \" href=\"https:\/\/www.parhaatbileet.fi\/lippukauppa\/lippukauppa-jarjestajalle\/\" >\r\n        <span class=\"btn-text\">Katso ja tutustu!<\/span>        <\/a>\r\n        <\/p>\n<p>[\/vc_column_text][\/vc_column][\/vc_row]<\/p>\n<\/div>","protected":false},"excerpt":{"rendered":"<p>[vc_row full_width=&#8221;stretch_row_content&#8221; full_height=&#8221;yes&#8221; leaf_row_scheme=&#8221;0&#8243; css=&#8221;.vc_custom_1774276047736{margin-top: 30px !important;background-image: url(https:\/\/www.parhaatbileet.fi\/lippukauppa\/wp-content\/uploads\/2026\/03\/JRI_8130.jpg?id=53549) !important;}&#8221;][vc_column][vc_single_image image=&#8221;53551&#8243; img_size=&#8221;full&#8221; alignment=&#8221;center&#8221; css=&#8221;&#8221;][\/vc_column][\/vc_row][vc_row full_width=&#8221;stretch_row&#8221; leaf_row_scheme=&#8221;1&#8243; css=&#8221;.vc_custom_1774297679533{background-color: #2F6953 !important;}&#8221;][vc_column css=&#8221;.vc_custom_1774297297657{padding-top: 10% !important;padding-right: 10% [&hellip;]<\/p>\n","protected":false},"author":2,"featured_media":0,"parent":0,"menu_order":0,"comment_status":"closed","ping_status":"closed","template":"","meta":{"_tec_requires_first_save":true,"_price":"","_stock":"","_tribe_ticket_header":"","_tribe_default_ticket_provider":"Tribe__Tickets_Plus__Commerce__WooCommerce__Main","_tribe_ticket_capacity":"0","_ticket_start_date":"","_ticket_end_date":"","_tribe_ticket_show_description":"","_tribe_ticket_show_not_going":false,"_tribe_ticket_use_global_stock":"","_tribe_ticket_global_stock_level":"","_global_stock_mode":"","_global_stock_cap":"","_tribe_rsvp_for_event":"","_tribe_ticket_going_count":"","_tribe_ticket_not_going_count":"","_tribe_tickets_list":"[]","_tribe_ticket_has_attendee_info_fields":false,"_EventAllDay":false,"_EventTimezone":"","_EventStartDate":"","_EventEndDate":"","_EventStartDateUTC":"","_EventEndDateUTC":"","_EventShowMap":false,"_EventShowMapLink":false,"_EventURL":"","_EventCost":"","_EventCostDescription":"","_EventCurrencySymbol":"","_EventCurrencyCode":"","_EventCurrencyPosition":"","_EventDateTimeSeparator":"","_EventTimeRangeSeparator":"","_EventOrganizerID":[],"_EventVenueID":[],"_OrganizerEmail":"","_OrganizerPhone":"","_OrganizerWebsite":"","_VenueAddress":"","_VenueCity":"","_VenueCountry":"","_VenueProvince":"","_VenueState":"","_VenueZip":"","_VenuePhone":"","_VenueURL":"","_VenueStateProvince":"","_VenueLat":"","_VenueLng":"","_VenueShowMap":false,"_VenueShowMapLink":false,"_tribe_blocks_recurrence_rules":"","_tribe_blocks_recurrence_description":"","_tribe_blocks_recurrence_exclusions":"","footnotes":"","_tec_slr_enabled":"","_tec_slr_layout":""},"class_list":["post-53547","page","type-page","status-publish","hentry"],"yoast_head":"<!-- This site is optimized with the Yoast SEO Premium plugin v27.5 (Yoast SEO v27.5) - https:\/\/yoast.com\/product\/yoast-seo-premium-wordpress\/ -->\n<title>Yasmine Ry \u2013 Oulu It\u00e4mainen tanssi<\/title>\n<meta name=\"description\" content=\"Yasmine Ry on oululainen it\u00e4maisen tanssin yhdistys. Tule ja tutustu, katso milloin seuraava tanssin\u00e4yt\u00f6s tai tilaa esitys omaan tapahtumaasi!\" \/>\n<meta name=\"robots\" content=\"index, follow, max-snippet:-1, max-image-preview:large, max-video-preview:-1\" \/>\n<link rel=\"canonical\" href=\"https:\/\/www.parhaatbileet.fi\/lippukauppa\/yasmine\/\" \/>\n<meta property=\"og:locale\" content=\"fi_FI\" \/>\n<meta property=\"og:type\" content=\"article\" \/>\n<meta property=\"og:title\" content=\"Yasmine\" \/>\n<meta property=\"og:description\" content=\"Yasmine Ry on oululainen it\u00e4maisen tanssin yhdistys. Tule ja tutustu, katso milloin seuraava tanssin\u00e4yt\u00f6s tai tilaa esitys omaan tapahtumaasi!\" \/>\n<meta property=\"og:url\" content=\"https:\/\/www.parhaatbileet.fi\/lippukauppa\/yasmine\/\" \/>\n<meta property=\"og:site_name\" content=\"PARHAATBILEET.FI\" \/>\n<meta property=\"article:modified_time\" content=\"2026-03-24T05:36:00+00:00\" \/>\n<meta property=\"og:image\" content=\"https:\/\/www.parhaatbileet.fi\/lippukauppa\/wp-content\/uploads\/2026\/03\/Yasmine-Oulu.png\" \/>\n\t<meta property=\"og:image:width\" content=\"799\" \/>\n\t<meta property=\"og:image:height\" content=\"202\" \/>\n\t<meta property=\"og:image:type\" content=\"image\/png\" \/>\n<meta name=\"twitter:card\" content=\"summary_large_image\" \/>\n<meta name=\"twitter:label1\" content=\"Arvioitu lukuaika\" \/>\n\t<meta name=\"twitter:data1\" content=\"2 minuuttia\" \/>\n<script type=\"application\/ld+json\" class=\"yoast-schema-graph\">{\"@context\":\"https:\\\/\\\/schema.org\",\"@graph\":[{\"@type\":\"WebPage\",\"@id\":\"https:\\\/\\\/www.parhaatbileet.fi\\\/lippukauppa\\\/yasmine\\\/\",\"url\":\"https:\\\/\\\/www.parhaatbileet.fi\\\/lippukauppa\\\/yasmine\\\/\",\"name\":\"Yasmine Ry \u2013 Oulu It\u00e4mainen tanssi\",\"isPartOf\":{\"@id\":\"https:\\\/\\\/www.parhaatbileet.fi\\\/lippukauppa\\\/#website\"},\"primaryImageOfPage\":{\"@id\":\"https:\\\/\\\/www.parhaatbileet.fi\\\/lippukauppa\\\/yasmine\\\/#primaryimage\"},\"image\":{\"@id\":\"https:\\\/\\\/www.parhaatbileet.fi\\\/lippukauppa\\\/yasmine\\\/#primaryimage\"},\"thumbnailUrl\":\"https:\\\/\\\/www.parhaatbileet.fi\\\/lippukauppa\\\/wp-content\\\/uploads\\\/2026\\\/03\\\/Yasmine-Oulu.png\",\"datePublished\":\"2026-03-23T14:24:07+00:00\",\"dateModified\":\"2026-03-24T05:36:00+00:00\",\"description\":\"Yasmine Ry on oululainen it\u00e4maisen tanssin yhdistys. Tule ja tutustu, katso milloin seuraava tanssin\u00e4yt\u00f6s tai tilaa esitys omaan tapahtumaasi!\",\"breadcrumb\":{\"@id\":\"https:\\\/\\\/www.parhaatbileet.fi\\\/lippukauppa\\\/yasmine\\\/#breadcrumb\"},\"inLanguage\":\"fi\",\"potentialAction\":[{\"@type\":\"ReadAction\",\"target\":[\"https:\\\/\\\/www.parhaatbileet.fi\\\/lippukauppa\\\/yasmine\\\/\"]}]},{\"@type\":\"ImageObject\",\"inLanguage\":\"fi\",\"@id\":\"https:\\\/\\\/www.parhaatbileet.fi\\\/lippukauppa\\\/yasmine\\\/#primaryimage\",\"url\":\"https:\\\/\\\/www.parhaatbileet.fi\\\/lippukauppa\\\/wp-content\\\/uploads\\\/2026\\\/03\\\/Yasmine-Oulu.png\",\"contentUrl\":\"https:\\\/\\\/www.parhaatbileet.fi\\\/lippukauppa\\\/wp-content\\\/uploads\\\/2026\\\/03\\\/Yasmine-Oulu.png\",\"width\":799,\"height\":202,\"caption\":\"YASMINE OULU\"},{\"@type\":\"BreadcrumbList\",\"@id\":\"https:\\\/\\\/www.parhaatbileet.fi\\\/lippukauppa\\\/yasmine\\\/#breadcrumb\",\"itemListElement\":[{\"@type\":\"ListItem\",\"position\":1,\"name\":\"Etusivu\",\"item\":\"https:\\\/\\\/www.parhaatbileet.fi\\\/lippukauppa\\\/\"},{\"@type\":\"ListItem\",\"position\":2,\"name\":\"Yasmine\"}]},{\"@type\":\"WebSite\",\"@id\":\"https:\\\/\\\/www.parhaatbileet.fi\\\/lippukauppa\\\/#website\",\"url\":\"https:\\\/\\\/www.parhaatbileet.fi\\\/lippukauppa\\\/\",\"name\":\"Parhaat bileet ja lippukauppa\",\"description\":\"Lippukauppa tapahtumille. J\u00e4rjest\u00e4j\u00e4lle ilmainen.\",\"publisher\":{\"@id\":\"https:\\\/\\\/www.parhaatbileet.fi\\\/lippukauppa\\\/#organization\"},\"potentialAction\":[{\"@type\":\"SearchAction\",\"target\":{\"@type\":\"EntryPoint\",\"urlTemplate\":\"https:\\\/\\\/www.parhaatbileet.fi\\\/lippukauppa\\\/?s={search_term_string}\"},\"query-input\":{\"@type\":\"PropertyValueSpecification\",\"valueRequired\":true,\"valueName\":\"search_term_string\"}}],\"inLanguage\":\"fi\"},{\"@type\":\"Organization\",\"@id\":\"https:\\\/\\\/www.parhaatbileet.fi\\\/lippukauppa\\\/#organization\",\"name\":\"Parhaat bileet\",\"url\":\"https:\\\/\\\/www.parhaatbileet.fi\\\/lippukauppa\\\/\",\"logo\":{\"@type\":\"ImageObject\",\"inLanguage\":\"fi\",\"@id\":\"https:\\\/\\\/www.parhaatbileet.fi\\\/lippukauppa\\\/#\\\/schema\\\/logo\\\/image\\\/\",\"url\":\"https:\\\/\\\/parhaatbileet.fi\\\/lippukauppa\\\/wp-content\\\/uploads\\\/2024\\\/08\\\/parhaat-bileet-dark-logo.png\",\"contentUrl\":\"https:\\\/\\\/parhaatbileet.fi\\\/lippukauppa\\\/wp-content\\\/uploads\\\/2024\\\/08\\\/parhaat-bileet-dark-logo.png\",\"width\":1500,\"height\":500,\"caption\":\"Parhaat bileet\"},\"image\":{\"@id\":\"https:\\\/\\\/www.parhaatbileet.fi\\\/lippukauppa\\\/#\\\/schema\\\/logo\\\/image\\\/\"}}]}<\/script>\n<!-- \/ Yoast SEO Premium plugin. -->","yoast_head_json":{"title":"Yasmine Ry \u2013 Oulu It\u00e4mainen tanssi","description":"Yasmine Ry on oululainen it\u00e4maisen tanssin yhdistys. Tule ja tutustu, katso milloin seuraava tanssin\u00e4yt\u00f6s tai tilaa esitys omaan tapahtumaasi!","robots":{"index":"index","follow":"follow","max-snippet":"max-snippet:-1","max-image-preview":"max-image-preview:large","max-video-preview":"max-video-preview:-1"},"canonical":"https:\/\/www.parhaatbileet.fi\/lippukauppa\/yasmine\/","og_locale":"fi_FI","og_type":"article","og_title":"Yasmine","og_description":"Yasmine Ry on oululainen it\u00e4maisen tanssin yhdistys. Tule ja tutustu, katso milloin seuraava tanssin\u00e4yt\u00f6s tai tilaa esitys omaan tapahtumaasi!","og_url":"https:\/\/www.parhaatbileet.fi\/lippukauppa\/yasmine\/","og_site_name":"PARHAATBILEET.FI","article_modified_time":"2026-03-24T05:36:00+00:00","og_image":[{"width":799,"height":202,"url":"https:\/\/www.parhaatbileet.fi\/lippukauppa\/wp-content\/uploads\/2026\/03\/Yasmine-Oulu.png","type":"image\/png"}],"twitter_card":"summary_large_image","twitter_misc":{"Arvioitu lukuaika":"2 minuuttia"},"schema":{"@context":"https:\/\/schema.org","@graph":[{"@type":"WebPage","@id":"https:\/\/www.parhaatbileet.fi\/lippukauppa\/yasmine\/","url":"https:\/\/www.parhaatbileet.fi\/lippukauppa\/yasmine\/","name":"Yasmine Ry \u2013 Oulu It\u00e4mainen tanssi","isPartOf":{"@id":"https:\/\/www.parhaatbileet.fi\/lippukauppa\/#website"},"primaryImageOfPage":{"@id":"https:\/\/www.parhaatbileet.fi\/lippukauppa\/yasmine\/#primaryimage"},"image":{"@id":"https:\/\/www.parhaatbileet.fi\/lippukauppa\/yasmine\/#primaryimage"},"thumbnailUrl":"https:\/\/www.parhaatbileet.fi\/lippukauppa\/wp-content\/uploads\/2026\/03\/Yasmine-Oulu.png","datePublished":"2026-03-23T14:24:07+00:00","dateModified":"2026-03-24T05:36:00+00:00","description":"Yasmine Ry on oululainen it\u00e4maisen tanssin yhdistys. Tule ja tutustu, katso milloin seuraava tanssin\u00e4yt\u00f6s tai tilaa esitys omaan tapahtumaasi!","breadcrumb":{"@id":"https:\/\/www.parhaatbileet.fi\/lippukauppa\/yasmine\/#breadcrumb"},"inLanguage":"fi","potentialAction":[{"@type":"ReadAction","target":["https:\/\/www.parhaatbileet.fi\/lippukauppa\/yasmine\/"]}]},{"@type":"ImageObject","inLanguage":"fi","@id":"https:\/\/www.parhaatbileet.fi\/lippukauppa\/yasmine\/#primaryimage","url":"https:\/\/www.parhaatbileet.fi\/lippukauppa\/wp-content\/uploads\/2026\/03\/Yasmine-Oulu.png","contentUrl":"https:\/\/www.parhaatbileet.fi\/lippukauppa\/wp-content\/uploads\/2026\/03\/Yasmine-Oulu.png","width":799,"height":202,"caption":"YASMINE OULU"},{"@type":"BreadcrumbList","@id":"https:\/\/www.parhaatbileet.fi\/lippukauppa\/yasmine\/#breadcrumb","itemListElement":[{"@type":"ListItem","position":1,"name":"Etusivu","item":"https:\/\/www.parhaatbileet.fi\/lippukauppa\/"},{"@type":"ListItem","position":2,"name":"Yasmine"}]},{"@type":"WebSite","@id":"https:\/\/www.parhaatbileet.fi\/lippukauppa\/#website","url":"https:\/\/www.parhaatbileet.fi\/lippukauppa\/","name":"Parhaat bileet ja lippukauppa","description":"Lippukauppa tapahtumille. J\u00e4rjest\u00e4j\u00e4lle ilmainen.","publisher":{"@id":"https:\/\/www.parhaatbileet.fi\/lippukauppa\/#organization"},"potentialAction":[{"@type":"SearchAction","target":{"@type":"EntryPoint","urlTemplate":"https:\/\/www.parhaatbileet.fi\/lippukauppa\/?s={search_term_string}"},"query-input":{"@type":"PropertyValueSpecification","valueRequired":true,"valueName":"search_term_string"}}],"inLanguage":"fi"},{"@type":"Organization","@id":"https:\/\/www.parhaatbileet.fi\/lippukauppa\/#organization","name":"Parhaat bileet","url":"https:\/\/www.parhaatbileet.fi\/lippukauppa\/","logo":{"@type":"ImageObject","inLanguage":"fi","@id":"https:\/\/www.parhaatbileet.fi\/lippukauppa\/#\/schema\/logo\/image\/","url":"https:\/\/parhaatbileet.fi\/lippukauppa\/wp-content\/uploads\/2024\/08\/parhaat-bileet-dark-logo.png","contentUrl":"https:\/\/parhaatbileet.fi\/lippukauppa\/wp-content\/uploads\/2024\/08\/parhaat-bileet-dark-logo.png","width":1500,"height":500,"caption":"Parhaat bileet"},"image":{"@id":"https:\/\/www.parhaatbileet.fi\/lippukauppa\/#\/schema\/logo\/image\/"}}]}},"lang":"fi","translations":{"fi":53547},"pll_sync_post":{},"ticketed":false,"_links":{"self":[{"href":"https:\/\/www.parhaatbileet.fi\/lippukauppa\/wp-json\/wp\/v2\/pages\/53547","targetHints":{"allow":["GET"]}}],"collection":[{"href":"https:\/\/www.parhaatbileet.fi\/lippukauppa\/wp-json\/wp\/v2\/pages"}],"about":[{"href":"https:\/\/www.parhaatbileet.fi\/lippukauppa\/wp-json\/wp\/v2\/types\/page"}],"author":[{"embeddable":true,"href":"https:\/\/www.parhaatbileet.fi\/lippukauppa\/wp-json\/wp\/v2\/users\/2"}],"replies":[{"embeddable":true,"href":"https:\/\/www.parhaatbileet.fi\/lippukauppa\/wp-json\/wp\/v2\/comments?post=53547"}],"version-history":[{"count":25,"href":"https:\/\/www.parhaatbileet.fi\/lippukauppa\/wp-json\/wp\/v2\/pages\/53547\/revisions"}],"predecessor-version":[{"id":53688,"href":"https:\/\/www.parhaatbileet.fi\/lippukauppa\/wp-json\/wp\/v2\/pages\/53547\/revisions\/53688"}],"wp:attachment":[{"href":"https:\/\/www.parhaatbileet.fi\/lippukauppa\/wp-json\/wp\/v2\/media?parent=53547"}],"curies":[{"name":"wp","href":"https:\/\/api.w.org\/{rel}","templated":true}]}}