{"id":52705,"date":"2026-03-18T20:50:56","date_gmt":"2026-03-18T18:50:56","guid":{"rendered":"https:\/\/www.parhaatbileet.fi\/lippukauppa\/?page_id=52705"},"modified":"2026-03-20T08:27:21","modified_gmt":"2026-03-20T06:27:21","slug":"uutiskirje-ja-keikkatarpit","status":"publish","type":"page","link":"https:\/\/www.parhaatbileet.fi\/lippukauppa\/uutiskirje-ja-keikkatarpit\/","title":{"rendered":"Uutiskirje ja keikkat\u00e4rpit"},"content":{"rendered":"<div class=\"wpb-content-wrapper\"><p>[vc_row full_width=&#8221;stretch_row&#8221; equal_height=&#8221;yes&#8221; leaf_row_scheme=&#8221;0&#8243;][vc_column css=&#8221;.vc_custom_1773859246001{padding-top: 60px !important;}&#8221;][vc_column_text css=&#8221;.vc_custom_1773952175938{margin-bottom: 0px !important;}&#8221;]<\/p>\n<h1 style=\"margin-bottom: 60px; padding-top: 0px;\"><strong>Tilaa Parhaat Bileet -uutiskirje<\/strong><br \/>\n\u2013 keikkat\u00e4rpit noin kerran kuukaudessa!<\/h1>\n<p><strong>Haluatko tiedon tulevista keikoista ja lipput\u00e4rpeist\u00e4 suoraan s\u00e4hk\u00f6postiin? Tilaa ParhaatBileet.fi:n uutiskirje. L\u00e4het\u00e4mme kirjeen yleens\u00e4 noin kerran kuukaudessa. <\/strong>\ud83d\ude0e<\/p>\n<p>Meille on t\u00e4rke\u00e4\u00e4 toimia fiksusti ja s\u00e4\u00e4nt\u00f6jen mukaan: saat viestej\u00e4 <strong data-start=\"593\" data-end=\"624\">vain jos tilaat listan itse.<\/strong> Lis\u00e4ksi voit perua tilauksen milloin tahansa jokaisen viestin peruutuslinkist\u00e4. Aloitimme s\u00e4hk\u00f6postien ker\u00e4\u00e4misen &#8221;puhtaalta p\u00f6yd\u00e4lt\u00e4&#8221;, joten mik\u00e4li olet joskus aikaisemmin esim. ostoksen yhteydess\u00e4 klikannut jollekin listallemme &#8211; tee se nyt uudelleen alta. \ud83d\udc47 N\u00e4in varmistamme, ett\u00e4 meill\u00e4 on ajantasainen lista &#8211; eik\u00e4 kukaan saa kirjett\u00e4 vastoin tahtoaan.<\/p>\n<p>&nbsp;<\/p>\n<h2><strong>Tilaa alla olevalla lomakkeella tai kassalla<\/strong><\/h2>\n<p>T\u00e4yt\u00e4 s\u00e4hk\u00f6postiosoitteesi alla olevaan lomakkeeseen ja vahvista tilaus s\u00e4hk\u00f6postiin tulevasta vahvistusviestist\u00e4. Jos olet ostamassa lippuja lippukaupastamme, voit tilata uutiskirjeen my\u00f6s kassalla valitsemalla: <strong data-start=\"967\" data-end=\"1047\">\u2705 Tilaan ParhaatBileet.fi:n uutiskirjeen (tulevat keikat ja lipput\u00e4rpit noin kerran kuukaudessa).<\/strong><\/p>\n<p>&nbsp;<\/p>\n<p>[\/vc_column_text][vc_raw_html css=&#8221;&#8221;]JTVCbWFpbHBvZXRfZm9ybSUyMGlkJTNEJTIyMSUyMiU1RA==[\/vc_raw_html][vc_column_text]<\/p>\n<h3><strong>Eik\u00f6 lomake n\u00e4y?<\/strong><\/h3>\n<p>Jos k\u00e4yt\u00e4t mainos-\/seurantablokkereita (adblock), ne voivat est\u00e4\u00e4 uutiskirjelomakkeen n\u00e4kymisen. Voit tilata uutiskirjeen my\u00f6s kassalla lipunoston yhteydess\u00e4 tai laittamalla viestin osoitteeseen info@parhaatbileet.fi.[\/vc_column_text][\/vc_column][\/vc_row]<\/p>\n<\/div>","protected":false},"excerpt":{"rendered":"<p>[vc_row full_width=&#8221;stretch_row&#8221; equal_height=&#8221;yes&#8221; leaf_row_scheme=&#8221;0&#8243;][vc_column css=&#8221;.vc_custom_1773859246001{padding-top: 60px !important;}&#8221;][vc_column_text css=&#8221;.vc_custom_1773952175938{margin-bottom: 0px !important;}&#8221;] Tilaa Parhaat Bileet -uutiskirje \u2013 keikkat\u00e4rpit noin kerran kuukaudessa! Haluatko tiedon tulevista [&hellip;]<\/p>\n","protected":false},"author":2,"featured_media":0,"parent":0,"menu_order":0,"comment_status":"closed","ping_status":"closed","template":"","meta":{"_tec_requires_first_save":true,"_price":"","_stock":"","_tribe_ticket_header":"","_tribe_default_ticket_provider":"Tribe__Tickets_Plus__Commerce__WooCommerce__Main","_tribe_ticket_capacity":"0","_ticket_start_date":"","_ticket_end_date":"","_tribe_ticket_show_description":"","_tribe_ticket_show_not_going":false,"_tribe_ticket_use_global_stock":"","_tribe_ticket_global_stock_level":"","_global_stock_mode":"","_global_stock_cap":"","_tribe_rsvp_for_event":"","_tribe_ticket_going_count":"","_tribe_ticket_not_going_count":"","_tribe_tickets_list":"[]","_tribe_ticket_has_attendee_info_fields":false,"_EventAllDay":false,"_EventTimezone":"","_EventStartDate":"","_EventEndDate":"","_EventStartDateUTC":"","_EventEndDateUTC":"","_EventShowMap":false,"_EventShowMapLink":false,"_EventURL":"","_EventCost":"","_EventCostDescription":"","_EventCurrencySymbol":"","_EventCurrencyCode":"","_EventCurrencyPosition":"","_EventDateTimeSeparator":"","_EventTimeRangeSeparator":"","_EventOrganizerID":[],"_EventVenueID":[],"_OrganizerEmail":"","_OrganizerPhone":"","_OrganizerWebsite":"","_VenueAddress":"","_VenueCity":"","_VenueCountry":"","_VenueProvince":"","_VenueState":"","_VenueZip":"","_VenuePhone":"","_VenueURL":"","_VenueStateProvince":"","_VenueLat":"","_VenueLng":"","_VenueShowMap":false,"_VenueShowMapLink":false,"_tribe_blocks_recurrence_rules":"","_tribe_blocks_recurrence_description":"","_tribe_blocks_recurrence_exclusions":"","footnotes":"","_tec_slr_enabled":"","_tec_slr_layout":""},"class_list":["post-52705","page","type-page","status-publish","hentry"],"yoast_head":"<!-- This site is optimized with the Yoast SEO Premium plugin v27.5 (Yoast SEO v27.5) - https:\/\/yoast.com\/product\/yoast-seo-premium-wordpress\/ -->\n<title>ParhaatBileet.fi uutiskirje \u2013 tulevat keikat ja lipput\u00e4rpit<\/title>\n<meta name=\"description\" content=\"\u2705 Tilaa ParhaatBileet.fi uutiskirje: tulevat keikat ja lipput\u00e4rpit suoraan s\u00e4hk\u00f6postiin. Kerran kuukaudessa, ei sp\u00e4mmi\u00e4. Peru milloin tahansa.\" \/>\n<meta name=\"robots\" content=\"index, follow, max-snippet:-1, max-image-preview:large, max-video-preview:-1\" \/>\n<link rel=\"canonical\" href=\"https:\/\/www.parhaatbileet.fi\/lippukauppa\/uutiskirje-ja-keikkatarpit\/\" \/>\n<meta property=\"og:locale\" content=\"fi_FI\" \/>\n<meta property=\"og:type\" content=\"article\" \/>\n<meta property=\"og:title\" content=\"Uutiskirje ja keikkat\u00e4rpit\" \/>\n<meta property=\"og:description\" content=\"\u2705 Tilaa ParhaatBileet.fi uutiskirje: tulevat keikat ja lipput\u00e4rpit suoraan s\u00e4hk\u00f6postiin. Kerran kuukaudessa, ei sp\u00e4mmi\u00e4. Peru milloin tahansa.\" \/>\n<meta property=\"og:url\" content=\"https:\/\/www.parhaatbileet.fi\/lippukauppa\/uutiskirje-ja-keikkatarpit\/\" \/>\n<meta property=\"og:site_name\" content=\"PARHAATBILEET.FI\" \/>\n<meta property=\"article:modified_time\" content=\"2026-03-20T06:27:21+00:00\" \/>\n<meta property=\"og:image\" content=\"https:\/\/www.parhaatbileet.fi\/lippukauppa\/wp-content\/uploads\/2023\/08\/header.jpg\" \/>\n\t<meta property=\"og:image:width\" content=\"1920\" \/>\n\t<meta property=\"og:image:height\" content=\"1080\" \/>\n\t<meta property=\"og:image:type\" content=\"image\/jpeg\" \/>\n<meta name=\"twitter:card\" content=\"summary_large_image\" \/>\n<meta name=\"twitter:label1\" content=\"Arvioitu lukuaika\" \/>\n\t<meta name=\"twitter:data1\" content=\"2 minuuttia\" \/>\n<script type=\"application\/ld+json\" class=\"yoast-schema-graph\">{\"@context\":\"https:\\\/\\\/schema.org\",\"@graph\":[{\"@type\":\"WebPage\",\"@id\":\"https:\\\/\\\/www.parhaatbileet.fi\\\/lippukauppa\\\/uutiskirje-ja-keikkatarpit\\\/\",\"url\":\"https:\\\/\\\/www.parhaatbileet.fi\\\/lippukauppa\\\/uutiskirje-ja-keikkatarpit\\\/\",\"name\":\"ParhaatBileet.fi uutiskirje \u2013 tulevat keikat ja lipput\u00e4rpit\",\"isPartOf\":{\"@id\":\"https:\\\/\\\/www.parhaatbileet.fi\\\/lippukauppa\\\/#website\"},\"datePublished\":\"2026-03-18T18:50:56+00:00\",\"dateModified\":\"2026-03-20T06:27:21+00:00\",\"description\":\"\u2705 Tilaa ParhaatBileet.fi uutiskirje: tulevat keikat ja lipput\u00e4rpit suoraan s\u00e4hk\u00f6postiin. Kerran kuukaudessa, ei sp\u00e4mmi\u00e4. Peru milloin tahansa.\",\"breadcrumb\":{\"@id\":\"https:\\\/\\\/www.parhaatbileet.fi\\\/lippukauppa\\\/uutiskirje-ja-keikkatarpit\\\/#breadcrumb\"},\"inLanguage\":\"fi\",\"potentialAction\":[{\"@type\":\"ReadAction\",\"target\":[\"https:\\\/\\\/www.parhaatbileet.fi\\\/lippukauppa\\\/uutiskirje-ja-keikkatarpit\\\/\"]}]},{\"@type\":\"BreadcrumbList\",\"@id\":\"https:\\\/\\\/www.parhaatbileet.fi\\\/lippukauppa\\\/uutiskirje-ja-keikkatarpit\\\/#breadcrumb\",\"itemListElement\":[{\"@type\":\"ListItem\",\"position\":1,\"name\":\"Etusivu\",\"item\":\"https:\\\/\\\/www.parhaatbileet.fi\\\/lippukauppa\\\/\"},{\"@type\":\"ListItem\",\"position\":2,\"name\":\"Uutiskirje ja keikkat\u00e4rpit\"}]},{\"@type\":\"WebSite\",\"@id\":\"https:\\\/\\\/www.parhaatbileet.fi\\\/lippukauppa\\\/#website\",\"url\":\"https:\\\/\\\/www.parhaatbileet.fi\\\/lippukauppa\\\/\",\"name\":\"Parhaat bileet ja lippukauppa\",\"description\":\"Lippukauppa tapahtumille. J\u00e4rjest\u00e4j\u00e4lle ilmainen.\",\"publisher\":{\"@id\":\"https:\\\/\\\/www.parhaatbileet.fi\\\/lippukauppa\\\/#organization\"},\"potentialAction\":[{\"@type\":\"SearchAction\",\"target\":{\"@type\":\"EntryPoint\",\"urlTemplate\":\"https:\\\/\\\/www.parhaatbileet.fi\\\/lippukauppa\\\/?s={search_term_string}\"},\"query-input\":{\"@type\":\"PropertyValueSpecification\",\"valueRequired\":true,\"valueName\":\"search_term_string\"}}],\"inLanguage\":\"fi\"},{\"@type\":\"Organization\",\"@id\":\"https:\\\/\\\/www.parhaatbileet.fi\\\/lippukauppa\\\/#organization\",\"name\":\"Parhaat bileet\",\"url\":\"https:\\\/\\\/www.parhaatbileet.fi\\\/lippukauppa\\\/\",\"logo\":{\"@type\":\"ImageObject\",\"inLanguage\":\"fi\",\"@id\":\"https:\\\/\\\/www.parhaatbileet.fi\\\/lippukauppa\\\/#\\\/schema\\\/logo\\\/image\\\/\",\"url\":\"https:\\\/\\\/parhaatbileet.fi\\\/lippukauppa\\\/wp-content\\\/uploads\\\/2024\\\/08\\\/parhaat-bileet-dark-logo.png\",\"contentUrl\":\"https:\\\/\\\/parhaatbileet.fi\\\/lippukauppa\\\/wp-content\\\/uploads\\\/2024\\\/08\\\/parhaat-bileet-dark-logo.png\",\"width\":1500,\"height\":500,\"caption\":\"Parhaat bileet\"},\"image\":{\"@id\":\"https:\\\/\\\/www.parhaatbileet.fi\\\/lippukauppa\\\/#\\\/schema\\\/logo\\\/image\\\/\"}}]}<\/script>\n<!-- \/ Yoast SEO Premium plugin. -->","yoast_head_json":{"title":"ParhaatBileet.fi uutiskirje \u2013 tulevat keikat ja lipput\u00e4rpit","description":"\u2705 Tilaa ParhaatBileet.fi uutiskirje: tulevat keikat ja lipput\u00e4rpit suoraan s\u00e4hk\u00f6postiin. Kerran kuukaudessa, ei sp\u00e4mmi\u00e4. Peru milloin tahansa.","robots":{"index":"index","follow":"follow","max-snippet":"max-snippet:-1","max-image-preview":"max-image-preview:large","max-video-preview":"max-video-preview:-1"},"canonical":"https:\/\/www.parhaatbileet.fi\/lippukauppa\/uutiskirje-ja-keikkatarpit\/","og_locale":"fi_FI","og_type":"article","og_title":"Uutiskirje ja keikkat\u00e4rpit","og_description":"\u2705 Tilaa ParhaatBileet.fi uutiskirje: tulevat keikat ja lipput\u00e4rpit suoraan s\u00e4hk\u00f6postiin. Kerran kuukaudessa, ei sp\u00e4mmi\u00e4. Peru milloin tahansa.","og_url":"https:\/\/www.parhaatbileet.fi\/lippukauppa\/uutiskirje-ja-keikkatarpit\/","og_site_name":"PARHAATBILEET.FI","article_modified_time":"2026-03-20T06:27:21+00:00","og_image":[{"width":1920,"height":1080,"url":"https:\/\/www.parhaatbileet.fi\/lippukauppa\/wp-content\/uploads\/2023\/08\/header.jpg","type":"image\/jpeg"}],"twitter_card":"summary_large_image","twitter_misc":{"Arvioitu lukuaika":"2 minuuttia"},"schema":{"@context":"https:\/\/schema.org","@graph":[{"@type":"WebPage","@id":"https:\/\/www.parhaatbileet.fi\/lippukauppa\/uutiskirje-ja-keikkatarpit\/","url":"https:\/\/www.parhaatbileet.fi\/lippukauppa\/uutiskirje-ja-keikkatarpit\/","name":"ParhaatBileet.fi uutiskirje \u2013 tulevat keikat ja lipput\u00e4rpit","isPartOf":{"@id":"https:\/\/www.parhaatbileet.fi\/lippukauppa\/#website"},"datePublished":"2026-03-18T18:50:56+00:00","dateModified":"2026-03-20T06:27:21+00:00","description":"\u2705 Tilaa ParhaatBileet.fi uutiskirje: tulevat keikat ja lipput\u00e4rpit suoraan s\u00e4hk\u00f6postiin. Kerran kuukaudessa, ei sp\u00e4mmi\u00e4. Peru milloin tahansa.","breadcrumb":{"@id":"https:\/\/www.parhaatbileet.fi\/lippukauppa\/uutiskirje-ja-keikkatarpit\/#breadcrumb"},"inLanguage":"fi","potentialAction":[{"@type":"ReadAction","target":["https:\/\/www.parhaatbileet.fi\/lippukauppa\/uutiskirje-ja-keikkatarpit\/"]}]},{"@type":"BreadcrumbList","@id":"https:\/\/www.parhaatbileet.fi\/lippukauppa\/uutiskirje-ja-keikkatarpit\/#breadcrumb","itemListElement":[{"@type":"ListItem","position":1,"name":"Etusivu","item":"https:\/\/www.parhaatbileet.fi\/lippukauppa\/"},{"@type":"ListItem","position":2,"name":"Uutiskirje ja keikkat\u00e4rpit"}]},{"@type":"WebSite","@id":"https:\/\/www.parhaatbileet.fi\/lippukauppa\/#website","url":"https:\/\/www.parhaatbileet.fi\/lippukauppa\/","name":"Parhaat bileet ja lippukauppa","description":"Lippukauppa tapahtumille. J\u00e4rjest\u00e4j\u00e4lle ilmainen.","publisher":{"@id":"https:\/\/www.parhaatbileet.fi\/lippukauppa\/#organization"},"potentialAction":[{"@type":"SearchAction","target":{"@type":"EntryPoint","urlTemplate":"https:\/\/www.parhaatbileet.fi\/lippukauppa\/?s={search_term_string}"},"query-input":{"@type":"PropertyValueSpecification","valueRequired":true,"valueName":"search_term_string"}}],"inLanguage":"fi"},{"@type":"Organization","@id":"https:\/\/www.parhaatbileet.fi\/lippukauppa\/#organization","name":"Parhaat bileet","url":"https:\/\/www.parhaatbileet.fi\/lippukauppa\/","logo":{"@type":"ImageObject","inLanguage":"fi","@id":"https:\/\/www.parhaatbileet.fi\/lippukauppa\/#\/schema\/logo\/image\/","url":"https:\/\/parhaatbileet.fi\/lippukauppa\/wp-content\/uploads\/2024\/08\/parhaat-bileet-dark-logo.png","contentUrl":"https:\/\/parhaatbileet.fi\/lippukauppa\/wp-content\/uploads\/2024\/08\/parhaat-bileet-dark-logo.png","width":1500,"height":500,"caption":"Parhaat bileet"},"image":{"@id":"https:\/\/www.parhaatbileet.fi\/lippukauppa\/#\/schema\/logo\/image\/"}}]}},"lang":"fi","translations":{"fi":52705},"pll_sync_post":{},"ticketed":false,"_links":{"self":[{"href":"https:\/\/www.parhaatbileet.fi\/lippukauppa\/wp-json\/wp\/v2\/pages\/52705","targetHints":{"allow":["GET"]}}],"collection":[{"href":"https:\/\/www.parhaatbileet.fi\/lippukauppa\/wp-json\/wp\/v2\/pages"}],"about":[{"href":"https:\/\/www.parhaatbileet.fi\/lippukauppa\/wp-json\/wp\/v2\/types\/page"}],"author":[{"embeddable":true,"href":"https:\/\/www.parhaatbileet.fi\/lippukauppa\/wp-json\/wp\/v2\/users\/2"}],"replies":[{"embeddable":true,"href":"https:\/\/www.parhaatbileet.fi\/lippukauppa\/wp-json\/wp\/v2\/comments?post=52705"}],"version-history":[{"count":23,"href":"https:\/\/www.parhaatbileet.fi\/lippukauppa\/wp-json\/wp\/v2\/pages\/52705\/revisions"}],"predecessor-version":[{"id":52717,"href":"https:\/\/www.parhaatbileet.fi\/lippukauppa\/wp-json\/wp\/v2\/pages\/52705\/revisions\/52717"}],"wp:attachment":[{"href":"https:\/\/www.parhaatbileet.fi\/lippukauppa\/wp-json\/wp\/v2\/media?parent=52705"}],"curies":[{"name":"wp","href":"https:\/\/api.w.org\/{rel}","templated":true}]}}