{"id":4926,"date":"2023-09-14T19:56:25","date_gmt":"2023-09-14T19:56:25","guid":{"rendered":"https:\/\/parhaatbileet.fi\/lippukauppa\/parhaat-bileet-english\/"},"modified":"2025-09-17T15:59:12","modified_gmt":"2025-09-17T13:59:12","slug":"parhaat-bileet-english","status":"publish","type":"page","link":"https:\/\/www.parhaatbileet.fi\/lippukauppa\/en\/parhaat-bileet-english\/","title":{"rendered":"PARHAAT BILEET &#8211; in English"},"content":{"rendered":"<div class=\"wpb-content-wrapper\"><p>[vc_row full_width=&#8221;stretch_row_content_no_spaces&#8221; full_height=&#8221;yes&#8221; columns_placement=&#8221;stretch&#8221; content_placement=&#8221;middle&#8221; leaf_row_scheme=&#8221;1&#8243; css=&#8221;.vc_custom_1757658078551{margin-top: -60px !important;margin-bottom: 0px !important;padding-top: 0px !important;padding-bottom: 0px !important;background: #494949 url(https:\/\/parhaatbileet.fi\/lippukauppa\/wp-content\/uploads\/2025\/09\/woyzeck-tausta.jpg?id=32004) !important;background-position: center !important;background-repeat: no-repeat !important;background-size: cover !important;}&#8221;][vc_column css=&#8221;.vc_custom_1757658384429{padding-top: 100px !important;padding-right: 20px !important;padding-left: 20px !important;background-color: #00000066 !important;}&#8221;][vc_column_text css=&#8221;&#8221;]<\/p>\n<p style=\"text-align: center;\"><span style=\"font-size: 38px; line-height: 36px;\"><img decoding=\"async\" class=\"wp-image-18203 size-full aligncenter\" src=\"https:\/\/staging.parhaatbileet.fi\/wp-content\/uploads\/2023\/08\/parhaat-bileet-header-logo.png\" alt=\"Parhaat Bileet lippukauppa\" width=\"600\" height=\"182\" srcset=\"https:\/\/www.parhaatbileet.fi\/lippukauppa\/wp-content\/uploads\/2023\/08\/parhaat-bileet-header-logo.png 600w, https:\/\/www.parhaatbileet.fi\/lippukauppa\/wp-content\/uploads\/2023\/08\/parhaat-bileet-header-logo-300x91.png 300w\" sizes=\"(max-width: 600px) 100vw, 600px\" \/><\/span><\/p>\n<p style=\"text-align: center;\"><span style=\"font-size: 38px; line-height: 36px;\">TICKETS FOR THE BEST EVENTS<\/span><\/p>\n<p style=\"font-size: 18px; margin-bottom: 60px; margin-top: -20px; text-align: center;\"><strong>Concerts, gigs &amp; good times in Northern Finland<\/strong><\/p>\n<p>[\/vc_column_text]    \t<section class=\"leaf-event-carousel shortcode-carousel-9171 \"  data-delay=\"0\">\n        <div class=\"event-carousel-wrap\">\n            <div class=\"init-carousel carousel-has-control\" data-items=6 data-navigation=1>\n            \t\t\t\t\t\n            \t\n              <\/div>\n        <\/div>\n\t<\/section><!--\/event-carousel-->\n\t[vc_column_text css=&#8221;&#8221; el_class=&#8221;showonphone&#8221;]<\/p>\n<p style=\"text-align: center;\">Swipe to the left. \u2b05\ufe0f<\/p>\n<p>[\/vc_column_text][vc_column_text css=&#8221;&#8221;]<\/p>\n<p style=\"text-align: center;\">    \t<a class=\"btn skew-btn button-button_button_33 btn-primary btn-lg \" href=\"https:\/\/www.parhaatbileet.fi\/en\/gigs\/\" >\r\n        <span class=\"btn-text\"> See upcoming events! <\/span>        <\/a>\r\n        <\/p>\n<p style=\"text-align: center;\"><strong>Please note: Not all events are translated into English. For the full event calendar, see the <span style=\"color: #ffcc00;\"><a style=\"color: #ffcc00;\" href=\"https:\/\/parhaatbileet.fi\/lippukauppa\/\">Finnish site<\/a><\/span>.<\/strong><\/p>\n<p>[\/vc_column_text][\/vc_column][\/vc_row][vc_row content_placement=&#8221;middle&#8221; leaf_row_scheme=&#8221;0&#8243; css=&#8221;.vc_custom_1757658436035{margin-top: 32px !important;}&#8221;][vc_column css=&#8221;.vc_custom_1758112183225{padding-top: 40px !important;}&#8221;][vc_column_text css=&#8221;&#8221;]<\/p>\n<h2 style=\"text-align: center;\" data-start=\"344\" data-end=\"407\"><strong>TICKETS &amp; EVENTS IN NORTHERN FINLAND<\/strong><\/h2>\n<p style=\"text-align: center;\" data-start=\"409\" data-end=\"558\">When Finland\u2019s hardest-hitting show band <strong data-start=\"450\" data-end=\"461\">Woyzeck<\/strong> fell deeper into the world of events, the idea for <em data-start=\"528\" data-end=\"546\">parhaatbileet.fi<\/em> was born.<\/p>\n<p style=\"text-align: center;\" data-start=\"560\" data-end=\"750\">This site exists to give smaller concerts and events better visibility \u2013 and an easy way for you to discover them. Here you\u2019ll find event pages, info, and a ticket shop powered by Woyzeck.<\/p>\n<h3 style=\"text-align: center;\" data-start=\"752\" data-end=\"810\"><strong>Check out the gig selection and grab your tickets today!<\/strong><\/h3>\n<p>[\/vc_column_text][vc_column_text css=&#8221;&#8221;]<\/p>\n<hr \/>\n<p>[\/vc_column_text][\/vc_column][\/vc_row][vc_row leaf_row_scheme=&#8221;0&#8243; css=&#8221;.vc_custom_1758110672013{padding-top: 40px !important;}&#8221;][vc_column width=&#8221;1\/4&#8243;][vc_single_image image=&#8221;32015&#8243; img_size=&#8221;full&#8221; alignment=&#8221;center&#8221; style=&#8221;vc_box_rounded&#8221; css=&#8221;&#8221;][\/vc_column][vc_column width=&#8221;1\/4&#8243;][vc_single_image image=&#8221;32014&#8243; img_size=&#8221;full&#8221; alignment=&#8221;center&#8221; style=&#8221;vc_box_rounded&#8221; css=&#8221;&#8221;][\/vc_column][vc_column width=&#8221;1\/4&#8243;][vc_single_image image=&#8221;32013&#8243; img_size=&#8221;full&#8221; alignment=&#8221;center&#8221; style=&#8221;vc_box_rounded&#8221; css=&#8221;&#8221;][\/vc_column][vc_column width=&#8221;1\/4&#8243;][vc_single_image image=&#8221;32012&#8243; img_size=&#8221;full&#8221; alignment=&#8221;center&#8221; style=&#8221;vc_box_rounded&#8221; css=&#8221;&#8221;][\/vc_column][\/vc_row][vc_row][vc_column][vc_column_text css=&#8221;&#8221;]<\/p>\n<hr \/>\n<h2 style=\"text-align: center;\"><strong data-start=\"522\" data-end=\"562\">Everything you need to sell tickets.<\/strong><br data-start=\"562\" data-end=\"565\" \/><em>From launch to sold-out\u2014simple and fast.<\/em><\/h2>\n<p style=\"text-align: center;\">    \t<a class=\"btn skew-btn button-button_button_51 btn-primary \" href=\"https:\/\/parhaatbileet.fi\/lippukauppa\/en\/event-marketing\/\" >\r\n        <span class=\"btn-text\"> Explore our services <\/span>        <\/a>\r\n        <\/p>\n<p style=\"text-align: center;\"><strong>You\u2019ll love working with us. \ud83d\udc4a<\/strong><\/p>\n<p>[\/vc_column_text][\/vc_column][\/vc_row]<\/p>\n<\/div>","protected":false},"excerpt":{"rendered":"<p>[vc_row full_width=&#8221;stretch_row_content_no_spaces&#8221; full_height=&#8221;yes&#8221; columns_placement=&#8221;stretch&#8221; content_placement=&#8221;middle&#8221; leaf_row_scheme=&#8221;1&#8243; css=&#8221;.vc_custom_1757658078551{margin-top: -60px !important;margin-bottom: 0px !important;padding-top: 0px !important;padding-bottom: 0px !important;background: #494949 url(https:\/\/parhaatbileet.fi\/lippukauppa\/wp-content\/uploads\/2025\/09\/woyzeck-tausta.jpg?id=32004) !important;background-position: center !important;background-repeat: no-repeat !important;background-size: [&hellip;]<\/p>\n","protected":false},"author":2,"featured_media":6089,"parent":0,"menu_order":5,"comment_status":"closed","ping_status":"closed","template":"","meta":{"_tec_requires_first_save":true,"_price":"","_stock":"","_tribe_ticket_header":"","_tribe_default_ticket_provider":"Tribe__Tickets_Plus__Commerce__WooCommerce__Main","_tribe_ticket_capacity":"0","_ticket_start_date":"","_ticket_end_date":"","_tribe_ticket_show_description":"","_tribe_ticket_show_not_going":false,"_tribe_ticket_use_global_stock":"","_tribe_ticket_global_stock_level":"","_global_stock_mode":"","_global_stock_cap":"","_tribe_rsvp_for_event":"","_tribe_ticket_going_count":"","_tribe_ticket_not_going_count":"","_tribe_tickets_list":"[]","_tribe_ticket_has_attendee_info_fields":false,"_EventAllDay":false,"_EventTimezone":"","_EventStartDate":"","_EventEndDate":"","_EventStartDateUTC":"","_EventEndDateUTC":"","_EventShowMap":false,"_EventShowMapLink":false,"_EventURL":"","_EventCost":"","_EventCostDescription":"","_EventCurrencySymbol":"","_EventCurrencyCode":"","_EventCurrencyPosition":"","_EventDateTimeSeparator":"","_EventTimeRangeSeparator":"","_EventOrganizerID":[],"_EventVenueID":[],"_OrganizerEmail":"","_OrganizerPhone":"","_OrganizerWebsite":"","_VenueAddress":"","_VenueCity":"","_VenueCountry":"","_VenueProvince":"","_VenueState":"","_VenueZip":"","_VenuePhone":"","_VenueURL":"","_VenueStateProvince":"","_VenueLat":"","_VenueLng":"","_VenueShowMap":false,"_VenueShowMapLink":false,"_tribe_blocks_recurrence_rules":"","_tribe_blocks_recurrence_description":"","_tribe_blocks_recurrence_exclusions":"","footnotes":"","_tec_slr_enabled":"","_tec_slr_layout":""},"class_list":["post-4926","page","type-page","status-publish","has-post-thumbnail","hentry"],"yoast_head":"<!-- This site is optimized with the Yoast SEO Premium plugin v27.4 (Yoast SEO v27.4) - https:\/\/yoast.com\/product\/yoast-seo-premium-wordpress\/ -->\n<title>Parhaat Bileet \u2014 Live Events &amp; Tickets in Finland<\/title>\n<meta name=\"description\" content=\"Discover the best gigs and live events in Northern Finland. Parhaat Bileet offers event info, ticket sales and unforgettable nights. Explore, buy tickets, and enjoy the show!\" \/>\n<meta name=\"robots\" content=\"index, follow, max-snippet:-1, max-image-preview:large, max-video-preview:-1\" \/>\n<link rel=\"canonical\" href=\"https:\/\/www.parhaatbileet.fi\/lippukauppa\/en\/parhaat-bileet-english\/\" \/>\n<meta property=\"og:locale\" content=\"fi_FI\" \/>\n<meta property=\"og:type\" content=\"article\" \/>\n<meta property=\"og:title\" content=\"PARHAAT BILEET - in English\" \/>\n<meta property=\"og:description\" content=\"Discover the best gigs and live events in Northern Finland. Parhaat Bileet offers event info, ticket sales and unforgettable nights. Explore, buy tickets, and enjoy the show!\" \/>\n<meta property=\"og:url\" content=\"https:\/\/www.parhaatbileet.fi\/lippukauppa\/en\/parhaat-bileet-english\/\" \/>\n<meta property=\"og:site_name\" content=\"PARHAATBILEET.FI\" \/>\n<meta property=\"article:modified_time\" content=\"2025-09-17T13:59:12+00:00\" \/>\n<meta property=\"og:image\" content=\"https:\/\/www.parhaatbileet.fi\/lippukauppa\/wp-content\/uploads\/2023\/12\/Screenshot-2023-12-05-at-14.38.37-1.png\" \/>\n\t<meta property=\"og:image:width\" content=\"872\" \/>\n\t<meta property=\"og:image:height\" content=\"566\" \/>\n\t<meta property=\"og:image:type\" content=\"image\/png\" \/>\n<meta name=\"twitter:card\" content=\"summary_large_image\" \/>\n<meta name=\"twitter:label1\" content=\"Arvioitu lukuaika\" \/>\n\t<meta name=\"twitter:data1\" content=\"3 minuuttia\" \/>\n<script type=\"application\/ld+json\" class=\"yoast-schema-graph\">{\"@context\":\"https:\\\/\\\/schema.org\",\"@graph\":[{\"@type\":\"WebPage\",\"@id\":\"https:\\\/\\\/www.parhaatbileet.fi\\\/lippukauppa\\\/en\\\/parhaat-bileet-english\\\/\",\"url\":\"https:\\\/\\\/www.parhaatbileet.fi\\\/lippukauppa\\\/en\\\/parhaat-bileet-english\\\/\",\"name\":\"Parhaat Bileet \u2014 Live Events & Tickets in Finland\",\"isPartOf\":{\"@id\":\"https:\\\/\\\/www.parhaatbileet.fi\\\/lippukauppa\\\/#website\"},\"primaryImageOfPage\":{\"@id\":\"https:\\\/\\\/www.parhaatbileet.fi\\\/lippukauppa\\\/en\\\/parhaat-bileet-english\\\/#primaryimage\"},\"image\":{\"@id\":\"https:\\\/\\\/www.parhaatbileet.fi\\\/lippukauppa\\\/en\\\/parhaat-bileet-english\\\/#primaryimage\"},\"thumbnailUrl\":\"https:\\\/\\\/www.parhaatbileet.fi\\\/lippukauppa\\\/wp-content\\\/uploads\\\/2023\\\/12\\\/Screenshot-2023-12-05-at-14.38.37-1.png\",\"datePublished\":\"2023-09-14T19:56:25+00:00\",\"dateModified\":\"2025-09-17T13:59:12+00:00\",\"description\":\"Discover the best gigs and live events in Northern Finland. Parhaat Bileet offers event info, ticket sales and unforgettable nights. Explore, buy tickets, and enjoy the show!\",\"breadcrumb\":{\"@id\":\"https:\\\/\\\/www.parhaatbileet.fi\\\/lippukauppa\\\/en\\\/parhaat-bileet-english\\\/#breadcrumb\"},\"inLanguage\":\"fi\",\"potentialAction\":[{\"@type\":\"ReadAction\",\"target\":[\"https:\\\/\\\/www.parhaatbileet.fi\\\/lippukauppa\\\/en\\\/parhaat-bileet-english\\\/\"]}]},{\"@type\":\"ImageObject\",\"inLanguage\":\"fi\",\"@id\":\"https:\\\/\\\/www.parhaatbileet.fi\\\/lippukauppa\\\/en\\\/parhaat-bileet-english\\\/#primaryimage\",\"url\":\"https:\\\/\\\/www.parhaatbileet.fi\\\/lippukauppa\\\/wp-content\\\/uploads\\\/2023\\\/12\\\/Screenshot-2023-12-05-at-14.38.37-1.png\",\"contentUrl\":\"https:\\\/\\\/www.parhaatbileet.fi\\\/lippukauppa\\\/wp-content\\\/uploads\\\/2023\\\/12\\\/Screenshot-2023-12-05-at-14.38.37-1.png\",\"width\":872,\"height\":566,\"caption\":\"Parhaat Bileet Tapahtuma- ja meininkiportaali.\"},{\"@type\":\"BreadcrumbList\",\"@id\":\"https:\\\/\\\/www.parhaatbileet.fi\\\/lippukauppa\\\/en\\\/parhaat-bileet-english\\\/#breadcrumb\",\"itemListElement\":[{\"@type\":\"ListItem\",\"position\":1,\"name\":\"Etusivu\",\"item\":\"https:\\\/\\\/www.parhaatbileet.fi\\\/lippukauppa\\\/\"},{\"@type\":\"ListItem\",\"position\":2,\"name\":\"PARHAAT BILEET &#8211; in English\"}]},{\"@type\":\"WebSite\",\"@id\":\"https:\\\/\\\/www.parhaatbileet.fi\\\/lippukauppa\\\/#website\",\"url\":\"https:\\\/\\\/www.parhaatbileet.fi\\\/lippukauppa\\\/\",\"name\":\"Parhaat bileet ja lippukauppa\",\"description\":\"Lippukauppa tapahtumille. J\u00e4rjest\u00e4j\u00e4lle ilmainen.\",\"publisher\":{\"@id\":\"https:\\\/\\\/www.parhaatbileet.fi\\\/lippukauppa\\\/#organization\"},\"potentialAction\":[{\"@type\":\"SearchAction\",\"target\":{\"@type\":\"EntryPoint\",\"urlTemplate\":\"https:\\\/\\\/www.parhaatbileet.fi\\\/lippukauppa\\\/?s={search_term_string}\"},\"query-input\":{\"@type\":\"PropertyValueSpecification\",\"valueRequired\":true,\"valueName\":\"search_term_string\"}}],\"inLanguage\":\"fi\"},{\"@type\":\"Organization\",\"@id\":\"https:\\\/\\\/www.parhaatbileet.fi\\\/lippukauppa\\\/#organization\",\"name\":\"Parhaat bileet\",\"url\":\"https:\\\/\\\/www.parhaatbileet.fi\\\/lippukauppa\\\/\",\"logo\":{\"@type\":\"ImageObject\",\"inLanguage\":\"fi\",\"@id\":\"https:\\\/\\\/www.parhaatbileet.fi\\\/lippukauppa\\\/#\\\/schema\\\/logo\\\/image\\\/\",\"url\":\"https:\\\/\\\/parhaatbileet.fi\\\/lippukauppa\\\/wp-content\\\/uploads\\\/2024\\\/08\\\/parhaat-bileet-dark-logo.png\",\"contentUrl\":\"https:\\\/\\\/parhaatbileet.fi\\\/lippukauppa\\\/wp-content\\\/uploads\\\/2024\\\/08\\\/parhaat-bileet-dark-logo.png\",\"width\":1500,\"height\":500,\"caption\":\"Parhaat bileet\"},\"image\":{\"@id\":\"https:\\\/\\\/www.parhaatbileet.fi\\\/lippukauppa\\\/#\\\/schema\\\/logo\\\/image\\\/\"}}]}<\/script>\n<!-- \/ Yoast SEO Premium plugin. -->","yoast_head_json":{"title":"Parhaat Bileet \u2014 Live Events & Tickets in Finland","description":"Discover the best gigs and live events in Northern Finland. Parhaat Bileet offers event info, ticket sales and unforgettable nights. Explore, buy tickets, and enjoy the show!","robots":{"index":"index","follow":"follow","max-snippet":"max-snippet:-1","max-image-preview":"max-image-preview:large","max-video-preview":"max-video-preview:-1"},"canonical":"https:\/\/www.parhaatbileet.fi\/lippukauppa\/en\/parhaat-bileet-english\/","og_locale":"fi_FI","og_type":"article","og_title":"PARHAAT BILEET - in English","og_description":"Discover the best gigs and live events in Northern Finland. Parhaat Bileet offers event info, ticket sales and unforgettable nights. Explore, buy tickets, and enjoy the show!","og_url":"https:\/\/www.parhaatbileet.fi\/lippukauppa\/en\/parhaat-bileet-english\/","og_site_name":"PARHAATBILEET.FI","article_modified_time":"2025-09-17T13:59:12+00:00","og_image":[{"width":872,"height":566,"url":"https:\/\/www.parhaatbileet.fi\/lippukauppa\/wp-content\/uploads\/2023\/12\/Screenshot-2023-12-05-at-14.38.37-1.png","type":"image\/png"}],"twitter_card":"summary_large_image","twitter_misc":{"Arvioitu lukuaika":"3 minuuttia"},"schema":{"@context":"https:\/\/schema.org","@graph":[{"@type":"WebPage","@id":"https:\/\/www.parhaatbileet.fi\/lippukauppa\/en\/parhaat-bileet-english\/","url":"https:\/\/www.parhaatbileet.fi\/lippukauppa\/en\/parhaat-bileet-english\/","name":"Parhaat Bileet \u2014 Live Events & Tickets in Finland","isPartOf":{"@id":"https:\/\/www.parhaatbileet.fi\/lippukauppa\/#website"},"primaryImageOfPage":{"@id":"https:\/\/www.parhaatbileet.fi\/lippukauppa\/en\/parhaat-bileet-english\/#primaryimage"},"image":{"@id":"https:\/\/www.parhaatbileet.fi\/lippukauppa\/en\/parhaat-bileet-english\/#primaryimage"},"thumbnailUrl":"https:\/\/www.parhaatbileet.fi\/lippukauppa\/wp-content\/uploads\/2023\/12\/Screenshot-2023-12-05-at-14.38.37-1.png","datePublished":"2023-09-14T19:56:25+00:00","dateModified":"2025-09-17T13:59:12+00:00","description":"Discover the best gigs and live events in Northern Finland. Parhaat Bileet offers event info, ticket sales and unforgettable nights. Explore, buy tickets, and enjoy the show!","breadcrumb":{"@id":"https:\/\/www.parhaatbileet.fi\/lippukauppa\/en\/parhaat-bileet-english\/#breadcrumb"},"inLanguage":"fi","potentialAction":[{"@type":"ReadAction","target":["https:\/\/www.parhaatbileet.fi\/lippukauppa\/en\/parhaat-bileet-english\/"]}]},{"@type":"ImageObject","inLanguage":"fi","@id":"https:\/\/www.parhaatbileet.fi\/lippukauppa\/en\/parhaat-bileet-english\/#primaryimage","url":"https:\/\/www.parhaatbileet.fi\/lippukauppa\/wp-content\/uploads\/2023\/12\/Screenshot-2023-12-05-at-14.38.37-1.png","contentUrl":"https:\/\/www.parhaatbileet.fi\/lippukauppa\/wp-content\/uploads\/2023\/12\/Screenshot-2023-12-05-at-14.38.37-1.png","width":872,"height":566,"caption":"Parhaat Bileet Tapahtuma- ja meininkiportaali."},{"@type":"BreadcrumbList","@id":"https:\/\/www.parhaatbileet.fi\/lippukauppa\/en\/parhaat-bileet-english\/#breadcrumb","itemListElement":[{"@type":"ListItem","position":1,"name":"Etusivu","item":"https:\/\/www.parhaatbileet.fi\/lippukauppa\/"},{"@type":"ListItem","position":2,"name":"PARHAAT BILEET &#8211; in English"}]},{"@type":"WebSite","@id":"https:\/\/www.parhaatbileet.fi\/lippukauppa\/#website","url":"https:\/\/www.parhaatbileet.fi\/lippukauppa\/","name":"Parhaat bileet ja lippukauppa","description":"Lippukauppa tapahtumille. J\u00e4rjest\u00e4j\u00e4lle ilmainen.","publisher":{"@id":"https:\/\/www.parhaatbileet.fi\/lippukauppa\/#organization"},"potentialAction":[{"@type":"SearchAction","target":{"@type":"EntryPoint","urlTemplate":"https:\/\/www.parhaatbileet.fi\/lippukauppa\/?s={search_term_string}"},"query-input":{"@type":"PropertyValueSpecification","valueRequired":true,"valueName":"search_term_string"}}],"inLanguage":"fi"},{"@type":"Organization","@id":"https:\/\/www.parhaatbileet.fi\/lippukauppa\/#organization","name":"Parhaat bileet","url":"https:\/\/www.parhaatbileet.fi\/lippukauppa\/","logo":{"@type":"ImageObject","inLanguage":"fi","@id":"https:\/\/www.parhaatbileet.fi\/lippukauppa\/#\/schema\/logo\/image\/","url":"https:\/\/parhaatbileet.fi\/lippukauppa\/wp-content\/uploads\/2024\/08\/parhaat-bileet-dark-logo.png","contentUrl":"https:\/\/parhaatbileet.fi\/lippukauppa\/wp-content\/uploads\/2024\/08\/parhaat-bileet-dark-logo.png","width":1500,"height":500,"caption":"Parhaat bileet"},"image":{"@id":"https:\/\/www.parhaatbileet.fi\/lippukauppa\/#\/schema\/logo\/image\/"}}]}},"lang":"en","translations":{"en":4926,"fi":3991},"pll_sync_post":[],"ticketed":false,"_links":{"self":[{"href":"https:\/\/www.parhaatbileet.fi\/lippukauppa\/wp-json\/wp\/v2\/pages\/4926","targetHints":{"allow":["GET"]}}],"collection":[{"href":"https:\/\/www.parhaatbileet.fi\/lippukauppa\/wp-json\/wp\/v2\/pages"}],"about":[{"href":"https:\/\/www.parhaatbileet.fi\/lippukauppa\/wp-json\/wp\/v2\/types\/page"}],"author":[{"embeddable":true,"href":"https:\/\/www.parhaatbileet.fi\/lippukauppa\/wp-json\/wp\/v2\/users\/2"}],"replies":[{"embeddable":true,"href":"https:\/\/www.parhaatbileet.fi\/lippukauppa\/wp-json\/wp\/v2\/comments?post=4926"}],"version-history":[{"count":37,"href":"https:\/\/www.parhaatbileet.fi\/lippukauppa\/wp-json\/wp\/v2\/pages\/4926\/revisions"}],"predecessor-version":[{"id":32710,"href":"https:\/\/www.parhaatbileet.fi\/lippukauppa\/wp-json\/wp\/v2\/pages\/4926\/revisions\/32710"}],"wp:featuredmedia":[{"embeddable":true,"href":"https:\/\/www.parhaatbileet.fi\/lippukauppa\/wp-json\/wp\/v2\/media\/6089"}],"wp:attachment":[{"href":"https:\/\/www.parhaatbileet.fi\/lippukauppa\/wp-json\/wp\/v2\/media?parent=4926"}],"curies":[{"name":"wp","href":"https:\/\/api.w.org\/{rel}","templated":true}]}}