{"id":47767,"date":"2026-01-28T17:18:59","date_gmt":"2026-01-28T15:18:59","guid":{"rendered":"https:\/\/www.parhaatbileet.fi\/lippukauppa\/?page_id=47767"},"modified":"2026-03-18T15:02:49","modified_gmt":"2026-03-18T13:02:49","slug":"osta-liput-epassilla-tai-smartumilla-heti-sahkopostiin","status":"publish","type":"page","link":"https:\/\/www.parhaatbileet.fi\/lippukauppa\/osta-liput-epassilla-tai-smartumilla-heti-sahkopostiin\/","title":{"rendered":"Osta liput ePassilla tai Smartumilla \u2013 heti s\u00e4hk\u00f6postiin"},"content":{"rendered":"<div class=\"wpb-content-wrapper\"><p>[vc_row full_width=&#8221;stretch_row&#8221; full_height=&#8221;yes&#8221; columns_placement=&#8221;bottom&#8221; video_bg=&#8221;yes&#8221; video_bg_url=&#8221;https:\/\/www.youtube.com\/watch?v=1eX9GfMt-Wc&#8221; leaf_row_scheme=&#8221;1&#8243; css=&#8221;.vc_custom_1769689199066{margin-top: 30px !important;}&#8221;][vc_column][vc_row_inner][vc_column_inner css=&#8221;.vc_custom_1769613682832{background-color: #FFFFFF00 !important;}&#8221;][vc_single_image image=&#8221;18203&#8243; img_size=&#8221;medium&#8221; alignment=&#8221;center&#8221; css=&#8221;&#8221;][\/vc_column_inner][\/vc_row_inner][vc_empty_space height=&#8221;62px&#8221;][\/vc_column][\/vc_row][vc_row leaf_row_scheme=&#8221;0&#8243; css=&#8221;.vc_custom_1769620269785{padding-top: 40px !important;}&#8221;][vc_column][vc_column_text css=&#8221;&#8221;]<\/p>\n<h1 style=\"text-align: center;\"><strong>Osta ePassilla, Smartumilla tai Edenredill\u00e4<\/strong><br \/>\n\u2013 lippu heti s\u00e4hk\u00f6postiin!<\/h1>\n<h3 style=\"text-align: center;\"><\/h3>\n<p>[\/vc_column_text][vc_empty_space][vc_column_text css=&#8221;&#8221;]<\/p>\n<h3 style=\"text-align: center;\">Valitse ePassi tai Smartum kassalla ja saat lipun saman tien s\u00e4hk\u00f6postiin. Edenred maksut k\u00e4tev\u00e4sti sovelluksella, ohjeet tapahtumasivulla.<br \/>\nEi erillist\u00e4 lunastusta, ei noutoja, eik\u00e4 lis\u00e4maksua kulttuuriedun k\u00e4yt\u00f6st\u00e4!<\/h3>\n<p>[\/vc_column_text][\/vc_column][\/vc_row][vc_row full_width=&#8221;stretch_row&#8221; leaf_row_scheme=&#8221;0&#8243; css=&#8221;.vc_custom_1769619137835{padding-top: 40px !important;padding-bottom: 40px !important;}&#8221;][vc_column][vc_column_text css=&#8221;&#8221;]<\/p>\n<h2 style=\"text-align: center;\">Asiakkaalle \u2013 <strong>helpoin tapa k\u00e4ytt\u00e4\u00e4 kulttuurietu<\/strong><\/h2>\n<p>[\/vc_column_text][vc_row_inner equal_height=&#8221;yes&#8221; gap=&#8221;10&#8243;][vc_column_inner width=&#8221;1\/2&#8243; css=&#8221;.vc_custom_1769624915026{padding-right: 10% !important;padding-left: 10% !important;background-color: #FFFFFF !important;border-radius: 15px !important;border-color: #858585 !important;}&#8221;][vc_column_text css=&#8221;&#8221;]<span style=\"color: #000000;\"><strong>\u2705 Maksa kulttuuriedulla suoraan kassalla <\/strong><\/span>(ei erillist\u00e4 kauppaa)<br \/>\n<span style=\"color: #000000;\"><strong>\u2705 <\/strong><\/span><span style=\"color: #000000;\"><strong>Lippu toimitetaan heti s\u00e4hk\u00f6postiin<br \/>\n\u2705 <\/strong><\/span><span style=\"color: #000000;\"><strong>Ei tarvitse noutaa lippua mist\u00e4\u00e4n<br \/>\n\u2705 <\/strong><\/span><span style=\"color: #000000;\"><strong>Ei lis\u00e4maksua kulttuuriedun k\u00e4yt\u00f6st\u00e4<br \/>\n\u2705 <\/strong><\/span><span style=\"color: #000000;\"><strong>S\u00e4\u00e4st\u00e4 aikaa, rahaa ja vaivaa<\/strong><\/span> (+hermoja)[\/vc_column_text][\/vc_column_inner][vc_column_inner width=&#8221;1\/2&#8243; css=&#8221;.vc_custom_1769624829833{padding-right: 10% !important;padding-left: 10% !important;background-color: #FFFFFF !important;border-radius: 15px !important;border-color: #5E5C5C !important;}&#8221;][vc_column_text css=&#8221;&#8221;]<\/p>\n<h3><span style=\"color: #000000;\"><strong>\ud83d\udc4b N\u00e4in ostat lipun kulttuuriedulla:<\/strong><\/span><\/h3>\n<ol>\n<li><span style=\"color: #000000;\">Valitse tapahtuma ja lippu<\/span><\/li>\n<li><span style=\"color: #000000;\">Siirry kassalle ja valitse maksutavaksi <strong>ePassi<\/strong> tai <strong>Smartum<\/strong><\/span><\/li>\n<li><span style=\"color: #000000;\">Saat lipun <strong>heti<\/strong> s\u00e4hk\u00f6postiisi (PDF \/ QR)<\/span><\/li>\n<\/ol>\n<p><em><span style=\"color: #000000;\">Edenred -maksut k\u00e4tev\u00e4sti sovelluksella, ohje tapahtumasivulla.<\/span><\/em>[\/vc_column_text][\/vc_column_inner][\/vc_row_inner][\/vc_column][\/vc_row][vc_row full_width=&#8221;stretch_row&#8221; leaf_row_scheme=&#8221;1&#8243; css=&#8221;.vc_custom_1769618702346{background-color: #000000 !important;}&#8221;][vc_column][vc_empty_space][vc_column_text css=&#8221;&#8221;]<\/p>\n<h2 style=\"text-align: center;\"><strong>Kulttuurietu ilman lis\u00e4maksua<\/strong><\/h2>\n<p style=\"text-align: center;\">Meill\u00e4 kulttuuriedun k\u00e4ytt\u00f6 ei tuo asiakkaalle erillist\u00e4 lis\u00e4maksua. Maksat saman lipun hinnan kuin muillakin maksutavoilla \u2013 ja saat lipun heti s\u00e4hk\u00f6postiisi. Monissa palveluissa kulttuuriedusta voi tulla erillinen lis\u00e4maksu tai lunastus noutopisteest\u00e4.<\/p>\n<p>[\/vc_column_text][vc_empty_space][\/vc_column][\/vc_row][vc_row full_width=&#8221;stretch_row&#8221; content_placement=&#8221;middle&#8221; leaf_row_scheme=&#8221;0&#8243; css=&#8221;.vc_custom_1769619124455{padding-top: 40px !important;padding-bottom: 40px !important;}&#8221;][vc_column][vc_column_text css=&#8221;&#8221;]<\/p>\n<h2 style=\"text-align: center;\">J\u00e4rjest\u00e4j\u00e4lle \u2013 <strong>lis\u00e4\u00e4 myynti\u00e4 ja madalla ostokynnyst\u00e4<\/strong><\/h2>\n<p>[\/vc_column_text][vc_row_inner equal_height=&#8221;yes&#8221; content_placement=&#8221;middle&#8221;][vc_column_inner width=&#8221;1\/2&#8243; css=&#8221;.vc_custom_1769625299245{padding-right: 10% !important;padding-left: 10% !important;background-color: #FFFFFF !important;border-radius: 15px !important;border-color: #808080 !important;}&#8221;][vc_column_text css=&#8221;&#8221;]<span style=\"color: #000000;\"><strong>\u2705 <\/strong>Saat mukaan kulttuurietuasiakkaat ilman erillisi\u00e4 prosesseja<\/span><br \/>\n<span style=\"color: #000000;\"><strong>\u2705 <\/strong>Ei lis\u00e4maksua asiakkaalle kulttuuriedusta \u2192 tyytyv\u00e4iset asiakkaat<\/span><br \/>\n<span style=\"color: #000000;\"><strong>\u2705 <\/strong>Yksi selke\u00e4 ostopolku: normaalit maksut + kulttuuriedut samaan kassaan integroituna<br \/>\n<strong data-start=\"2045\" data-end=\"2080\">\u2705 <\/strong>Enemm\u00e4n myynti\u00e4 ty\u00f6paikkaedulla (ePassi\/Smartum = ostokynnys matalammaksi)<\/span><br \/>\n<span style=\"color: #000000;\"><strong data-start=\"2128\" data-end=\"2162\">\u2705 <\/strong>V\u00e4hemm\u00e4n s\u00e4\u00e4t\u00f6\u00e4 j\u00e4rjest\u00e4j\u00e4lle<\/span><br \/>\n<span style=\"color: #000000;\"><strong>\u2705 <\/strong>Automaattinen lipun toimitus, ei noutorumbaa toimistolta \u2192 viel\u00e4 tyytyv\u00e4isemm\u00e4t asiakkaat<\/span><br \/>\n<span style=\"color: #000000;\"><strong>\u2705 <\/strong>Paikallinen kumppani, nopeat vastaukset ja k\u00e4yt\u00e4nn\u00f6n apu tapahtuman myyntiin ja markkinointiin<\/span><br \/>\n<span style=\"color: #000000;\"><strong>\u2705 <\/strong>Sopii kaikenlaisiin tapahtumiin, kuten keikoille, festareille, koulutuksiin tai yhdistystapahtumiin<\/span><br \/>\n<span style=\"color: #000000;\"><strong>\u2705 <\/strong>K\u00e4yt\u00f6ss\u00e4 kulttuuriedut <strong>ePassi<\/strong>, <strong>Smartum<\/strong> ja <strong>Edenred<\/strong><\/span>[\/vc_column_text][\/vc_column_inner][vc_column_inner width=&#8221;1\/2&#8243;][vc_column_text css=&#8221;&#8221;]<\/p>\n<hr \/>\n<h2 style=\"text-align: center;\"><strong>Ota yhteytt\u00e4!<\/strong><\/h2>\n<p style=\"text-align: center;\">Katsotaan tapahtumat, lipputyypit, kapasiteetti ja myynnin avaus kuntoon.<br \/>\nLipunmyynti meill\u00e4 ei maksa mit\u00e4\u00e4n!<\/p>\n<p style=\"text-align: center;\">    \t<a class=\"btn skew-btn button-button_button_39 btn-primary btn-lg \" href=\"https:\/\/www.parhaatbileet.fi\/lippukauppa\/lippukauppa-jarjestajalle\/#tarjouspyyntolomake\" >\r\n        <span class=\"btn-text\">Ota yhteytt\u00e4!<\/span>        <\/a>\r\n        <\/p>\n<hr \/>\n<p>[\/vc_column_text][\/vc_column_inner][\/vc_row_inner][vc_row_inner][vc_column_inner][vc_empty_space height=&#8221;50px&#8221;][vc_column_text]<\/p>\n<h2 style=\"text-align: center;\"><span style=\"color: #ff6600;\"><strong>Uutta! <\/strong><\/span><strong>Myytk\u00f6 lippuja j\u00e4rjestelm\u00e4ss\u00e4, jossa kulttuuriedulla ostaminen ei onnistu asiakkaalle riitt\u00e4v\u00e4n sujuvasti?<\/strong><\/h2>\n<p style=\"text-align: center;\">Ei h\u00e4t\u00e4\u00e4. Me pystymme ottamaan myyntiin liput my\u00f6s <strong data-start=\"999\" data-end=\"1030\">pelk\u00e4st\u00e4\u00e4n kulttuurieduilla<\/strong>. Voit siis jatkaa normaalisti nykyisell\u00e4 lippukaupallasi ja ottaa meid\u00e4t rinnalle hoitamaan kulttuurietulippujen myynnin.<\/p>\n<p style=\"text-align: center;\">T\u00e4m\u00e4 on hyv\u00e4 ratkaisu silloin, kun haluat palvella my\u00f6s ePassin, Smartumin ja muiden kulttuurietujen k\u00e4ytt\u00e4ji\u00e4 ilman ylim\u00e4\u00e4r\u00e4ist\u00e4 vaivaa asiakkaalle. N\u00e4in et menet\u00e4 sit\u00e4 ostajaryhm\u00e4\u00e4, joka haluaa maksaa lippunsa kulttuuriedulla.<\/p>\n<p style=\"text-align: center;\">Me voimme m\u00e4\u00e4ritt\u00e4\u00e4 tapahtumakohtaisesti, ett\u00e4 liput ovat myynniss\u00e4 <strong data-start=\"1452\" data-end=\"1476\">vain kulttuuriedulla<\/strong>, jolloin ratkaisu sopii hyvin my\u00f6s yksitt\u00e4isiin tapahtumiin tai kampanjoihin.<\/p>\n<p style=\"text-align: center;\"><strong data-start=\"1556\" data-end=\"1598\">K\u00e4yt\u00e4nn\u00f6ss\u00e4 t\u00e4m\u00e4 tarkoittaa sit\u00e4, ett\u00e4<\/strong> nykyinen lippukauppasi voi hoitaa muun myynnin, ja me hoidamme kulttuurietuliput sujuvasti verkossa.<\/p>\n<p>[\/vc_column_text][\/vc_column_inner][\/vc_row_inner][\/vc_column][\/vc_row][vc_row full_width=&#8221;stretch_row&#8221; leaf_row_scheme=&#8221;1&#8243; css=&#8221;.vc_custom_1769618702346{background-color: #000000 !important;}&#8221;][vc_column][vc_empty_space][vc_column_text css=&#8221;&#8221;]<\/p>\n<h2 style=\"text-align: center;\"><strong>J\u00e4rjest\u00e4j\u00e4: tavoita my\u00f6s kulttuurietu-ostajat<\/strong><\/h2>\n<p style=\"text-align: center;\">Kun ePassi ja Smartum ovat suoraan kassalla, yh\u00e4 useampi saa ostettua lipun heti \u2013 ilman ohjeviidakkoa tai noutok\u00e4yntej\u00e4. Se n\u00e4kyy parempana konversiona ja v\u00e4hemp\u00e4n\u00e4 asiakaspalvelukuormana.<\/p>\n<h3 style=\"text-align: center;\">Haluatko lipunmyynnin pystyyn nopeasti?<\/h3>\n<p style=\"text-align: center;\">    \t<a class=\"btn skew-btn button-button_button_35 btn-primary \" href=\"https:\/\/www.parhaatbileet.fi\/lippukauppa\/lippukauppa-jarjestajalle\/#tarjouspyyntolomake\" >\r\n        <span class=\"btn-text\">Ota yhteytt\u00e4!<\/span>        <\/a>\r\n        <\/p>\n<p>[\/vc_column_text][vc_empty_space][\/vc_column][\/vc_row][vc_row full_width=&#8221;stretch_row&#8221; leaf_row_scheme=&#8221;0&#8243; css=&#8221;.vc_custom_1769625926441{padding-top: 40px !important;}&#8221;][vc_column][vc_column_text css=&#8221;&#8221;]<\/p>\n<h2 style=\"text-align: left;\"><strong>\ud83e\udd14 FAQ<\/strong> (usein kysytyt)<\/h2>\n<p>[\/vc_column_text][vc_toggle title=&#8221;K\u00e4yk\u00f6 kulttuurietu verkkokaupassa?&#8221; css=&#8221;&#8221;]Kyll\u00e4 \u2013 valitse kassalla <strong>ePassi<\/strong> tai <strong>Smartum<\/strong> maksutavaksi ja viimeistele maksu ohjeiden mukaan. <strong>Edenred<\/strong> -maksuille l\u00f6yd\u00e4t helpot ohjeet tapahtumasivulta.[\/vc_toggle][vc_toggle title=&#8221;Tuleeko lippu heti?&#8221; css=&#8221;&#8221;]Kyll\u00e4. Lippu toimitetaan s\u00e4hk\u00f6postiin heti maksun j\u00e4lkeen.[\/vc_toggle][vc_toggle title=&#8221;Tarvitseeko lippu noutaa erikseen?&#8221; css=&#8221;&#8221;]Ei tarvitse. Kaikki hoituu vaivattomasti verkossa. Saat lipun s\u00e4hk\u00f6postiisi.[\/vc_toggle][vc_toggle title=&#8221;Onko kulttuuriedun k\u00e4yt\u00f6st\u00e4 lis\u00e4maksua?&#8221; css=&#8221;&#8221;]Ei. Et maksa erillist\u00e4 lis\u00e4maksua pelk\u00e4st\u00e4\u00e4n siksi, ett\u00e4 k\u00e4yt\u00e4t kulttuurietua. Mielest\u00e4mme se on reilua n\u00e4in.[\/vc_toggle][vc_toggle title=&#8221;Voinko ostaa lipun kaverille kulttuuriedulla?&#8221; css=&#8221;&#8221;]Et voi. Kulttuuriedut ovat henkil\u00f6kohtaisia ja voit ostaa sill\u00e4 p\u00e4\u00e4sylipun vain itsellesi.[\/vc_toggle][\/vc_column][\/vc_row]<\/p>\n<\/div>","protected":false},"excerpt":{"rendered":"<p>[vc_row full_width=&#8221;stretch_row&#8221; full_height=&#8221;yes&#8221; columns_placement=&#8221;bottom&#8221; video_bg=&#8221;yes&#8221; video_bg_url=&#8221;https:\/\/www.youtube.com\/watch?v=1eX9GfMt-Wc&#8221; leaf_row_scheme=&#8221;1&#8243; css=&#8221;.vc_custom_1769689199066{margin-top: 30px !important;}&#8221;][vc_column][vc_row_inner][vc_column_inner css=&#8221;.vc_custom_1769613682832{background-color: #FFFFFF00 !important;}&#8221;][vc_single_image image=&#8221;18203&#8243; img_size=&#8221;medium&#8221; alignment=&#8221;center&#8221; css=&#8221;&#8221;][\/vc_column_inner][\/vc_row_inner][vc_empty_space height=&#8221;62px&#8221;][\/vc_column][\/vc_row][vc_row leaf_row_scheme=&#8221;0&#8243; css=&#8221;.vc_custom_1769620269785{padding-top: 40px !important;}&#8221;][vc_column][vc_column_text [&hellip;]<\/p>\n","protected":false},"author":2,"featured_media":0,"parent":0,"menu_order":0,"comment_status":"closed","ping_status":"closed","template":"","meta":{"_tec_requires_first_save":true,"_price":"","_stock":"","_tribe_ticket_header":"","_tribe_default_ticket_provider":"Tribe__Tickets_Plus__Commerce__WooCommerce__Main","_tribe_ticket_capacity":"0","_ticket_start_date":"","_ticket_end_date":"","_tribe_ticket_show_description":"","_tribe_ticket_show_not_going":false,"_tribe_ticket_use_global_stock":"","_tribe_ticket_global_stock_level":"","_global_stock_mode":"","_global_stock_cap":"","_tribe_rsvp_for_event":"","_tribe_ticket_going_count":"","_tribe_ticket_not_going_count":"","_tribe_tickets_list":"[]","_tribe_ticket_has_attendee_info_fields":false,"_EventAllDay":false,"_EventTimezone":"","_EventStartDate":"","_EventEndDate":"","_EventStartDateUTC":"","_EventEndDateUTC":"","_EventShowMap":false,"_EventShowMapLink":false,"_EventURL":"","_EventCost":"","_EventCostDescription":"","_EventCurrencySymbol":"","_EventCurrencyCode":"","_EventCurrencyPosition":"","_EventDateTimeSeparator":"","_EventTimeRangeSeparator":"","_EventOrganizerID":[],"_EventVenueID":[],"_OrganizerEmail":"","_OrganizerPhone":"","_OrganizerWebsite":"","_VenueAddress":"","_VenueCity":"","_VenueCountry":"","_VenueProvince":"","_VenueState":"","_VenueZip":"","_VenuePhone":"","_VenueURL":"","_VenueStateProvince":"","_VenueLat":"","_VenueLng":"","_VenueShowMap":false,"_VenueShowMapLink":false,"_tribe_blocks_recurrence_rules":"","_tribe_blocks_recurrence_description":"","_tribe_blocks_recurrence_exclusions":"","footnotes":"","_tec_slr_enabled":"","_tec_slr_layout":""},"class_list":["post-47767","page","type-page","status-publish","hentry"],"yoast_head":"<!-- This site is optimized with the Yoast SEO Premium plugin v27.4 (Yoast SEO v27.4) - https:\/\/yoast.com\/product\/yoast-seo-premium-wordpress\/ -->\n<title>Osta liput ePassilla tai Smartumilla \u2013 lippu heti s\u00e4hk\u00f6postiin | Parhaatbileet.fi<\/title>\n<meta name=\"description\" content=\"Osta tapahtumaliput ePassilla tai Smartumilla suoraan kassalla. Lippu toimitetaan heti s\u00e4hk\u00f6postiin \u2013 ei noutoa eik\u00e4 lis\u00e4maksua kulttuuriedun k\u00e4yt\u00f6st\u00e4.\" \/>\n<meta name=\"robots\" content=\"index, follow, max-snippet:-1, max-image-preview:large, max-video-preview:-1\" \/>\n<link rel=\"canonical\" href=\"https:\/\/www.parhaatbileet.fi\/lippukauppa\/osta-liput-epassilla-tai-smartumilla-heti-sahkopostiin\/\" \/>\n<meta property=\"og:locale\" content=\"fi_FI\" \/>\n<meta property=\"og:type\" content=\"article\" \/>\n<meta property=\"og:title\" content=\"Osta liput ePassilla tai Smartumilla \u2013 heti s\u00e4hk\u00f6postiin\" \/>\n<meta property=\"og:description\" content=\"Osta tapahtumaliput ePassilla tai Smartumilla suoraan kassalla. Lippu toimitetaan heti s\u00e4hk\u00f6postiin \u2013 ei noutoa eik\u00e4 lis\u00e4maksua kulttuuriedun k\u00e4yt\u00f6st\u00e4.\" \/>\n<meta property=\"og:url\" content=\"https:\/\/www.parhaatbileet.fi\/lippukauppa\/osta-liput-epassilla-tai-smartumilla-heti-sahkopostiin\/\" \/>\n<meta property=\"og:site_name\" content=\"PARHAATBILEET.FI\" \/>\n<meta property=\"article:modified_time\" content=\"2026-03-18T13:02:49+00:00\" \/>\n<meta property=\"og:image\" content=\"https:\/\/www.parhaatbileet.fi\/lippukauppa\/wp-content\/uploads\/2023\/08\/header.jpg\" \/>\n\t<meta property=\"og:image:width\" content=\"1920\" \/>\n\t<meta property=\"og:image:height\" content=\"1080\" \/>\n\t<meta property=\"og:image:type\" content=\"image\/jpeg\" \/>\n<meta name=\"twitter:card\" content=\"summary_large_image\" \/>\n<meta name=\"twitter:label1\" content=\"Arvioitu lukuaika\" \/>\n\t<meta name=\"twitter:data1\" content=\"4 minuuttia\" \/>\n<script type=\"application\/ld+json\" class=\"yoast-schema-graph\">{\"@context\":\"https:\\\/\\\/schema.org\",\"@graph\":[{\"@type\":\"WebPage\",\"@id\":\"https:\\\/\\\/www.parhaatbileet.fi\\\/lippukauppa\\\/osta-liput-epassilla-tai-smartumilla-heti-sahkopostiin\\\/\",\"url\":\"https:\\\/\\\/www.parhaatbileet.fi\\\/lippukauppa\\\/osta-liput-epassilla-tai-smartumilla-heti-sahkopostiin\\\/\",\"name\":\"Osta liput ePassilla tai Smartumilla \u2013 lippu heti s\u00e4hk\u00f6postiin | Parhaatbileet.fi\",\"isPartOf\":{\"@id\":\"https:\\\/\\\/www.parhaatbileet.fi\\\/lippukauppa\\\/#website\"},\"datePublished\":\"2026-01-28T15:18:59+00:00\",\"dateModified\":\"2026-03-18T13:02:49+00:00\",\"description\":\"Osta tapahtumaliput ePassilla tai Smartumilla suoraan kassalla. Lippu toimitetaan heti s\u00e4hk\u00f6postiin \u2013 ei noutoa eik\u00e4 lis\u00e4maksua kulttuuriedun k\u00e4yt\u00f6st\u00e4.\",\"breadcrumb\":{\"@id\":\"https:\\\/\\\/www.parhaatbileet.fi\\\/lippukauppa\\\/osta-liput-epassilla-tai-smartumilla-heti-sahkopostiin\\\/#breadcrumb\"},\"inLanguage\":\"fi\",\"potentialAction\":[{\"@type\":\"ReadAction\",\"target\":[\"https:\\\/\\\/www.parhaatbileet.fi\\\/lippukauppa\\\/osta-liput-epassilla-tai-smartumilla-heti-sahkopostiin\\\/\"]}]},{\"@type\":\"BreadcrumbList\",\"@id\":\"https:\\\/\\\/www.parhaatbileet.fi\\\/lippukauppa\\\/osta-liput-epassilla-tai-smartumilla-heti-sahkopostiin\\\/#breadcrumb\",\"itemListElement\":[{\"@type\":\"ListItem\",\"position\":1,\"name\":\"Etusivu\",\"item\":\"https:\\\/\\\/www.parhaatbileet.fi\\\/lippukauppa\\\/\"},{\"@type\":\"ListItem\",\"position\":2,\"name\":\"Osta liput ePassilla tai Smartumilla \u2013 heti s\u00e4hk\u00f6postiin\"}]},{\"@type\":\"WebSite\",\"@id\":\"https:\\\/\\\/www.parhaatbileet.fi\\\/lippukauppa\\\/#website\",\"url\":\"https:\\\/\\\/www.parhaatbileet.fi\\\/lippukauppa\\\/\",\"name\":\"Parhaat bileet ja lippukauppa\",\"description\":\"Lippukauppa tapahtumille. J\u00e4rjest\u00e4j\u00e4lle ilmainen.\",\"publisher\":{\"@id\":\"https:\\\/\\\/www.parhaatbileet.fi\\\/lippukauppa\\\/#organization\"},\"potentialAction\":[{\"@type\":\"SearchAction\",\"target\":{\"@type\":\"EntryPoint\",\"urlTemplate\":\"https:\\\/\\\/www.parhaatbileet.fi\\\/lippukauppa\\\/?s={search_term_string}\"},\"query-input\":{\"@type\":\"PropertyValueSpecification\",\"valueRequired\":true,\"valueName\":\"search_term_string\"}}],\"inLanguage\":\"fi\"},{\"@type\":\"Organization\",\"@id\":\"https:\\\/\\\/www.parhaatbileet.fi\\\/lippukauppa\\\/#organization\",\"name\":\"Parhaat bileet\",\"url\":\"https:\\\/\\\/www.parhaatbileet.fi\\\/lippukauppa\\\/\",\"logo\":{\"@type\":\"ImageObject\",\"inLanguage\":\"fi\",\"@id\":\"https:\\\/\\\/www.parhaatbileet.fi\\\/lippukauppa\\\/#\\\/schema\\\/logo\\\/image\\\/\",\"url\":\"https:\\\/\\\/parhaatbileet.fi\\\/lippukauppa\\\/wp-content\\\/uploads\\\/2024\\\/08\\\/parhaat-bileet-dark-logo.png\",\"contentUrl\":\"https:\\\/\\\/parhaatbileet.fi\\\/lippukauppa\\\/wp-content\\\/uploads\\\/2024\\\/08\\\/parhaat-bileet-dark-logo.png\",\"width\":1500,\"height\":500,\"caption\":\"Parhaat bileet\"},\"image\":{\"@id\":\"https:\\\/\\\/www.parhaatbileet.fi\\\/lippukauppa\\\/#\\\/schema\\\/logo\\\/image\\\/\"}}]}<\/script>\n<!-- \/ Yoast SEO Premium plugin. -->","yoast_head_json":{"title":"Osta liput ePassilla tai Smartumilla \u2013 lippu heti s\u00e4hk\u00f6postiin | Parhaatbileet.fi","description":"Osta tapahtumaliput ePassilla tai Smartumilla suoraan kassalla. Lippu toimitetaan heti s\u00e4hk\u00f6postiin \u2013 ei noutoa eik\u00e4 lis\u00e4maksua kulttuuriedun k\u00e4yt\u00f6st\u00e4.","robots":{"index":"index","follow":"follow","max-snippet":"max-snippet:-1","max-image-preview":"max-image-preview:large","max-video-preview":"max-video-preview:-1"},"canonical":"https:\/\/www.parhaatbileet.fi\/lippukauppa\/osta-liput-epassilla-tai-smartumilla-heti-sahkopostiin\/","og_locale":"fi_FI","og_type":"article","og_title":"Osta liput ePassilla tai Smartumilla \u2013 heti s\u00e4hk\u00f6postiin","og_description":"Osta tapahtumaliput ePassilla tai Smartumilla suoraan kassalla. Lippu toimitetaan heti s\u00e4hk\u00f6postiin \u2013 ei noutoa eik\u00e4 lis\u00e4maksua kulttuuriedun k\u00e4yt\u00f6st\u00e4.","og_url":"https:\/\/www.parhaatbileet.fi\/lippukauppa\/osta-liput-epassilla-tai-smartumilla-heti-sahkopostiin\/","og_site_name":"PARHAATBILEET.FI","article_modified_time":"2026-03-18T13:02:49+00:00","og_image":[{"width":1920,"height":1080,"url":"https:\/\/www.parhaatbileet.fi\/lippukauppa\/wp-content\/uploads\/2023\/08\/header.jpg","type":"image\/jpeg"}],"twitter_card":"summary_large_image","twitter_misc":{"Arvioitu lukuaika":"4 minuuttia"},"schema":{"@context":"https:\/\/schema.org","@graph":[{"@type":"WebPage","@id":"https:\/\/www.parhaatbileet.fi\/lippukauppa\/osta-liput-epassilla-tai-smartumilla-heti-sahkopostiin\/","url":"https:\/\/www.parhaatbileet.fi\/lippukauppa\/osta-liput-epassilla-tai-smartumilla-heti-sahkopostiin\/","name":"Osta liput ePassilla tai Smartumilla \u2013 lippu heti s\u00e4hk\u00f6postiin | Parhaatbileet.fi","isPartOf":{"@id":"https:\/\/www.parhaatbileet.fi\/lippukauppa\/#website"},"datePublished":"2026-01-28T15:18:59+00:00","dateModified":"2026-03-18T13:02:49+00:00","description":"Osta tapahtumaliput ePassilla tai Smartumilla suoraan kassalla. Lippu toimitetaan heti s\u00e4hk\u00f6postiin \u2013 ei noutoa eik\u00e4 lis\u00e4maksua kulttuuriedun k\u00e4yt\u00f6st\u00e4.","breadcrumb":{"@id":"https:\/\/www.parhaatbileet.fi\/lippukauppa\/osta-liput-epassilla-tai-smartumilla-heti-sahkopostiin\/#breadcrumb"},"inLanguage":"fi","potentialAction":[{"@type":"ReadAction","target":["https:\/\/www.parhaatbileet.fi\/lippukauppa\/osta-liput-epassilla-tai-smartumilla-heti-sahkopostiin\/"]}]},{"@type":"BreadcrumbList","@id":"https:\/\/www.parhaatbileet.fi\/lippukauppa\/osta-liput-epassilla-tai-smartumilla-heti-sahkopostiin\/#breadcrumb","itemListElement":[{"@type":"ListItem","position":1,"name":"Etusivu","item":"https:\/\/www.parhaatbileet.fi\/lippukauppa\/"},{"@type":"ListItem","position":2,"name":"Osta liput ePassilla tai Smartumilla \u2013 heti s\u00e4hk\u00f6postiin"}]},{"@type":"WebSite","@id":"https:\/\/www.parhaatbileet.fi\/lippukauppa\/#website","url":"https:\/\/www.parhaatbileet.fi\/lippukauppa\/","name":"Parhaat bileet ja lippukauppa","description":"Lippukauppa tapahtumille. J\u00e4rjest\u00e4j\u00e4lle ilmainen.","publisher":{"@id":"https:\/\/www.parhaatbileet.fi\/lippukauppa\/#organization"},"potentialAction":[{"@type":"SearchAction","target":{"@type":"EntryPoint","urlTemplate":"https:\/\/www.parhaatbileet.fi\/lippukauppa\/?s={search_term_string}"},"query-input":{"@type":"PropertyValueSpecification","valueRequired":true,"valueName":"search_term_string"}}],"inLanguage":"fi"},{"@type":"Organization","@id":"https:\/\/www.parhaatbileet.fi\/lippukauppa\/#organization","name":"Parhaat bileet","url":"https:\/\/www.parhaatbileet.fi\/lippukauppa\/","logo":{"@type":"ImageObject","inLanguage":"fi","@id":"https:\/\/www.parhaatbileet.fi\/lippukauppa\/#\/schema\/logo\/image\/","url":"https:\/\/parhaatbileet.fi\/lippukauppa\/wp-content\/uploads\/2024\/08\/parhaat-bileet-dark-logo.png","contentUrl":"https:\/\/parhaatbileet.fi\/lippukauppa\/wp-content\/uploads\/2024\/08\/parhaat-bileet-dark-logo.png","width":1500,"height":500,"caption":"Parhaat bileet"},"image":{"@id":"https:\/\/www.parhaatbileet.fi\/lippukauppa\/#\/schema\/logo\/image\/"}}]}},"lang":"fi","translations":{"fi":47767},"pll_sync_post":[],"ticketed":false,"_links":{"self":[{"href":"https:\/\/www.parhaatbileet.fi\/lippukauppa\/wp-json\/wp\/v2\/pages\/47767","targetHints":{"allow":["GET"]}}],"collection":[{"href":"https:\/\/www.parhaatbileet.fi\/lippukauppa\/wp-json\/wp\/v2\/pages"}],"about":[{"href":"https:\/\/www.parhaatbileet.fi\/lippukauppa\/wp-json\/wp\/v2\/types\/page"}],"author":[{"embeddable":true,"href":"https:\/\/www.parhaatbileet.fi\/lippukauppa\/wp-json\/wp\/v2\/users\/2"}],"replies":[{"embeddable":true,"href":"https:\/\/www.parhaatbileet.fi\/lippukauppa\/wp-json\/wp\/v2\/comments?post=47767"}],"version-history":[{"count":44,"href":"https:\/\/www.parhaatbileet.fi\/lippukauppa\/wp-json\/wp\/v2\/pages\/47767\/revisions"}],"predecessor-version":[{"id":52647,"href":"https:\/\/www.parhaatbileet.fi\/lippukauppa\/wp-json\/wp\/v2\/pages\/47767\/revisions\/52647"}],"wp:attachment":[{"href":"https:\/\/www.parhaatbileet.fi\/lippukauppa\/wp-json\/wp\/v2\/media?parent=47767"}],"curies":[{"name":"wp","href":"https:\/\/api.w.org\/{rel}","templated":true}]}}