{"id":13919,"date":"2024-09-30T09:30:35","date_gmt":"2024-09-30T09:30:35","guid":{"rendered":"https:\/\/parhaatbileet.fi\/?page_id=13919"},"modified":"2025-02-07T22:49:07","modified_gmt":"2025-02-07T20:49:07","slug":"wildfox","status":"publish","type":"page","link":"https:\/\/www.parhaatbileet.fi\/lippukauppa\/wildfox\/","title":{"rendered":"Wild Fox Night Club"},"content":{"rendered":"<div class=\"wpb-content-wrapper\"><p>[vc_row full_width=&#8221;stretch_row_content_no_spaces&#8221; leaf_row_scheme=&#8221;0&#8243; css=&#8221;.vc_custom_1727688349014{background-color: #000000 !important;}&#8221;][vc_column][vc_single_image image=&#8221;13920&#8243; img_size=&#8221;large&#8221; alignment=&#8221;center&#8221; css=&#8221;&#8221;][\/vc_column][\/vc_row][vc_row full_width=&#8221;stretch_row&#8221; content_placement=&#8221;middle&#8221; leaf_row_scheme=&#8221;0&#8243; css=&#8221;.vc_custom_1727690277181{background-color: #FA169F !important;}&#8221;][vc_column width=&#8221;1\/2&#8243;][vc_column_text css=&#8221;&#8221;]<\/p>\n<h1><span style=\"color: #000000;\">NIGHT CLUB<br \/>\n<strong>WILD FOX<\/strong> \ud83e\udd8a <\/span><\/h1>\n<p>[\/vc_column_text][vc_column_text css=&#8221;&#8221;]<\/p>\n<h3 dir=\"auto\">Tammikuusta 2025 alkaen olemme avoinna Sy\u00f6tteell\u00e4 vain erikseen Facebook-sivuillamme ilmoitettavina ajankohtina suurimpien tapahtumien aikana. J\u00e4rjest\u00e4mme keikkoja yhteisty\u00f6mallilla ja toimimme tilausperiaatteella*.<\/h3>\n<p dir=\"auto\"><span style=\"color: #000000;\"><em><strong>*Esiintyj\u00e4 tai keikkamyyj\u00e4:<\/strong> Olemme avoimia ehdotuksille Pop-up Wild Foxissa (LumiAreenalla) j\u00e4rjestett\u00e4vist\u00e4 keikoista yhteisty\u00f6mallilla.<\/em><\/span><\/p>\n<p dir=\"auto\"><em><span style=\"color: #000000;\"><strong>Kokousj\u00e4rjest\u00e4j\u00e4:<\/strong> Jos j\u00e4rjest\u00e4t esimerkiksi LumiAreenalla kokouksen ja haluat illaksi auki ison 100-500 ihmist\u00e4 vet\u00e4v\u00e4n y\u00f6kerhon, jossa karaokea voi laulaa ISOLTA screenilt\u00e4 hyv\u00e4ll\u00e4 \u00e4\u00e4nentoistolla, k\u00e4\u00e4nny puoleemme. Paikasta k\u00e4yt\u00e4mme muutoksen j\u00e4lkeen nime\u00e4 <strong>Wild Fox Goes LumiAreena<\/strong>. <\/span><\/em><\/p>\n<p dir=\"auto\"><span style=\"color: #000000;\">Ota yhteytt\u00e4 s\u00e4hk\u00f6postitse!<\/span><\/p>\n<h2 dir=\"auto\"><span style=\"color: #000000;\"><strong>Avasimme uuden Villiketun Kuusamon keskustaan osoitteeseen Kitkantie 3.<\/strong><\/span><\/h2>\n<p>[\/vc_column_text][\/vc_column][vc_column width=&#8221;1\/2&#8243;][vc_single_image image=&#8221;13931&#8243; img_size=&#8221;full&#8221; alignment=&#8221;right&#8221; style=&#8221;vc_box_outline_circle_2&#8243; border_color=&#8221;white&#8221; css=&#8221;&#8221;][\/vc_column][\/vc_row][vc_row full_width=&#8221;stretch_row&#8221; content_placement=&#8221;middle&#8221; leaf_row_scheme=&#8221;0&#8243; css=&#8221;.vc_custom_1729583602130{background-color: #FCB71B !important;}&#8221;][vc_column width=&#8221;1\/4&#8243;][vc_empty_space]    \t<section class=\"leaf-event-carousel shortcode-carousel-1024 \"  data-delay=\"0\">\n        <div class=\"event-carousel-wrap\">\n            <div class=\"init-carousel carousel-has-control\" data-items=1 data-navigation=1>\n            \t            \t<div class=\"event-carousel-item header-carousel-item\">\n                \t<div class=\"header-carousel-item-inner text-center\" style=\"background-image:url(https:\/\/www.parhaatbileet.fi\/lippukauppa\/wp-content\/uploads\/2024\/09\/Wild_Fox-500x500.jpg)\">\n                    \t<div class=\"header-carousel-item-content\">\n                        \t<div class=\"header-carousel-item-content-inner dark-div\">\n                    \t\t\t<i class=\"fa fa-arrow-right fa-4x\"><\/i>                        \t\t<h3 class=\"h2\">Tulevaa ohjelmistoa...<\/h3>\n                                                                    <a class=\"btn skew-btn btn-primary has-icon\" href=\"https:\/\/parhaatbileet.fi\/lippukauppa\/keikat\/category\/keikat\/wild-fox-night-club\/\">\n                                        <span class=\"btn-text\">Kaikki tulevat keikat<\/span>\n                                        <span class=\"btn-icon\"><i class=\"fa fa-chevron-right\"><\/i><\/span>\n                                    <\/a>\n                                                            <\/div>\n                        <\/div>\n                    <\/div>\n                <\/div>\n                \t\t\t\t\n            \t\n              <\/div>\n        <\/div>\n\t<\/section><!--\/event-carousel-->\n\t[vc_column_text css=&#8221;&#8221; el_class=&#8221;showonphone&#8221;]<\/p>\n<p style=\"text-align: center;\"><span style=\"color: #ffffff;\">Swaippaa vasempaan. \u2b05\ufe0f<\/span><\/p>\n<p>[\/vc_column_text][vc_empty_space][\/vc_column][vc_column width=&#8221;3\/4&#8243;][vc_column_text css=&#8221;&#8221;]<\/p>\n<h2><span style=\"color: #000000;\">AVASIMME Y\u00d6KERHON KUUSAMON KESKUSTAAN<\/span><\/h2>\n<p><span style=\"color: #000000;\">Y\u00f6kerhotoimintamme siirtyi Iso-Sy\u00f6tteelt\u00e4 Kuusamon keskustaan, osoitteeseen Kitkantie 3. L\u00f6yd\u00e4t tulevat tapahtumat ja keikkamme jatkossakin somen lis\u00e4ksi parhaatbileet.fi sivustolta. Iso-Sy\u00f6tteelle j\u00e4rjest\u00e4mme keikkoja t\u00e4ll\u00e4 hetkell\u00e4 tilauksesta isompien tapahtumien yhteyteen. Voit kysy\u00e4 lis\u00e4\u00e4 s\u00e4hk\u00f6postitse. Ik\u00e4raja K-18. <strong>Karaokea lauletaan aina, kun olemme avoinna!<\/strong><br \/>\n<strong>Huom!<\/strong> <em>Maksuv\u00e4lineen\u00e4 Villiketussa k\u00e4y vain kortti (ei k\u00e4teinen).<\/em><\/span><\/p>\n<h2>Tervetuloa viihtym\u00e4\u00e4n!<\/h2>\n<p>[\/vc_column_text][vc_row_inner][vc_column_inner width=&#8221;1\/2&#8243;][vc_column_text css=&#8221;&#8221;]<\/p>\n<h2><span style=\"color: #000000;\"><strong>PUB (alakerta)<\/strong><\/span><\/h2>\n<p><span style=\"color: #000000;\"><strong>Avoinna:<\/strong><\/span><br \/>\n<span style=\"color: #000000;\">KE-TO 18.00-24.00 (02.00)<\/span><br \/>\n<span style=\"color: #000000;\">PE-LA 19.00-04.00 (04.30)<\/span><br \/>\n<span style=\"color: #000000;\">SU 18.00-24.00 (02.00)<\/span><\/p>\n<div dir=\"auto\"><\/div>\n<p>[\/vc_column_text][\/vc_column_inner][vc_column_inner width=&#8221;1\/2&#8243;][vc_column_text css=&#8221;&#8221;]<\/p>\n<h2><span style=\"color: #000000;\"><strong>Y\u00d6KERHO (yl\u00e4kerta)<\/strong><\/span><\/h2>\n<p><span style=\"color: #000000;\"><strong>Avoinna:<\/strong><\/span><br \/>\n<span style=\"color: #000000;\">PE-LA 22.00-04.00 (04.30)<\/span>[\/vc_column_text][\/vc_column_inner][\/vc_row_inner][\/vc_column][\/vc_row][vc_row full_width=&#8221;stretch_row&#8221; leaf_row_scheme=&#8221;1&#8243; css=&#8221;.vc_custom_1727690986720{background-color: #000000 !important;}&#8221;][vc_column][vc_empty_space][vc_column_text css=&#8221;&#8221;]<\/p>\n<h2 style=\"text-align: center;\"><span style=\"color: #ffffff;\">Yhteystiedot<\/span><\/h2>\n<p style=\"text-align: center;\"><strong><span style=\"color: #ffffff;\">Kitkantie 3, Kuusamo<\/span><\/strong><br \/>\n<strong><span style=\"color: #ffffff;\">Romekievarintie 2, Pudasj\u00e4rvi<\/span><\/strong><br \/>\n<strong><span style=\"color: #ffffff;\">+358409526025<\/span><\/strong><br \/>\n<strong><span style=\"color: #ffffff;\">nightclubwildfox@gmail.com<\/span><\/strong><\/p>\n<p>[\/vc_column_text][vc_row_inner][vc_column_inner][vc_icon icon_fontawesome=&#8221;fab fa-facebook&#8221; color=&#8221;white&#8221; align=&#8221;center&#8221; css=&#8221;&#8221; link=&#8221;url:https%3A%2F%2Fwww.facebook.com%2FNightClubWildFox|target:_blank&#8221;][\/vc_column_inner][\/vc_row_inner][vc_empty_space][\/vc_column][\/vc_row][vc_row][vc_column][vc_empty_space][vc_column_text css=&#8221;&#8221;]<\/p>\n<h2 style=\"text-align: center;\">Kotisivut tarjoaa Parhaatbileet.fi<\/h2>\n<p style=\"text-align: center;\"><img decoding=\"async\" class=\"alignnone size-medium wp-image-12651\" src=\"https:\/\/parhaatbileet.fi\/lippukauppa\/wp-content\/uploads\/2024\/08\/parhaat-bileet-dark-logo-medium-300x100.png\" alt=\"Parhaat bileet\" width=\"300\" height=\"100\" srcset=\"https:\/\/www.parhaatbileet.fi\/lippukauppa\/wp-content\/uploads\/2024\/08\/parhaat-bileet-dark-logo-medium-300x100.png 300w, https:\/\/www.parhaatbileet.fi\/lippukauppa\/wp-content\/uploads\/2024\/08\/parhaat-bileet-dark-logo-medium.png 500w\" sizes=\"(max-width: 300px) 100vw, 300px\" \/><\/p>\n<p style=\"text-align: center;\">    \t<a class=\"btn skew-btn button-button_button_24 btn-default btn-lg \" href=\"https:\/\/parhaatbileet.fi\/lippukauppa\/keikat\/category\/keikat\/wild-fox-night-club\/\"  target=\"_blank\">\r\n        <span class=\"btn-text\">Kaikki Wild Fox tulevat keikat<\/span>        <\/a>\r\n        <\/p>\n<p>[\/vc_column_text][\/vc_column][\/vc_row]<\/p>\n<\/div>","protected":false},"excerpt":{"rendered":"<p>[vc_row full_width=&#8221;stretch_row_content_no_spaces&#8221; leaf_row_scheme=&#8221;0&#8243; css=&#8221;.vc_custom_1727688349014{background-color: #000000 !important;}&#8221;][vc_column][vc_single_image image=&#8221;13920&#8243; img_size=&#8221;large&#8221; alignment=&#8221;center&#8221; css=&#8221;&#8221;][\/vc_column][\/vc_row][vc_row full_width=&#8221;stretch_row&#8221; content_placement=&#8221;middle&#8221; leaf_row_scheme=&#8221;0&#8243; css=&#8221;.vc_custom_1727690277181{background-color: #FA169F !important;}&#8221;][vc_column width=&#8221;1\/2&#8243;][vc_column_text css=&#8221;&#8221;] NIGHT CLUB WILD FOX [&hellip;]<\/p>\n","protected":false},"author":2,"featured_media":0,"parent":0,"menu_order":0,"comment_status":"closed","ping_status":"closed","template":"","meta":{"_tec_requires_first_save":true,"_price":"","_stock":"","_tribe_ticket_header":"","_tribe_default_ticket_provider":"Tribe__Tickets_Plus__Commerce__WooCommerce__Main","_tribe_ticket_capacity":"0","_ticket_start_date":"","_ticket_end_date":"","_tribe_ticket_show_description":"","_tribe_ticket_show_not_going":false,"_tribe_ticket_use_global_stock":"","_tribe_ticket_global_stock_level":"","_global_stock_mode":"","_global_stock_cap":"","_tribe_rsvp_for_event":"","_tribe_ticket_going_count":"","_tribe_ticket_not_going_count":"","_tribe_tickets_list":"[]","_tribe_ticket_has_attendee_info_fields":false,"_EventAllDay":false,"_EventTimezone":"","_EventStartDate":"","_EventEndDate":"","_EventStartDateUTC":"","_EventEndDateUTC":"","_EventShowMap":false,"_EventShowMapLink":false,"_EventURL":"","_EventCost":"","_EventCostDescription":"","_EventCurrencySymbol":"","_EventCurrencyCode":"","_EventCurrencyPosition":"","_EventDateTimeSeparator":"","_EventTimeRangeSeparator":"","_EventOrganizerID":[],"_EventVenueID":[],"_OrganizerEmail":"","_OrganizerPhone":"","_OrganizerWebsite":"","_VenueAddress":"","_VenueCity":"","_VenueCountry":"","_VenueProvince":"","_VenueState":"","_VenueZip":"","_VenuePhone":"","_VenueURL":"","_VenueStateProvince":"","_VenueLat":"","_VenueLng":"","_VenueShowMap":false,"_VenueShowMapLink":false,"_tribe_blocks_recurrence_rules":"","_tribe_blocks_recurrence_description":"","_tribe_blocks_recurrence_exclusions":"","footnotes":"","_tec_slr_enabled":"","_tec_slr_layout":""},"class_list":["post-13919","page","type-page","status-publish","hentry"],"yoast_head":"<!-- This site is optimized with the Yoast SEO Premium plugin v27.5 (Yoast SEO v27.5) - https:\/\/yoast.com\/product\/yoast-seo-premium-wordpress\/ -->\n<title>Wild Fox Night Club Sy\u00f6te, Pudasj\u00e4rvi - PARHAATBILEET.FI<\/title>\n<meta name=\"description\" content=\"Wild Fox Night Club on uusi Pudasj\u00e4rven Iso-Sy\u00f6tteelle lokakuussa 2024 avattu y\u00f6kerho ja tanssiravintola. Karaokea, keikkoja, tansseja.\" \/>\n<meta name=\"robots\" content=\"index, follow, max-snippet:-1, max-image-preview:large, max-video-preview:-1\" \/>\n<link rel=\"canonical\" href=\"https:\/\/www.parhaatbileet.fi\/lippukauppa\/wildfox\/\" \/>\n<meta property=\"og:locale\" content=\"fi_FI\" \/>\n<meta property=\"og:type\" content=\"article\" \/>\n<meta property=\"og:title\" content=\"Wild Fox Night Club\" \/>\n<meta property=\"og:description\" content=\"Wild Fox Night Club on uusi Pudasj\u00e4rven Iso-Sy\u00f6tteelle lokakuussa 2024 avattu y\u00f6kerho ja tanssiravintola. Karaokea, keikkoja, tansseja.\" \/>\n<meta property=\"og:url\" content=\"https:\/\/www.parhaatbileet.fi\/lippukauppa\/wildfox\/\" \/>\n<meta property=\"og:site_name\" content=\"PARHAATBILEET.FI\" \/>\n<meta property=\"article:modified_time\" content=\"2025-02-07T20:49:07+00:00\" \/>\n<meta property=\"og:image\" content=\"https:\/\/www.parhaatbileet.fi\/lippukauppa\/wp-content\/uploads\/2024\/09\/Wild_Fox.jpg\" \/>\n\t<meta property=\"og:image:width\" content=\"1024\" \/>\n\t<meta property=\"og:image:height\" content=\"1024\" \/>\n\t<meta property=\"og:image:type\" content=\"image\/jpeg\" \/>\n<meta name=\"twitter:card\" content=\"summary_large_image\" \/>\n<meta name=\"twitter:image\" content=\"https:\/\/www.parhaatbileet.fi\/lippukauppa\/wp-content\/uploads\/2024\/09\/Wild_Fox.jpg\" \/>\n<meta name=\"twitter:label1\" content=\"Arvioitu lukuaika\" \/>\n\t<meta name=\"twitter:data1\" content=\"2 minuuttia\" \/>\n<script type=\"application\/ld+json\" class=\"yoast-schema-graph\">{\"@context\":\"https:\\\/\\\/schema.org\",\"@graph\":[{\"@type\":\"WebPage\",\"@id\":\"https:\\\/\\\/www.parhaatbileet.fi\\\/lippukauppa\\\/wildfox\\\/\",\"url\":\"https:\\\/\\\/www.parhaatbileet.fi\\\/lippukauppa\\\/wildfox\\\/\",\"name\":\"Wild Fox Night Club Sy\u00f6te, Pudasj\u00e4rvi - PARHAATBILEET.FI\",\"isPartOf\":{\"@id\":\"https:\\\/\\\/www.parhaatbileet.fi\\\/lippukauppa\\\/#website\"},\"primaryImageOfPage\":{\"@id\":\"https:\\\/\\\/www.parhaatbileet.fi\\\/lippukauppa\\\/wildfox\\\/#primaryimage\"},\"image\":{\"@id\":\"https:\\\/\\\/www.parhaatbileet.fi\\\/lippukauppa\\\/wildfox\\\/#primaryimage\"},\"thumbnailUrl\":\"https:\\\/\\\/parhaatbileet.fi\\\/lippukauppa\\\/wp-content\\\/uploads\\\/2024\\\/08\\\/parhaat-bileet-dark-logo-medium-300x100.png\",\"datePublished\":\"2024-09-30T09:30:35+00:00\",\"dateModified\":\"2025-02-07T20:49:07+00:00\",\"description\":\"Wild Fox Night Club on uusi Pudasj\u00e4rven Iso-Sy\u00f6tteelle lokakuussa 2024 avattu y\u00f6kerho ja tanssiravintola. Karaokea, keikkoja, tansseja.\",\"breadcrumb\":{\"@id\":\"https:\\\/\\\/www.parhaatbileet.fi\\\/lippukauppa\\\/wildfox\\\/#breadcrumb\"},\"inLanguage\":\"fi\",\"potentialAction\":[{\"@type\":\"ReadAction\",\"target\":[\"https:\\\/\\\/www.parhaatbileet.fi\\\/lippukauppa\\\/wildfox\\\/\"]}]},{\"@type\":\"ImageObject\",\"inLanguage\":\"fi\",\"@id\":\"https:\\\/\\\/www.parhaatbileet.fi\\\/lippukauppa\\\/wildfox\\\/#primaryimage\",\"url\":\"https:\\\/\\\/parhaatbileet.fi\\\/lippukauppa\\\/wp-content\\\/uploads\\\/2024\\\/08\\\/parhaat-bileet-dark-logo-medium-300x100.png\",\"contentUrl\":\"https:\\\/\\\/parhaatbileet.fi\\\/lippukauppa\\\/wp-content\\\/uploads\\\/2024\\\/08\\\/parhaat-bileet-dark-logo-medium-300x100.png\"},{\"@type\":\"BreadcrumbList\",\"@id\":\"https:\\\/\\\/www.parhaatbileet.fi\\\/lippukauppa\\\/wildfox\\\/#breadcrumb\",\"itemListElement\":[{\"@type\":\"ListItem\",\"position\":1,\"name\":\"Etusivu\",\"item\":\"https:\\\/\\\/www.parhaatbileet.fi\\\/lippukauppa\\\/\"},{\"@type\":\"ListItem\",\"position\":2,\"name\":\"Wild Fox Night Club\"}]},{\"@type\":\"WebSite\",\"@id\":\"https:\\\/\\\/www.parhaatbileet.fi\\\/lippukauppa\\\/#website\",\"url\":\"https:\\\/\\\/www.parhaatbileet.fi\\\/lippukauppa\\\/\",\"name\":\"Parhaat bileet ja lippukauppa\",\"description\":\"Lippukauppa tapahtumille. J\u00e4rjest\u00e4j\u00e4lle ilmainen.\",\"publisher\":{\"@id\":\"https:\\\/\\\/www.parhaatbileet.fi\\\/lippukauppa\\\/#organization\"},\"potentialAction\":[{\"@type\":\"SearchAction\",\"target\":{\"@type\":\"EntryPoint\",\"urlTemplate\":\"https:\\\/\\\/www.parhaatbileet.fi\\\/lippukauppa\\\/?s={search_term_string}\"},\"query-input\":{\"@type\":\"PropertyValueSpecification\",\"valueRequired\":true,\"valueName\":\"search_term_string\"}}],\"inLanguage\":\"fi\"},{\"@type\":\"Organization\",\"@id\":\"https:\\\/\\\/www.parhaatbileet.fi\\\/lippukauppa\\\/#organization\",\"name\":\"Parhaat bileet\",\"url\":\"https:\\\/\\\/www.parhaatbileet.fi\\\/lippukauppa\\\/\",\"logo\":{\"@type\":\"ImageObject\",\"inLanguage\":\"fi\",\"@id\":\"https:\\\/\\\/www.parhaatbileet.fi\\\/lippukauppa\\\/#\\\/schema\\\/logo\\\/image\\\/\",\"url\":\"https:\\\/\\\/parhaatbileet.fi\\\/lippukauppa\\\/wp-content\\\/uploads\\\/2024\\\/08\\\/parhaat-bileet-dark-logo.png\",\"contentUrl\":\"https:\\\/\\\/parhaatbileet.fi\\\/lippukauppa\\\/wp-content\\\/uploads\\\/2024\\\/08\\\/parhaat-bileet-dark-logo.png\",\"width\":1500,\"height\":500,\"caption\":\"Parhaat bileet\"},\"image\":{\"@id\":\"https:\\\/\\\/www.parhaatbileet.fi\\\/lippukauppa\\\/#\\\/schema\\\/logo\\\/image\\\/\"}}]}<\/script>\n<!-- \/ Yoast SEO Premium plugin. -->","yoast_head_json":{"title":"Wild Fox Night Club Sy\u00f6te, Pudasj\u00e4rvi - PARHAATBILEET.FI","description":"Wild Fox Night Club on uusi Pudasj\u00e4rven Iso-Sy\u00f6tteelle lokakuussa 2024 avattu y\u00f6kerho ja tanssiravintola. Karaokea, keikkoja, tansseja.","robots":{"index":"index","follow":"follow","max-snippet":"max-snippet:-1","max-image-preview":"max-image-preview:large","max-video-preview":"max-video-preview:-1"},"canonical":"https:\/\/www.parhaatbileet.fi\/lippukauppa\/wildfox\/","og_locale":"fi_FI","og_type":"article","og_title":"Wild Fox Night Club","og_description":"Wild Fox Night Club on uusi Pudasj\u00e4rven Iso-Sy\u00f6tteelle lokakuussa 2024 avattu y\u00f6kerho ja tanssiravintola. Karaokea, keikkoja, tansseja.","og_url":"https:\/\/www.parhaatbileet.fi\/lippukauppa\/wildfox\/","og_site_name":"PARHAATBILEET.FI","article_modified_time":"2025-02-07T20:49:07+00:00","og_image":[{"width":1024,"height":1024,"url":"https:\/\/www.parhaatbileet.fi\/lippukauppa\/wp-content\/uploads\/2024\/09\/Wild_Fox.jpg","type":"image\/jpeg"}],"twitter_card":"summary_large_image","twitter_image":"https:\/\/www.parhaatbileet.fi\/lippukauppa\/wp-content\/uploads\/2024\/09\/Wild_Fox.jpg","twitter_misc":{"Arvioitu lukuaika":"2 minuuttia"},"schema":{"@context":"https:\/\/schema.org","@graph":[{"@type":"WebPage","@id":"https:\/\/www.parhaatbileet.fi\/lippukauppa\/wildfox\/","url":"https:\/\/www.parhaatbileet.fi\/lippukauppa\/wildfox\/","name":"Wild Fox Night Club Sy\u00f6te, Pudasj\u00e4rvi - PARHAATBILEET.FI","isPartOf":{"@id":"https:\/\/www.parhaatbileet.fi\/lippukauppa\/#website"},"primaryImageOfPage":{"@id":"https:\/\/www.parhaatbileet.fi\/lippukauppa\/wildfox\/#primaryimage"},"image":{"@id":"https:\/\/www.parhaatbileet.fi\/lippukauppa\/wildfox\/#primaryimage"},"thumbnailUrl":"https:\/\/parhaatbileet.fi\/lippukauppa\/wp-content\/uploads\/2024\/08\/parhaat-bileet-dark-logo-medium-300x100.png","datePublished":"2024-09-30T09:30:35+00:00","dateModified":"2025-02-07T20:49:07+00:00","description":"Wild Fox Night Club on uusi Pudasj\u00e4rven Iso-Sy\u00f6tteelle lokakuussa 2024 avattu y\u00f6kerho ja tanssiravintola. Karaokea, keikkoja, tansseja.","breadcrumb":{"@id":"https:\/\/www.parhaatbileet.fi\/lippukauppa\/wildfox\/#breadcrumb"},"inLanguage":"fi","potentialAction":[{"@type":"ReadAction","target":["https:\/\/www.parhaatbileet.fi\/lippukauppa\/wildfox\/"]}]},{"@type":"ImageObject","inLanguage":"fi","@id":"https:\/\/www.parhaatbileet.fi\/lippukauppa\/wildfox\/#primaryimage","url":"https:\/\/parhaatbileet.fi\/lippukauppa\/wp-content\/uploads\/2024\/08\/parhaat-bileet-dark-logo-medium-300x100.png","contentUrl":"https:\/\/parhaatbileet.fi\/lippukauppa\/wp-content\/uploads\/2024\/08\/parhaat-bileet-dark-logo-medium-300x100.png"},{"@type":"BreadcrumbList","@id":"https:\/\/www.parhaatbileet.fi\/lippukauppa\/wildfox\/#breadcrumb","itemListElement":[{"@type":"ListItem","position":1,"name":"Etusivu","item":"https:\/\/www.parhaatbileet.fi\/lippukauppa\/"},{"@type":"ListItem","position":2,"name":"Wild Fox Night Club"}]},{"@type":"WebSite","@id":"https:\/\/www.parhaatbileet.fi\/lippukauppa\/#website","url":"https:\/\/www.parhaatbileet.fi\/lippukauppa\/","name":"Parhaat bileet ja lippukauppa","description":"Lippukauppa tapahtumille. J\u00e4rjest\u00e4j\u00e4lle ilmainen.","publisher":{"@id":"https:\/\/www.parhaatbileet.fi\/lippukauppa\/#organization"},"potentialAction":[{"@type":"SearchAction","target":{"@type":"EntryPoint","urlTemplate":"https:\/\/www.parhaatbileet.fi\/lippukauppa\/?s={search_term_string}"},"query-input":{"@type":"PropertyValueSpecification","valueRequired":true,"valueName":"search_term_string"}}],"inLanguage":"fi"},{"@type":"Organization","@id":"https:\/\/www.parhaatbileet.fi\/lippukauppa\/#organization","name":"Parhaat bileet","url":"https:\/\/www.parhaatbileet.fi\/lippukauppa\/","logo":{"@type":"ImageObject","inLanguage":"fi","@id":"https:\/\/www.parhaatbileet.fi\/lippukauppa\/#\/schema\/logo\/image\/","url":"https:\/\/parhaatbileet.fi\/lippukauppa\/wp-content\/uploads\/2024\/08\/parhaat-bileet-dark-logo.png","contentUrl":"https:\/\/parhaatbileet.fi\/lippukauppa\/wp-content\/uploads\/2024\/08\/parhaat-bileet-dark-logo.png","width":1500,"height":500,"caption":"Parhaat bileet"},"image":{"@id":"https:\/\/www.parhaatbileet.fi\/lippukauppa\/#\/schema\/logo\/image\/"}}]}},"lang":"fi","translations":{"fi":13919},"pll_sync_post":{},"ticketed":false,"_links":{"self":[{"href":"https:\/\/www.parhaatbileet.fi\/lippukauppa\/wp-json\/wp\/v2\/pages\/13919","targetHints":{"allow":["GET"]}}],"collection":[{"href":"https:\/\/www.parhaatbileet.fi\/lippukauppa\/wp-json\/wp\/v2\/pages"}],"about":[{"href":"https:\/\/www.parhaatbileet.fi\/lippukauppa\/wp-json\/wp\/v2\/types\/page"}],"author":[{"embeddable":true,"href":"https:\/\/www.parhaatbileet.fi\/lippukauppa\/wp-json\/wp\/v2\/users\/2"}],"replies":[{"embeddable":true,"href":"https:\/\/www.parhaatbileet.fi\/lippukauppa\/wp-json\/wp\/v2\/comments?post=13919"}],"version-history":[{"count":48,"href":"https:\/\/www.parhaatbileet.fi\/lippukauppa\/wp-json\/wp\/v2\/pages\/13919\/revisions"}],"predecessor-version":[{"id":20482,"href":"https:\/\/www.parhaatbileet.fi\/lippukauppa\/wp-json\/wp\/v2\/pages\/13919\/revisions\/20482"}],"wp:attachment":[{"href":"https:\/\/www.parhaatbileet.fi\/lippukauppa\/wp-json\/wp\/v2\/media?parent=13919"}],"curies":[{"name":"wp","href":"https:\/\/api.w.org\/{rel}","templated":true}]}}